{"id":11410,"date":"2023-01-12T03:03:23","date_gmt":"2023-01-12T03:03:23","guid":{"rendered":"https:\/\/www.www.nailyuba.com\/%d0%b4%d0%b8%d0%b7%d0%b0%d0%b9%d0%bd-%d0%bd%d0%be%d0%b3%d1%82%d0%b5%d0%b9\/"},"modified":"2026-02-08T18:22:55","modified_gmt":"2026-02-08T18:22:55","slug":"dizayn-nogtey-atasehir-umraniye","status":"publish","type":"page","link":"https:\/\/www.nailyuba.com\/ru\/dizayn-nogtey-atasehir-umraniye\/","title":{"rendered":"\u0414\u0438\u0437\u0430\u0439\u043d \u043d\u043e\u0433\u0442\u0435\u0439"},"content":{"rendered":"\t\t<div data-elementor-type=\"wp-page\" data-elementor-id=\"11410\" class=\"elementor elementor-11410 elementor-9788\" data-elementor-post-type=\"page\">\n\t\t\t\t\t\t<section class=\"wd-negative-gap elementor-section elementor-top-section elementor-element elementor-element-04efaaf elementor-section-boxed elementor-section-height-default elementor-section-height-default\" data-id=\"04efaaf\" data-element_type=\"section\" data-e-type=\"section\">\n\t\t\t\t\t\t<div class=\"elementor-container elementor-column-gap-default\">\n\t\t\t\t\t<div class=\"elementor-column elementor-col-100 elementor-top-column elementor-element elementor-element-9a6250e\" data-id=\"9a6250e\" data-element_type=\"column\" data-e-type=\"column\">\n\t\t\t<div class=\"elementor-widget-wrap elementor-element-populated\">\n\t\t\t\t\t\t<div class=\"elementor-element elementor-element-2db1303 elementor-widget elementor-widget-heading\" data-id=\"2db1303\" data-element_type=\"widget\" data-e-type=\"widget\" data-widget_type=\"heading.default\">\n\t\t\t\t\t<h1 class=\"elementor-heading-title elementor-size-default\">\u0414\u0438\u0437\u0430\u0439\u043d \u043d\u043e\u0433\u0442\u0435\u0439<\/h1>\t\t\t\t<\/div>\n\t\t\t\t\t<\/div>\n\t\t<\/div>\n\t\t\t\t\t<\/div>\n\t\t<\/section>\n\t\t<div class=\"wd-negative-gap elementor-element elementor-element-8f6f7c2 e-flex e-con-boxed e-con e-parent\" data-id=\"8f6f7c2\" data-element_type=\"container\" data-e-type=\"container\">\n\t\t\t\t\t<div class=\"e-con-inner\">\n\t\t\t\t<div class=\"elementor-element elementor-element-dc3be62 elementor-widget elementor-widget-gallery\" data-id=\"dc3be62\" data-element_type=\"widget\" data-e-type=\"widget\" data-settings=\"{&quot;gallery_layout&quot;:&quot;masonry&quot;,&quot;lazyload&quot;:&quot;yes&quot;,&quot;columns&quot;:4,&quot;columns_tablet&quot;:2,&quot;columns_mobile&quot;:1,&quot;gap&quot;:{&quot;unit&quot;:&quot;px&quot;,&quot;size&quot;:10,&quot;sizes&quot;:[]},&quot;gap_tablet&quot;:{&quot;unit&quot;:&quot;px&quot;,&quot;size&quot;:10,&quot;sizes&quot;:[]},&quot;gap_mobile&quot;:{&quot;unit&quot;:&quot;px&quot;,&quot;size&quot;:10,&quot;sizes&quot;:[]},&quot;overlay_background&quot;:&quot;yes&quot;,&quot;content_hover_animation&quot;:&quot;fade-in&quot;}\" data-widget_type=\"gallery.default\">\n\t\t\t\t\t\t\t<div class=\"elementor-gallery__container\">\n\t\t\t\t\t\t\t<div class=\"e-gallery-item elementor-gallery-item elementor-animated-content\">\n\t\t\t\t\t<div class=\"e-gallery-image elementor-gallery-item__image\" data-thumbnail=\"https:\/\/www.nailyuba.com\/wp-content\/uploads\/2025\/07\/dizayn-nogtey-2.webp\" data-width=\"1440\" data-height=\"1800\" aria-label=\"\" role=\"img\" ><\/div>\n\t\t\t\t\t\t\t\t\t\t\t<div class=\"elementor-gallery-item__overlay\"><\/div>\n\t\t\t\t\t\t\t\t\t\t\t\t\t\t<\/div>\n\t\t\t\t\t\t\t<div class=\"e-gallery-item elementor-gallery-item elementor-animated-content\">\n\t\t\t\t\t<div class=\"e-gallery-image elementor-gallery-item__image\" data-thumbnail=\"https:\/\/www.nailyuba.com\/wp-content\/uploads\/2025\/07\/dizayn-nogtey-9.webp\" data-width=\"1440\" data-height=\"1793\" aria-label=\"\" role=\"img\" ><\/div>\n\t\t\t\t\t\t\t\t\t\t\t<div class=\"elementor-gallery-item__overlay\"><\/div>\n\t\t\t\t\t\t\t\t\t\t\t\t\t\t<\/div>\n\t\t\t\t\t\t\t<div class=\"e-gallery-item elementor-gallery-item elementor-animated-content\">\n\t\t\t\t\t<div class=\"e-gallery-image elementor-gallery-item__image\" data-thumbnail=\"https:\/\/www.nailyuba.com\/wp-content\/uploads\/2025\/07\/dizayn-nogtey-1.webp\" data-width=\"1440\" data-height=\"1800\" aria-label=\"\" role=\"img\" ><\/div>\n\t\t\t\t\t\t\t\t\t\t\t<div class=\"elementor-gallery-item__overlay\"><\/div>\n\t\t\t\t\t\t\t\t\t\t\t\t\t\t<\/div>\n\t\t\t\t\t\t\t<div class=\"e-gallery-item elementor-gallery-item elementor-animated-content\">\n\t\t\t\t\t<div class=\"e-gallery-image elementor-gallery-item__image\" data-thumbnail=\"https:\/\/www.nailyuba.com\/wp-content\/uploads\/2025\/07\/dizayn-nogtey-10.webp\" data-width=\"1440\" data-height=\"1082\" aria-label=\"\" role=\"img\" ><\/div>\n\t\t\t\t\t\t\t\t\t\t\t<div class=\"elementor-gallery-item__overlay\"><\/div>\n\t\t\t\t\t\t\t\t\t\t\t\t\t\t<\/div>\n\t\t\t\t\t\t\t<div class=\"e-gallery-item elementor-gallery-item elementor-animated-content\">\n\t\t\t\t\t<div class=\"e-gallery-image elementor-gallery-item__image\" data-thumbnail=\"https:\/\/www.nailyuba.com\/wp-content\/uploads\/2025\/07\/dizayn-nogtey-3.webp\" data-width=\"1440\" data-height=\"1800\" aria-label=\"\" role=\"img\" ><\/div>\n\t\t\t\t\t\t\t\t\t\t\t<div class=\"elementor-gallery-item__overlay\"><\/div>\n\t\t\t\t\t\t\t\t\t\t\t\t\t\t<\/div>\n\t\t\t\t\t\t\t<div class=\"e-gallery-item elementor-gallery-item elementor-animated-content\">\n\t\t\t\t\t<div class=\"e-gallery-image elementor-gallery-item__image\" data-thumbnail=\"https:\/\/www.nailyuba.com\/wp-content\/uploads\/2025\/07\/dizayn-nogtey-5.webp\" data-width=\"1440\" data-height=\"1800\" aria-label=\"\" role=\"img\" ><\/div>\n\t\t\t\t\t\t\t\t\t\t\t<div class=\"elementor-gallery-item__overlay\"><\/div>\n\t\t\t\t\t\t\t\t\t\t\t\t\t\t<\/div>\n\t\t\t\t\t\t\t<div class=\"e-gallery-item elementor-gallery-item elementor-animated-content\">\n\t\t\t\t\t<div class=\"e-gallery-image elementor-gallery-item__image\" data-thumbnail=\"https:\/\/www.nailyuba.com\/wp-content\/uploads\/2025\/07\/dizayn-nogtey-11.webp\" data-width=\"1440\" data-height=\"1800\" aria-label=\"\" role=\"img\" ><\/div>\n\t\t\t\t\t\t\t\t\t\t\t<div class=\"elementor-gallery-item__overlay\"><\/div>\n\t\t\t\t\t\t\t\t\t\t\t\t\t\t<\/div>\n\t\t\t\t\t\t\t<div class=\"e-gallery-item elementor-gallery-item elementor-animated-content\">\n\t\t\t\t\t<div class=\"e-gallery-image elementor-gallery-item__image\" data-thumbnail=\"https:\/\/www.nailyuba.com\/wp-content\/uploads\/2025\/07\/dizayn-nogtey-4.webp\" data-width=\"1440\" data-height=\"1440\" aria-label=\"\u00dcmraniye de profesyonel nail art\" role=\"img\" ><\/div>\n\t\t\t\t\t\t\t\t\t\t\t<div class=\"elementor-gallery-item__overlay\"><\/div>\n\t\t\t\t\t\t\t\t\t\t\t\t\t\t<\/div>\n\t\t\t\t\t\t\t<div class=\"e-gallery-item elementor-gallery-item elementor-animated-content\">\n\t\t\t\t\t<div class=\"e-gallery-image elementor-gallery-item__image\" data-thumbnail=\"https:\/\/www.nailyuba.com\/wp-content\/uploads\/2025\/07\/dizayn-nogtey-6.webp\" data-width=\"1440\" data-height=\"1800\" aria-label=\"\" role=\"img\" ><\/div>\n\t\t\t\t\t\t\t\t\t\t\t<div class=\"elementor-gallery-item__overlay\"><\/div>\n\t\t\t\t\t\t\t\t\t\t\t\t\t\t<\/div>\n\t\t\t\t\t\t\t<div class=\"e-gallery-item elementor-gallery-item elementor-animated-content\">\n\t\t\t\t\t<div class=\"e-gallery-image elementor-gallery-item__image\" data-thumbnail=\"https:\/\/www.nailyuba.com\/wp-content\/uploads\/2025\/07\/dizayn-nogtey-7.webp\" data-width=\"1440\" data-height=\"1800\" aria-label=\"\" role=\"img\" ><\/div>\n\t\t\t\t\t\t\t\t\t\t\t<div class=\"elementor-gallery-item__overlay\"><\/div>\n\t\t\t\t\t\t\t\t\t\t\t\t\t\t<\/div>\n\t\t\t\t\t\t\t<div class=\"e-gallery-item elementor-gallery-item elementor-animated-content\">\n\t\t\t\t\t<div class=\"e-gallery-image elementor-gallery-item__image\" data-thumbnail=\"https:\/\/www.nailyuba.com\/wp-content\/uploads\/2025\/07\/dizayn-nogtey-8.webp\" data-width=\"2048\" data-height=\"2048\" aria-label=\"\" role=\"img\" ><\/div>\n\t\t\t\t\t\t\t\t\t\t\t<div class=\"elementor-gallery-item__overlay\"><\/div>\n\t\t\t\t\t\t\t\t\t\t\t\t\t\t<\/div>\n\t\t\t\t\t<\/div>\n\t\t\t\t\t<\/div>\n\t\t\t\t\t<\/div>\n\t\t\t\t<\/div>\n\t\t\t\t<\/div>\n\t\t","protected":false},"excerpt":{"rendered":"<p>\u0414\u0438\u0437\u0430\u0439\u043d \u043d\u043e\u0433\u0442\u0435\u0439<\/p>\n","protected":false},"author":1,"featured_media":0,"parent":0,"menu_order":0,"comment_status":"closed","ping_status":"closed","template":"elementor_header_footer","meta":{"footnotes":""},"class_list":["post-11410","page","type-page","status-publish","hentry"],"yoast_head":"<!-- This site is optimized with the Yoast SEO Premium plugin v27.3 (Yoast SEO v27.5) - https:\/\/yoast.com\/product\/yoast-seo-premium-wordpress\/ -->\n<title>\u0414\u0438\u0437\u0430\u0439\u043d \u041d\u043e\u0433\u0442\u0435\u0439 (\u043d\u0435\u0439\u043b-\u0430\u0440\u0442) | \u0410\u0442\u0430\u0448\u0435\u0445\u0438\u0440 \u0438 \u0423\u043c\u0440\u0430\u043d\u0438\u0435 | NaiLyuba<\/title>\n<meta name=\"description\" content=\"\u0410\u0432\u0442\u043e\u0440\u0441\u043a\u0438\u0439 \u0434\u0438\u0437\u0430\u0439\u043d \u043d\u043e\u0433\u0442\u0435\u0439 \u043e\u0442 \u0440\u0443\u0441\u0441\u043a\u0438\u0445 \u043c\u0430\u0441\u0442\u0435\u0440\u043e\u0432 \u0432 \u0410\u0442\u0430\u0448\u0435\u0445\u0438\u0440\u0435 \u0438 \u0423\u043c\u0440\u0430\u043d\u0438\u0435. \u041f\u043e\u0434\u0447\u0435\u0440\u043a\u043d\u0438\u0442\u0435 \u0441\u0432\u043e\u0439 \u0441\u0442\u0438\u043b\u044c \u0441 NaiLyuba! \u0417\u0430\u043f\u0438\u0448\u0438\u0442\u0435\u0441\u044c \u043d\u0430 \u0440\u043e\u0441\u043f\u0438\u0441\u044c \u0441\u0435\u0439\u0447\u0430\u0441.\" \/>\n<meta name=\"robots\" content=\"index, follow, max-snippet:-1, max-image-preview:large, max-video-preview:-1\" \/>\n<link rel=\"canonical\" href=\"https:\/\/www.nailyuba.com\/ru\/dizayn-nogtey-atasehir-umraniye\/\" \/>\n<meta property=\"og:locale\" content=\"ru_RU\" \/>\n<meta property=\"og:type\" content=\"article\" \/>\n<meta property=\"og:title\" content=\"\u0414\u0438\u0437\u0430\u0439\u043d \u043d\u043e\u0433\u0442\u0435\u0439\" \/>\n<meta property=\"og:description\" content=\"\u0410\u0432\u0442\u043e\u0440\u0441\u043a\u0438\u0439 \u0434\u0438\u0437\u0430\u0439\u043d \u043d\u043e\u0433\u0442\u0435\u0439 \u043e\u0442 \u0440\u0443\u0441\u0441\u043a\u0438\u0445 \u043c\u0430\u0441\u0442\u0435\u0440\u043e\u0432 \u0432 \u0410\u0442\u0430\u0448\u0435\u0445\u0438\u0440\u0435 \u0438 \u0423\u043c\u0440\u0430\u043d\u0438\u0435. \u041f\u043e\u0434\u0447\u0435\u0440\u043a\u043d\u0438\u0442\u0435 \u0441\u0432\u043e\u0439 \u0441\u0442\u0438\u043b\u044c \u0441 NaiLyuba! \u0417\u0430\u043f\u0438\u0448\u0438\u0442\u0435\u0441\u044c \u043d\u0430 \u0440\u043e\u0441\u043f\u0438\u0441\u044c \u0441\u0435\u0439\u0447\u0430\u0441.\" \/>\n<meta property=\"og:url\" content=\"https:\/\/www.nailyuba.com\/ru\/dizayn-nogtey-atasehir-umraniye\/\" \/>\n<meta property=\"og:site_name\" content=\"Nailyuba | Ata\u015fehir Protez ve Jel T\u0131rnak Merkezi\" \/>\n<meta property=\"article:publisher\" content=\"https:\/\/www.facebook.com\/NaiLyuba\/\" \/>\n<meta property=\"article:modified_time\" content=\"2026-02-08T18:22:55+00:00\" \/>\n<meta name=\"twitter:card\" content=\"summary_large_image\" \/>\n<meta name=\"twitter:site\" content=\"@nailyuba\" \/>\n<meta name=\"twitter:label1\" content=\"\u041f\u0440\u0438\u043c\u0435\u0440\u043d\u043e\u0435 \u0432\u0440\u0435\u043c\u044f \u0434\u043b\u044f \u0447\u0442\u0435\u043d\u0438\u044f\" \/>\n\t<meta name=\"twitter:data1\" content=\"1 \u043c\u0438\u043d\u0443\u0442\u0430\" \/>\n<script type=\"application\/ld+json\" class=\"yoast-schema-graph\">{\"@context\":\"https:\\\/\\\/schema.org\",\"@graph\":[{\"@type\":[\"Article\",\"BlogPosting\"],\"@id\":\"https:\\\/\\\/www.nailyuba.com\\\/ru\\\/dizayn-nogtey-atasehir-umraniye\\\/#article\",\"isPartOf\":{\"@id\":\"https:\\\/\\\/www.nailyuba.com\\\/ru\\\/dizayn-nogtey-atasehir-umraniye\\\/\"},\"author\":{\"name\":\"Lyuba Tchernova\",\"@id\":\"https:\\\/\\\/www.nailyuba.com\\\/ru\\\/#\\\/schema\\\/person\\\/71645f095db3afed319a637579afa259\"},\"headline\":\"\u0414\u0438\u0437\u0430\u0439\u043d \u043d\u043e\u0433\u0442\u0435\u0439\",\"datePublished\":\"2023-01-12T03:03:23+00:00\",\"dateModified\":\"2026-02-08T18:22:55+00:00\",\"mainEntityOfPage\":{\"@id\":\"https:\\\/\\\/www.nailyuba.com\\\/ru\\\/dizayn-nogtey-atasehir-umraniye\\\/\"},\"wordCount\":4,\"publisher\":{\"@id\":\"https:\\\/\\\/www.nailyuba.com\\\/ru\\\/#organization\"},\"inLanguage\":\"ru-RU\"},{\"@type\":\"WebPage\",\"@id\":\"https:\\\/\\\/www.nailyuba.com\\\/ru\\\/dizayn-nogtey-atasehir-umraniye\\\/\",\"url\":\"https:\\\/\\\/www.nailyuba.com\\\/ru\\\/dizayn-nogtey-atasehir-umraniye\\\/\",\"name\":\"\u0414\u0438\u0437\u0430\u0439\u043d \u041d\u043e\u0433\u0442\u0435\u0439 (\u043d\u0435\u0439\u043b-\u0430\u0440\u0442) | \u0410\u0442\u0430\u0448\u0435\u0445\u0438\u0440 \u0438 \u0423\u043c\u0440\u0430\u043d\u0438\u0435 | NaiLyuba\",\"isPartOf\":{\"@id\":\"https:\\\/\\\/www.nailyuba.com\\\/ru\\\/#website\"},\"datePublished\":\"2023-01-12T03:03:23+00:00\",\"dateModified\":\"2026-02-08T18:22:55+00:00\",\"description\":\"\u0410\u0432\u0442\u043e\u0440\u0441\u043a\u0438\u0439 \u0434\u0438\u0437\u0430\u0439\u043d \u043d\u043e\u0433\u0442\u0435\u0439 \u043e\u0442 \u0440\u0443\u0441\u0441\u043a\u0438\u0445 \u043c\u0430\u0441\u0442\u0435\u0440\u043e\u0432 \u0432 \u0410\u0442\u0430\u0448\u0435\u0445\u0438\u0440\u0435 \u0438 \u0423\u043c\u0440\u0430\u043d\u0438\u0435. \u041f\u043e\u0434\u0447\u0435\u0440\u043a\u043d\u0438\u0442\u0435 \u0441\u0432\u043e\u0439 \u0441\u0442\u0438\u043b\u044c \u0441 NaiLyuba! \u0417\u0430\u043f\u0438\u0448\u0438\u0442\u0435\u0441\u044c \u043d\u0430 \u0440\u043e\u0441\u043f\u0438\u0441\u044c \u0441\u0435\u0439\u0447\u0430\u0441.\",\"breadcrumb\":{\"@id\":\"https:\\\/\\\/www.nailyuba.com\\\/ru\\\/dizayn-nogtey-atasehir-umraniye\\\/#breadcrumb\"},\"inLanguage\":\"ru-RU\",\"potentialAction\":[{\"@type\":\"ReadAction\",\"target\":[\"https:\\\/\\\/www.nailyuba.com\\\/ru\\\/dizayn-nogtey-atasehir-umraniye\\\/\"]}]},{\"@type\":\"BreadcrumbList\",\"@id\":\"https:\\\/\\\/www.nailyuba.com\\\/ru\\\/dizayn-nogtey-atasehir-umraniye\\\/#breadcrumb\",\"itemListElement\":[{\"@type\":\"ListItem\",\"position\":1,\"name\":\"Anasayfa\",\"item\":\"https:\\\/\\\/www.nailyuba.com\\\/ru\\\/\"},{\"@type\":\"ListItem\",\"position\":2,\"name\":\"\u0414\u0438\u0437\u0430\u0439\u043d \u043d\u043e\u0433\u0442\u0435\u0439\"}]},{\"@type\":\"WebSite\",\"@id\":\"https:\\\/\\\/www.nailyuba.com\\\/ru\\\/#website\",\"url\":\"https:\\\/\\\/www.nailyuba.com\\\/ru\\\/\",\"name\":\"Nailyuba | Ata\u015fehir Protez ve Jel T\u0131rnak Merkezi\",\"description\":\"T\u0131rnak Sanat\u0131\",\"publisher\":{\"@id\":\"https:\\\/\\\/www.nailyuba.com\\\/ru\\\/#organization\"},\"potentialAction\":[{\"@type\":\"SearchAction\",\"target\":{\"@type\":\"EntryPoint\",\"urlTemplate\":\"https:\\\/\\\/www.nailyuba.com\\\/ru\\\/?s={search_term_string}\"},\"query-input\":{\"@type\":\"PropertyValueSpecification\",\"valueRequired\":true,\"valueName\":\"search_term_string\"}}],\"inLanguage\":\"ru-RU\"},{\"@type\":\"Organization\",\"@id\":\"https:\\\/\\\/www.nailyuba.com\\\/ru\\\/#organization\",\"name\":\"Nailyuba\",\"alternateName\":\"NaiLyuba\",\"url\":\"https:\\\/\\\/www.nailyuba.com\\\/ru\\\/\",\"logo\":{\"@type\":\"ImageObject\",\"inLanguage\":\"ru-RU\",\"@id\":\"https:\\\/\\\/www.nailyuba.com\\\/ru\\\/#\\\/schema\\\/logo\\\/image\\\/\",\"url\":\"https:\\\/\\\/www.nailyuba.com\\\/wp-content\\\/uploads\\\/2026\\\/01\\\/cropped-nailyuba.png\",\"contentUrl\":\"https:\\\/\\\/www.nailyuba.com\\\/wp-content\\\/uploads\\\/2026\\\/01\\\/cropped-nailyuba.png\",\"width\":512,\"height\":512,\"caption\":\"Nailyuba\"},\"image\":{\"@id\":\"https:\\\/\\\/www.nailyuba.com\\\/ru\\\/#\\\/schema\\\/logo\\\/image\\\/\"},\"sameAs\":[\"https:\\\/\\\/www.facebook.com\\\/NaiLyuba\\\/\",\"https:\\\/\\\/x.com\\\/nailyuba\",\"https:\\\/\\\/www.instagram.com\\\/nailyuba\\\/\",\"https:\\\/\\\/www.youtube.com\\\/channel\\\/UC1awlGOzpUbufxnVj2ga-OQ\",\"https:\\\/\\\/www.tiktok.com\\\/@nailyuba\",\"https:\\\/\\\/www.linkedin.com\\\/company\\\/nailyuba\\\/about\\\/\"],\"foundingDate\":\"2020-02-27\"},{\"@type\":\"Person\",\"@id\":\"https:\\\/\\\/www.nailyuba.com\\\/ru\\\/#\\\/schema\\\/person\\\/71645f095db3afed319a637579afa259\",\"name\":\"Lyuba Tchernova\",\"description\":\"Lyuba Tchernova, 2010 y\u0131l\u0131ndan bu yana t\u0131rnak sa\u011fl\u0131\u011f\u0131 ve medikal estetik alan\u0131nda uzmanla\u015fm\u0131\u015f, uluslararas\u0131 sertifikal\u0131 bir Usta \u00d6\u011freticidir. Kad\u0131k\u00f6y \u015eifa Hastanesi'nde edindi\u011fi medikal sterilizasyon disiplinini, Rusya ve Ukrayna'da ald\u0131\u011f\u0131 Master Class (Russian School) e\u011fitimleriyle birle\u015ftirerek 2020'de Ata\u015fehir'deki Nailyuba T\u0131rnak Sanat\u0131 Merkezi'ni kurmu\u015ftur. Podoloji tabanl\u0131 medikal bak\u0131m ve ileri seviye t\u0131rnak kimyas\u0131 alanlar\u0131nda sekt\u00f6r otoritelerinden biridir.\",\"sameAs\":[\"https:\\\/\\\/www.nailyuba.com\"],\"honorificPrefix\":\"Usta \u00d6\u011fretici\",\"gender\":\"kad\u0131n\",\"award\":[\"Usta \u00d6\u011freticilik Belgesi (2017)\",\"Uluslararas\u0131 Master Class Sertifikas\u0131\"],\"knowsAbout\":[\"Medikal Ayak Bak\u0131m\u0131 (Podoloji)\",\"Protez ve Jel T\u0131rnak Kimyas\u0131\",\"Rus Tekni\u011fi (Russian Manicure)\",\"Dipping T\u0131rnak\",\"Kombi Manik\u00fcr\"],\"knowsLanguage\":[\"T\u00fcrk\u00e7e\",\"Rus\u00e7a\",\"\u0130ngilizce\"],\"jobTitle\":\"Kurucu ve Master E\u011fitmen\",\"worksFor\":\"NaiLyuba Ata\u015fehir Protez Jel T\u0131rnak Kal\u0131c\u0131 Oje Salonu\"}]}<\/script>\n<!-- \/ Yoast SEO Premium plugin. -->","yoast_head_json":{"title":"\u0414\u0438\u0437\u0430\u0439\u043d \u041d\u043e\u0433\u0442\u0435\u0439 (\u043d\u0435\u0439\u043b-\u0430\u0440\u0442) | \u0410\u0442\u0430\u0448\u0435\u0445\u0438\u0440 \u0438 \u0423\u043c\u0440\u0430\u043d\u0438\u0435 | NaiLyuba","description":"\u0410\u0432\u0442\u043e\u0440\u0441\u043a\u0438\u0439 \u0434\u0438\u0437\u0430\u0439\u043d \u043d\u043e\u0433\u0442\u0435\u0439 \u043e\u0442 \u0440\u0443\u0441\u0441\u043a\u0438\u0445 \u043c\u0430\u0441\u0442\u0435\u0440\u043e\u0432 \u0432 \u0410\u0442\u0430\u0448\u0435\u0445\u0438\u0440\u0435 \u0438 \u0423\u043c\u0440\u0430\u043d\u0438\u0435. \u041f\u043e\u0434\u0447\u0435\u0440\u043a\u043d\u0438\u0442\u0435 \u0441\u0432\u043e\u0439 \u0441\u0442\u0438\u043b\u044c \u0441 NaiLyuba! \u0417\u0430\u043f\u0438\u0448\u0438\u0442\u0435\u0441\u044c \u043d\u0430 \u0440\u043e\u0441\u043f\u0438\u0441\u044c \u0441\u0435\u0439\u0447\u0430\u0441.","robots":{"index":"index","follow":"follow","max-snippet":"max-snippet:-1","max-image-preview":"max-image-preview:large","max-video-preview":"max-video-preview:-1"},"canonical":"https:\/\/www.nailyuba.com\/ru\/dizayn-nogtey-atasehir-umraniye\/","og_locale":"ru_RU","og_type":"article","og_title":"\u0414\u0438\u0437\u0430\u0439\u043d \u043d\u043e\u0433\u0442\u0435\u0439","og_description":"\u0410\u0432\u0442\u043e\u0440\u0441\u043a\u0438\u0439 \u0434\u0438\u0437\u0430\u0439\u043d \u043d\u043e\u0433\u0442\u0435\u0439 \u043e\u0442 \u0440\u0443\u0441\u0441\u043a\u0438\u0445 \u043c\u0430\u0441\u0442\u0435\u0440\u043e\u0432 \u0432 \u0410\u0442\u0430\u0448\u0435\u0445\u0438\u0440\u0435 \u0438 \u0423\u043c\u0440\u0430\u043d\u0438\u0435. \u041f\u043e\u0434\u0447\u0435\u0440\u043a\u043d\u0438\u0442\u0435 \u0441\u0432\u043e\u0439 \u0441\u0442\u0438\u043b\u044c \u0441 NaiLyuba! \u0417\u0430\u043f\u0438\u0448\u0438\u0442\u0435\u0441\u044c \u043d\u0430 \u0440\u043e\u0441\u043f\u0438\u0441\u044c \u0441\u0435\u0439\u0447\u0430\u0441.","og_url":"https:\/\/www.nailyuba.com\/ru\/dizayn-nogtey-atasehir-umraniye\/","og_site_name":"Nailyuba | Ata\u015fehir Protez ve Jel T\u0131rnak Merkezi","article_publisher":"https:\/\/www.facebook.com\/NaiLyuba\/","article_modified_time":"2026-02-08T18:22:55+00:00","twitter_card":"summary_large_image","twitter_site":"@nailyuba","twitter_misc":{"\u041f\u0440\u0438\u043c\u0435\u0440\u043d\u043e\u0435 \u0432\u0440\u0435\u043c\u044f \u0434\u043b\u044f \u0447\u0442\u0435\u043d\u0438\u044f":"1 \u043c\u0438\u043d\u0443\u0442\u0430"},"schema":{"@context":"https:\/\/schema.org","@graph":[{"@type":["Article","BlogPosting"],"@id":"https:\/\/www.nailyuba.com\/ru\/dizayn-nogtey-atasehir-umraniye\/#article","isPartOf":{"@id":"https:\/\/www.nailyuba.com\/ru\/dizayn-nogtey-atasehir-umraniye\/"},"author":{"name":"Lyuba Tchernova","@id":"https:\/\/www.nailyuba.com\/ru\/#\/schema\/person\/71645f095db3afed319a637579afa259"},"headline":"\u0414\u0438\u0437\u0430\u0439\u043d \u043d\u043e\u0433\u0442\u0435\u0439","datePublished":"2023-01-12T03:03:23+00:00","dateModified":"2026-02-08T18:22:55+00:00","mainEntityOfPage":{"@id":"https:\/\/www.nailyuba.com\/ru\/dizayn-nogtey-atasehir-umraniye\/"},"wordCount":4,"publisher":{"@id":"https:\/\/www.nailyuba.com\/ru\/#organization"},"inLanguage":"ru-RU"},{"@type":"WebPage","@id":"https:\/\/www.nailyuba.com\/ru\/dizayn-nogtey-atasehir-umraniye\/","url":"https:\/\/www.nailyuba.com\/ru\/dizayn-nogtey-atasehir-umraniye\/","name":"\u0414\u0438\u0437\u0430\u0439\u043d \u041d\u043e\u0433\u0442\u0435\u0439 (\u043d\u0435\u0439\u043b-\u0430\u0440\u0442) | \u0410\u0442\u0430\u0448\u0435\u0445\u0438\u0440 \u0438 \u0423\u043c\u0440\u0430\u043d\u0438\u0435 | NaiLyuba","isPartOf":{"@id":"https:\/\/www.nailyuba.com\/ru\/#website"},"datePublished":"2023-01-12T03:03:23+00:00","dateModified":"2026-02-08T18:22:55+00:00","description":"\u0410\u0432\u0442\u043e\u0440\u0441\u043a\u0438\u0439 \u0434\u0438\u0437\u0430\u0439\u043d \u043d\u043e\u0433\u0442\u0435\u0439 \u043e\u0442 \u0440\u0443\u0441\u0441\u043a\u0438\u0445 \u043c\u0430\u0441\u0442\u0435\u0440\u043e\u0432 \u0432 \u0410\u0442\u0430\u0448\u0435\u0445\u0438\u0440\u0435 \u0438 \u0423\u043c\u0440\u0430\u043d\u0438\u0435. \u041f\u043e\u0434\u0447\u0435\u0440\u043a\u043d\u0438\u0442\u0435 \u0441\u0432\u043e\u0439 \u0441\u0442\u0438\u043b\u044c \u0441 NaiLyuba! \u0417\u0430\u043f\u0438\u0448\u0438\u0442\u0435\u0441\u044c \u043d\u0430 \u0440\u043e\u0441\u043f\u0438\u0441\u044c \u0441\u0435\u0439\u0447\u0430\u0441.","breadcrumb":{"@id":"https:\/\/www.nailyuba.com\/ru\/dizayn-nogtey-atasehir-umraniye\/#breadcrumb"},"inLanguage":"ru-RU","potentialAction":[{"@type":"ReadAction","target":["https:\/\/www.nailyuba.com\/ru\/dizayn-nogtey-atasehir-umraniye\/"]}]},{"@type":"BreadcrumbList","@id":"https:\/\/www.nailyuba.com\/ru\/dizayn-nogtey-atasehir-umraniye\/#breadcrumb","itemListElement":[{"@type":"ListItem","position":1,"name":"Anasayfa","item":"https:\/\/www.nailyuba.com\/ru\/"},{"@type":"ListItem","position":2,"name":"\u0414\u0438\u0437\u0430\u0439\u043d \u043d\u043e\u0433\u0442\u0435\u0439"}]},{"@type":"WebSite","@id":"https:\/\/www.nailyuba.com\/ru\/#website","url":"https:\/\/www.nailyuba.com\/ru\/","name":"Nailyuba | Ata\u015fehir Protez ve Jel T\u0131rnak Merkezi","description":"T\u0131rnak Sanat\u0131","publisher":{"@id":"https:\/\/www.nailyuba.com\/ru\/#organization"},"potentialAction":[{"@type":"SearchAction","target":{"@type":"EntryPoint","urlTemplate":"https:\/\/www.nailyuba.com\/ru\/?s={search_term_string}"},"query-input":{"@type":"PropertyValueSpecification","valueRequired":true,"valueName":"search_term_string"}}],"inLanguage":"ru-RU"},{"@type":"Organization","@id":"https:\/\/www.nailyuba.com\/ru\/#organization","name":"Nailyuba","alternateName":"NaiLyuba","url":"https:\/\/www.nailyuba.com\/ru\/","logo":{"@type":"ImageObject","inLanguage":"ru-RU","@id":"https:\/\/www.nailyuba.com\/ru\/#\/schema\/logo\/image\/","url":"https:\/\/www.nailyuba.com\/wp-content\/uploads\/2026\/01\/cropped-nailyuba.png","contentUrl":"https:\/\/www.nailyuba.com\/wp-content\/uploads\/2026\/01\/cropped-nailyuba.png","width":512,"height":512,"caption":"Nailyuba"},"image":{"@id":"https:\/\/www.nailyuba.com\/ru\/#\/schema\/logo\/image\/"},"sameAs":["https:\/\/www.facebook.com\/NaiLyuba\/","https:\/\/x.com\/nailyuba","https:\/\/www.instagram.com\/nailyuba\/","https:\/\/www.youtube.com\/channel\/UC1awlGOzpUbufxnVj2ga-OQ","https:\/\/www.tiktok.com\/@nailyuba","https:\/\/www.linkedin.com\/company\/nailyuba\/about\/"],"foundingDate":"2020-02-27"},{"@type":"Person","@id":"https:\/\/www.nailyuba.com\/ru\/#\/schema\/person\/71645f095db3afed319a637579afa259","name":"Lyuba Tchernova","description":"Lyuba Tchernova, 2010 y\u0131l\u0131ndan bu yana t\u0131rnak sa\u011fl\u0131\u011f\u0131 ve medikal estetik alan\u0131nda uzmanla\u015fm\u0131\u015f, uluslararas\u0131 sertifikal\u0131 bir Usta \u00d6\u011freticidir. Kad\u0131k\u00f6y \u015eifa Hastanesi'nde edindi\u011fi medikal sterilizasyon disiplinini, Rusya ve Ukrayna'da ald\u0131\u011f\u0131 Master Class (Russian School) e\u011fitimleriyle birle\u015ftirerek 2020'de Ata\u015fehir'deki Nailyuba T\u0131rnak Sanat\u0131 Merkezi'ni kurmu\u015ftur. Podoloji tabanl\u0131 medikal bak\u0131m ve ileri seviye t\u0131rnak kimyas\u0131 alanlar\u0131nda sekt\u00f6r otoritelerinden biridir.","sameAs":["https:\/\/www.nailyuba.com"],"honorificPrefix":"Usta \u00d6\u011fretici","gender":"kad\u0131n","award":["Usta \u00d6\u011freticilik Belgesi (2017)","Uluslararas\u0131 Master Class Sertifikas\u0131"],"knowsAbout":["Medikal Ayak Bak\u0131m\u0131 (Podoloji)","Protez ve Jel T\u0131rnak Kimyas\u0131","Rus Tekni\u011fi (Russian Manicure)","Dipping T\u0131rnak","Kombi Manik\u00fcr"],"knowsLanguage":["T\u00fcrk\u00e7e","Rus\u00e7a","\u0130ngilizce"],"jobTitle":"Kurucu ve Master E\u011fitmen","worksFor":"NaiLyuba Ata\u015fehir Protez Jel T\u0131rnak Kal\u0131c\u0131 Oje Salonu"}]}},"_links":{"self":[{"href":"https:\/\/www.nailyuba.com\/ru\/wp-json\/wp\/v2\/pages\/11410","targetHints":{"allow":["GET"]}}],"collection":[{"href":"https:\/\/www.nailyuba.com\/ru\/wp-json\/wp\/v2\/pages"}],"about":[{"href":"https:\/\/www.nailyuba.com\/ru\/wp-json\/wp\/v2\/types\/page"}],"author":[{"embeddable":true,"href":"https:\/\/www.nailyuba.com\/ru\/wp-json\/wp\/v2\/users\/1"}],"replies":[{"embeddable":true,"href":"https:\/\/www.nailyuba.com\/ru\/wp-json\/wp\/v2\/comments?post=11410"}],"version-history":[{"count":7,"href":"https:\/\/www.nailyuba.com\/ru\/wp-json\/wp\/v2\/pages\/11410\/revisions"}],"predecessor-version":[{"id":30922,"href":"https:\/\/www.nailyuba.com\/ru\/wp-json\/wp\/v2\/pages\/11410\/revisions\/30922"}],"wp:attachment":[{"href":"https:\/\/www.nailyuba.com\/ru\/wp-json\/wp\/v2\/media?parent=11410"}],"curies":[{"name":"wp","href":"https:\/\/api.w.org\/{rel}","templated":true}]}}