{"id":11386,"date":"2023-01-04T16:52:20","date_gmt":"2023-01-04T16:52:20","guid":{"rendered":"https:\/\/www.www.nailyuba.com\/%d0%be%d0%b1%d1%83%d1%87%d0%b5%d0%bd%d0%b8%d0%b5-%d0%bf%d0%b5%d0%b4%d0%b8%d0%ba%d1%8e%d1%80%d1%83\/"},"modified":"2025-07-05T18:47:00","modified_gmt":"2025-07-05T18:47:00","slug":"kurs-pedikura","status":"publish","type":"page","link":"https:\/\/www.nailyuba.com\/ru\/kurs-pedikura\/","title":{"rendered":"\u041a\u0443\u0440\u0441 \u043f\u0435\u0434\u0438\u043a\u044e\u0440\u0430"},"content":{"rendered":"\t\t<div data-elementor-type=\"wp-page\" data-elementor-id=\"11386\" class=\"elementor elementor-11386 elementor-9662\" data-elementor-post-type=\"page\">\n\t\t\t\t\t\t<section class=\"wd-negative-gap elementor-section elementor-top-section elementor-element elementor-element-5d8042a elementor-section-boxed elementor-section-height-default elementor-section-height-default\" data-id=\"5d8042a\" data-element_type=\"section\" data-e-type=\"section\">\n\t\t\t\t\t\t<div class=\"elementor-container elementor-column-gap-default\">\n\t\t\t\t\t<div class=\"elementor-column elementor-col-100 elementor-top-column elementor-element elementor-element-a410183\" data-id=\"a410183\" data-element_type=\"column\" data-e-type=\"column\">\n\t\t\t<div class=\"elementor-widget-wrap elementor-element-populated\">\n\t\t\t\t\t\t<div class=\"elementor-element elementor-element-61a183d elementor-widget elementor-widget-heading\" data-id=\"61a183d\" data-element_type=\"widget\" data-e-type=\"widget\" data-widget_type=\"heading.default\">\n\t\t\t\t\t<h1 class=\"elementor-heading-title elementor-size-default\">\u041e\u0431\u0443\u0447\u0435\u043d\u0438\u0435 \u041f\u0435\u0434\u0438\u043a\u044e\u0440\u0430 \u0438 \u0435\u0433\u043e \u0442\u043e\u043d\u043a\u043e\u0441\u0442\u044f\u043c<\/h1>\t\t\t\t<\/div>\n\t\t\t\t<div class=\"elementor-element elementor-element-0529ad0 elementor-widget elementor-widget-image\" data-id=\"0529ad0\" data-element_type=\"widget\" data-e-type=\"widget\" data-widget_type=\"image.default\">\n\t\t\t\t\t\t\t\t\t\t\t\t\t\t\t<img loading=\"lazy\" decoding=\"async\" width=\"640\" height=\"800\" src=\"https:\/\/www.nailyuba.com\/wp-content\/uploads\/2025\/07\/pedikur-4-1-jpg-819x1024.webp\" class=\"attachment-large size-large wp-image-21822\" alt=\"\" srcset=\"https:\/\/www.nailyuba.com\/wp-content\/uploads\/2025\/07\/pedikur-4-1-jpg-819x1024.webp 819w, https:\/\/www.nailyuba.com\/wp-content\/uploads\/2025\/07\/pedikur-4-1-jpg-240x300.webp 240w, https:\/\/www.nailyuba.com\/wp-content\/uploads\/2025\/07\/pedikur-4-1-jpg-768x960.webp 768w, https:\/\/www.nailyuba.com\/wp-content\/uploads\/2025\/07\/pedikur-4-1-jpg-1229x1536.webp 1229w, https:\/\/www.nailyuba.com\/wp-content\/uploads\/2025\/07\/pedikur-4-1-jpg.webp 1440w\" sizes=\"auto, (max-width: 640px) 100vw, 640px\" \/>\t\t\t\t\t\t\t\t\t\t\t\t\t\t\t<\/div>\n\t\t\t\t<div class=\"elementor-element elementor-element-2d70340 color-scheme-inherit text-left elementor-widget elementor-widget-text-editor\" data-id=\"2d70340\" data-element_type=\"widget\" data-e-type=\"widget\" data-widget_type=\"text-editor.default\">\n\t\t\t\t\t\t\t\t\t<p>\u041d\u0430 \u043e\u0431\u0443\u0447\u0435\u043d\u0438\u0438 \u043f\u0435\u0434\u0438\u043a\u044e\u0440\u0430 \u043c\u044b \u0443\u0447\u0438\u043c \u043d\u0430\u0448\u0438\u0445 \u0443\u0447\u0435\u043d\u0438\u043a\u043e\u0432 \u0432\u0441\u0435\u043c \u0442\u043e\u043d\u043a\u043e\u0441\u0442\u044f\u043c \u043f\u0435\u0434\u0438\u043a\u044e\u0440\u0430, \u043a\u0430\u043a \u0432\u0430\u0436\u0435\u043d \u043e\u043f\u0438\u043b \u043d\u043e\u0433\u0442\u0435\u0439, \u0447\u0442\u043e\u0431\u044b \u043d\u0435 \u0431\u044b\u043b\u043e \u0431\u043e\u043b\u0435\u0437\u043d\u0435\u043d\u043d\u044b\u0445 \u043f\u043e\u0441\u043b\u0435\u0434\u0441\u0442\u0432\u0438\u0439, \u043a\u0430\u043a \u043e\u0431\u0440\u0430\u0431\u0430\u0442\u044b\u0432\u0430\u0442\u044c \u0441\u0442\u043e\u043f\u0443, \u0440\u0430\u0441\u0441\u043a\u0430\u0437\u044b\u0432\u0430\u0435\u043c \u0441 \u043a\u0430\u043a\u0438\u043c\u0438 \u0431\u043e\u043b\u0435\u0437\u043d\u044f\u043c\u0438 \u043d\u043e\u0433\u0442\u0435\u0439 \u0438 \u043a\u043e\u0436\u0438 \u043d\u043e\u0433 \u043e\u043d\u0438 \u043c\u043e\u0433\u0443\u0442 \u0441\u0442\u043e\u043b\u043a\u043d\u0443\u0442\u044c\u0441\u044f \u043f\u0440\u0438 \u043f\u0435\u0434\u0438\u043a\u044e\u0440\u0435 \u0438 \u043a\u0430\u043a \u0431\u0435\u0440\u0435\u0447\u044c \u0441\u0435\u0431\u044f \u0438 \u043a\u043b\u0438\u0435\u043d\u0442\u0430 \u043e\u0442 \u0440\u0430\u0437\u043b\u0438\u0447\u043d\u044b\u0445 \u0438\u043d\u0444\u0435\u043a\u0446\u0438\u043e\u043d\u043d\u044b\u0445 \u0431\u043e\u043b\u0435\u0437\u043d\u044f\u0445 \u0441\u0442\u043e\u043f\u044b.<br \/>\u0422\u0430\u043a\u0436\u0435 \u0440\u0430\u0441\u0441\u043a\u0430\u0437\u044b\u0432\u0430\u0435\u043c \u0432 \u043a\u0430\u043a\u0438\u0445 \u0441\u043b\u0443\u0447\u0430\u044f\u0445 \u043d\u0443\u0436\u043d\u043e \u043e\u0442\u043a\u0430\u0437\u0430\u0442\u044c \u043a\u043b\u0438\u0435\u043d\u0442\u0443 \u0432 \u043f\u043e\u043a\u0440\u044b\u0442\u0438\u0438 \u043b\u0430\u043a\u0430 \u0438\u043b\u0438 \u0432 \u0433\u0435\u043b\u0435\u0432\u043e\u043c \u043f\u043e\u043a\u0440\u044b\u0442\u0438\u0438 \u043d\u0430 \u043d\u043e\u0433\u0442\u044f\u0445 \u043d\u043e\u0433.<\/p><p>\u00a0<\/p><p>\u00a0<\/p><p>\u00a0<\/p>\t\t\t\t\t\t\t\t<\/div>\n\t\t\t\t\t<\/div>\n\t\t<\/div>\n\t\t\t\t\t<\/div>\n\t\t<\/section>\n\t\t\t\t<\/div>\n\t\t","protected":false},"excerpt":{"rendered":"<p>\u041e\u0431\u0443\u0447\u0435\u043d\u0438\u0435 \u041f\u0435\u0434\u0438\u043a\u044e\u0440\u0430 \u0438 \u0435\u0433\u043e \u0442\u043e\u043d\u043a\u043e\u0441\u0442\u044f\u043c \u041d\u0430 \u043e\u0431\u0443\u0447\u0435\u043d\u0438\u0438 \u043f\u0435\u0434\u0438\u043a\u044e\u0440\u0430 \u043c\u044b \u0443\u0447\u0438\u043c \u043d\u0430\u0448\u0438\u0445 \u0443\u0447\u0435\u043d\u0438\u043a\u043e\u0432 \u0432\u0441\u0435\u043c \u0442\u043e\u043d\u043a\u043e\u0441\u0442\u044f\u043c \u043f\u0435\u0434\u0438\u043a\u044e\u0440\u0430, \u043a\u0430\u043a \u0432\u0430\u0436\u0435\u043d \u043e\u043f\u0438\u043b \u043d\u043e\u0433\u0442\u0435\u0439, \u0447\u0442\u043e\u0431\u044b<\/p>\n","protected":false},"author":1,"featured_media":0,"parent":0,"menu_order":0,"comment_status":"closed","ping_status":"closed","template":"elementor_header_footer","meta":{"footnotes":""},"class_list":["post-11386","page","type-page","status-publish","hentry"],"yoast_head":"<!-- This site is optimized with the Yoast SEO Premium plugin v27.3 (Yoast SEO v27.4) - https:\/\/yoast.com\/product\/yoast-seo-premium-wordpress\/ -->\n<title>\u041a\u0443\u0440\u0441 \u043f\u0435\u0434\u0438\u043a\u044e\u0440\u0430 | Nailyuba | Ata\u015fehir Protez ve Jel T\u0131rnak Merkezi<\/title>\n<meta name=\"description\" content=\"\u0418\u0437\u0443\u0447\u0438\u0442\u0435 \u0442\u043e\u043d\u043a\u043e\u0441\u0442\u0438 \u0443\u0445\u043e\u0434\u0430 \u0437\u0430 \u043d\u043e\u0433\u0430\u043c\u0438 \u043d\u0430 \u043e\u0431\u0443\u0447\u0435\u043d\u0438\u0438 \u043f\u0435\u0434\u0438\u043a\u044e\u0440\u0443! \u041e\u0432\u043b\u0430\u0434\u0435\u0439\u0442\u0435 \u0438\u0441\u043a\u0443\u0441\u0441\u0442\u0432\u043e\u043c \u043f\u0435\u0434\u0438\u043a\u044e\u0440\u0430 \u043f\u043e\u0434 \u0440\u0443\u043a\u043e\u0432\u043e\u0434\u0441\u0442\u0432\u043e\u043c \u043e\u043f\u044b\u0442\u043d\u044b\u0445 \u0438\u043d\u0441\u0442\u0440\u0443\u043a\u0442\u043e\u0440\u043e\u0432 \u0438 \u043f\u043e\u0431\u0430\u043b\u0443\u0439\u0442\u0435...\" \/>\n<meta name=\"robots\" content=\"index, follow, max-snippet:-1, max-image-preview:large, max-video-preview:-1\" \/>\n<link rel=\"canonical\" href=\"https:\/\/www.nailyuba.com\/ru\/kurs-pedikura\/\" \/>\n<meta property=\"og:locale\" content=\"ru_RU\" \/>\n<meta property=\"og:type\" content=\"article\" \/>\n<meta property=\"og:title\" content=\"\u041a\u0443\u0440\u0441 \u043f\u0435\u0434\u0438\u043a\u044e\u0440\u0430\" \/>\n<meta property=\"og:description\" content=\"\u0418\u0437\u0443\u0447\u0438\u0442\u0435 \u0442\u043e\u043d\u043a\u043e\u0441\u0442\u0438 \u0443\u0445\u043e\u0434\u0430 \u0437\u0430 \u043d\u043e\u0433\u0430\u043c\u0438 \u043d\u0430 \u043e\u0431\u0443\u0447\u0435\u043d\u0438\u0438 \u043f\u0435\u0434\u0438\u043a\u044e\u0440\u0443! \u041e\u0432\u043b\u0430\u0434\u0435\u0439\u0442\u0435 \u0438\u0441\u043a\u0443\u0441\u0441\u0442\u0432\u043e\u043c \u043f\u0435\u0434\u0438\u043a\u044e\u0440\u0430 \u043f\u043e\u0434 \u0440\u0443\u043a\u043e\u0432\u043e\u0434\u0441\u0442\u0432\u043e\u043c \u043e\u043f\u044b\u0442\u043d\u044b\u0445 \u0438\u043d\u0441\u0442\u0440\u0443\u043a\u0442\u043e\u0440\u043e\u0432 \u0438 \u043f\u043e\u0431\u0430\u043b\u0443\u0439\u0442\u0435...\" \/>\n<meta property=\"og:url\" content=\"https:\/\/www.nailyuba.com\/ru\/kurs-pedikura\/\" \/>\n<meta property=\"og:site_name\" content=\"Nailyuba | Ata\u015fehir Protez ve Jel T\u0131rnak Merkezi\" \/>\n<meta property=\"article:publisher\" content=\"https:\/\/www.facebook.com\/NaiLyuba\/\" \/>\n<meta property=\"article:modified_time\" content=\"2025-07-05T18:47:00+00:00\" \/>\n<meta property=\"og:image\" content=\"https:\/\/www.nailyuba.com\/wp-content\/uploads\/2025\/07\/pedikur-4-1-jpg.webp\" \/>\n\t<meta property=\"og:image:width\" content=\"1440\" \/>\n\t<meta property=\"og:image:height\" content=\"1800\" \/>\n\t<meta property=\"og:image:type\" content=\"image\/webp\" \/>\n<meta name=\"twitter:card\" content=\"summary_large_image\" \/>\n<meta name=\"twitter:site\" content=\"@nailyuba\" \/>\n<meta name=\"twitter:label1\" content=\"\u041f\u0440\u0438\u043c\u0435\u0440\u043d\u043e\u0435 \u0432\u0440\u0435\u043c\u044f \u0434\u043b\u044f \u0447\u0442\u0435\u043d\u0438\u044f\" \/>\n\t<meta name=\"twitter:data1\" content=\"1 \u043c\u0438\u043d\u0443\u0442\u0430\" \/>\n<script type=\"application\/ld+json\" class=\"yoast-schema-graph\">{\"@context\":\"https:\\\/\\\/schema.org\",\"@graph\":[{\"@type\":[\"Article\",\"BlogPosting\"],\"@id\":\"https:\\\/\\\/www.nailyuba.com\\\/ru\\\/kurs-pedikura\\\/#article\",\"isPartOf\":{\"@id\":\"https:\\\/\\\/www.nailyuba.com\\\/ru\\\/kurs-pedikura\\\/\"},\"author\":{\"name\":\"Lyuba Tchernova\",\"@id\":\"https:\\\/\\\/www.nailyuba.com\\\/ru\\\/#\\\/schema\\\/person\\\/71645f095db3afed319a637579afa259\"},\"headline\":\"\u041a\u0443\u0440\u0441 \u043f\u0435\u0434\u0438\u043a\u044e\u0440\u0430\",\"datePublished\":\"2023-01-04T16:52:20+00:00\",\"dateModified\":\"2025-07-05T18:47:00+00:00\",\"mainEntityOfPage\":{\"@id\":\"https:\\\/\\\/www.nailyuba.com\\\/ru\\\/kurs-pedikura\\\/\"},\"wordCount\":71,\"publisher\":{\"@id\":\"https:\\\/\\\/www.nailyuba.com\\\/ru\\\/#organization\"},\"image\":{\"@id\":\"https:\\\/\\\/www.nailyuba.com\\\/ru\\\/kurs-pedikura\\\/#primaryimage\"},\"thumbnailUrl\":\"https:\\\/\\\/www.nailyuba.com\\\/wp-content\\\/uploads\\\/2025\\\/07\\\/pedikur-4-1-jpg-819x1024.webp\",\"inLanguage\":\"ru-RU\"},{\"@type\":\"WebPage\",\"@id\":\"https:\\\/\\\/www.nailyuba.com\\\/ru\\\/kurs-pedikura\\\/\",\"url\":\"https:\\\/\\\/www.nailyuba.com\\\/ru\\\/kurs-pedikura\\\/\",\"name\":\"\u041a\u0443\u0440\u0441 \u043f\u0435\u0434\u0438\u043a\u044e\u0440\u0430 | Nailyuba | Ata\u015fehir Protez ve Jel T\u0131rnak Merkezi\",\"isPartOf\":{\"@id\":\"https:\\\/\\\/www.nailyuba.com\\\/ru\\\/#website\"},\"primaryImageOfPage\":{\"@id\":\"https:\\\/\\\/www.nailyuba.com\\\/ru\\\/kurs-pedikura\\\/#primaryimage\"},\"image\":{\"@id\":\"https:\\\/\\\/www.nailyuba.com\\\/ru\\\/kurs-pedikura\\\/#primaryimage\"},\"thumbnailUrl\":\"https:\\\/\\\/www.nailyuba.com\\\/wp-content\\\/uploads\\\/2025\\\/07\\\/pedikur-4-1-jpg-819x1024.webp\",\"datePublished\":\"2023-01-04T16:52:20+00:00\",\"dateModified\":\"2025-07-05T18:47:00+00:00\",\"description\":\"\u0418\u0437\u0443\u0447\u0438\u0442\u0435 \u0442\u043e\u043d\u043a\u043e\u0441\u0442\u0438 \u0443\u0445\u043e\u0434\u0430 \u0437\u0430 \u043d\u043e\u0433\u0430\u043c\u0438 \u043d\u0430 \u043e\u0431\u0443\u0447\u0435\u043d\u0438\u0438 \u043f\u0435\u0434\u0438\u043a\u044e\u0440\u0443! \u041e\u0432\u043b\u0430\u0434\u0435\u0439\u0442\u0435 \u0438\u0441\u043a\u0443\u0441\u0441\u0442\u0432\u043e\u043c \u043f\u0435\u0434\u0438\u043a\u044e\u0440\u0430 \u043f\u043e\u0434 \u0440\u0443\u043a\u043e\u0432\u043e\u0434\u0441\u0442\u0432\u043e\u043c \u043e\u043f\u044b\u0442\u043d\u044b\u0445 \u0438\u043d\u0441\u0442\u0440\u0443\u043a\u0442\u043e\u0440\u043e\u0432 \u0438 \u043f\u043e\u0431\u0430\u043b\u0443\u0439\u0442\u0435...\",\"breadcrumb\":{\"@id\":\"https:\\\/\\\/www.nailyuba.com\\\/ru\\\/kurs-pedikura\\\/#breadcrumb\"},\"inLanguage\":\"ru-RU\",\"potentialAction\":[{\"@type\":\"ReadAction\",\"target\":[\"https:\\\/\\\/www.nailyuba.com\\\/ru\\\/kurs-pedikura\\\/\"]}]},{\"@type\":\"ImageObject\",\"inLanguage\":\"ru-RU\",\"@id\":\"https:\\\/\\\/www.nailyuba.com\\\/ru\\\/kurs-pedikura\\\/#primaryimage\",\"url\":\"https:\\\/\\\/www.nailyuba.com\\\/wp-content\\\/uploads\\\/2025\\\/07\\\/pedikur-4-1-jpg-819x1024.webp\",\"contentUrl\":\"https:\\\/\\\/www.nailyuba.com\\\/wp-content\\\/uploads\\\/2025\\\/07\\\/pedikur-4-1-jpg-819x1024.webp\"},{\"@type\":\"BreadcrumbList\",\"@id\":\"https:\\\/\\\/www.nailyuba.com\\\/ru\\\/kurs-pedikura\\\/#breadcrumb\",\"itemListElement\":[{\"@type\":\"ListItem\",\"position\":1,\"name\":\"Anasayfa\",\"item\":\"https:\\\/\\\/www.nailyuba.com\\\/ru\\\/\"},{\"@type\":\"ListItem\",\"position\":2,\"name\":\"\u041a\u0443\u0440\u0441 \u043f\u0435\u0434\u0438\u043a\u044e\u0440\u0430\"}]},{\"@type\":\"WebSite\",\"@id\":\"https:\\\/\\\/www.nailyuba.com\\\/ru\\\/#website\",\"url\":\"https:\\\/\\\/www.nailyuba.com\\\/ru\\\/\",\"name\":\"Nailyuba | Ata\u015fehir Protez ve Jel T\u0131rnak Merkezi\",\"description\":\"T\u0131rnak Sanat\u0131\",\"publisher\":{\"@id\":\"https:\\\/\\\/www.nailyuba.com\\\/ru\\\/#organization\"},\"potentialAction\":[{\"@type\":\"SearchAction\",\"target\":{\"@type\":\"EntryPoint\",\"urlTemplate\":\"https:\\\/\\\/www.nailyuba.com\\\/ru\\\/?s={search_term_string}\"},\"query-input\":{\"@type\":\"PropertyValueSpecification\",\"valueRequired\":true,\"valueName\":\"search_term_string\"}}],\"inLanguage\":\"ru-RU\"},{\"@type\":\"Organization\",\"@id\":\"https:\\\/\\\/www.nailyuba.com\\\/ru\\\/#organization\",\"name\":\"Nailyuba\",\"alternateName\":\"NaiLyuba\",\"url\":\"https:\\\/\\\/www.nailyuba.com\\\/ru\\\/\",\"logo\":{\"@type\":\"ImageObject\",\"inLanguage\":\"ru-RU\",\"@id\":\"https:\\\/\\\/www.nailyuba.com\\\/ru\\\/#\\\/schema\\\/logo\\\/image\\\/\",\"url\":\"https:\\\/\\\/www.nailyuba.com\\\/wp-content\\\/uploads\\\/2026\\\/01\\\/cropped-nailyuba.png\",\"contentUrl\":\"https:\\\/\\\/www.nailyuba.com\\\/wp-content\\\/uploads\\\/2026\\\/01\\\/cropped-nailyuba.png\",\"width\":512,\"height\":512,\"caption\":\"Nailyuba\"},\"image\":{\"@id\":\"https:\\\/\\\/www.nailyuba.com\\\/ru\\\/#\\\/schema\\\/logo\\\/image\\\/\"},\"sameAs\":[\"https:\\\/\\\/www.facebook.com\\\/NaiLyuba\\\/\",\"https:\\\/\\\/x.com\\\/nailyuba\",\"https:\\\/\\\/www.instagram.com\\\/nailyuba\\\/\",\"https:\\\/\\\/www.youtube.com\\\/channel\\\/UC1awlGOzpUbufxnVj2ga-OQ\",\"https:\\\/\\\/www.tiktok.com\\\/@nailyuba\",\"https:\\\/\\\/www.linkedin.com\\\/company\\\/nailyuba\\\/about\\\/\"],\"foundingDate\":\"2020-02-27\"},{\"@type\":\"Person\",\"@id\":\"https:\\\/\\\/www.nailyuba.com\\\/ru\\\/#\\\/schema\\\/person\\\/71645f095db3afed319a637579afa259\",\"name\":\"Lyuba Tchernova\",\"description\":\"Lyuba Tchernova, 2010 y\u0131l\u0131ndan bu yana t\u0131rnak sa\u011fl\u0131\u011f\u0131 ve medikal estetik alan\u0131nda uzmanla\u015fm\u0131\u015f, uluslararas\u0131 sertifikal\u0131 bir Usta \u00d6\u011freticidir. Kad\u0131k\u00f6y \u015eifa Hastanesi'nde edindi\u011fi medikal sterilizasyon disiplinini, Rusya ve Ukrayna'da ald\u0131\u011f\u0131 Master Class (Russian School) e\u011fitimleriyle birle\u015ftirerek 2020'de Ata\u015fehir'deki Nailyuba T\u0131rnak Sanat\u0131 Merkezi'ni kurmu\u015ftur. Podoloji tabanl\u0131 medikal bak\u0131m ve ileri seviye t\u0131rnak kimyas\u0131 alanlar\u0131nda sekt\u00f6r otoritelerinden biridir.\",\"sameAs\":[\"https:\\\/\\\/www.nailyuba.com\"],\"honorificPrefix\":\"Usta \u00d6\u011fretici\",\"gender\":\"kad\u0131n\",\"award\":[\"Usta \u00d6\u011freticilik Belgesi (2017)\",\"Uluslararas\u0131 Master Class Sertifikas\u0131\"],\"knowsAbout\":[\"Medikal Ayak Bak\u0131m\u0131 (Podoloji)\",\"Protez ve Jel T\u0131rnak Kimyas\u0131\",\"Rus Tekni\u011fi (Russian Manicure)\",\"Dipping T\u0131rnak\",\"Kombi Manik\u00fcr\"],\"knowsLanguage\":[\"T\u00fcrk\u00e7e\",\"Rus\u00e7a\",\"\u0130ngilizce\"],\"jobTitle\":\"Kurucu ve Master E\u011fitmen\",\"worksFor\":\"NaiLyuba Ata\u015fehir Protez Jel T\u0131rnak Kal\u0131c\u0131 Oje Salonu\"}]}<\/script>\n<!-- \/ Yoast SEO Premium plugin. -->","yoast_head_json":{"title":"\u041a\u0443\u0440\u0441 \u043f\u0435\u0434\u0438\u043a\u044e\u0440\u0430 | Nailyuba | Ata\u015fehir Protez ve Jel T\u0131rnak Merkezi","description":"\u0418\u0437\u0443\u0447\u0438\u0442\u0435 \u0442\u043e\u043d\u043a\u043e\u0441\u0442\u0438 \u0443\u0445\u043e\u0434\u0430 \u0437\u0430 \u043d\u043e\u0433\u0430\u043c\u0438 \u043d\u0430 \u043e\u0431\u0443\u0447\u0435\u043d\u0438\u0438 \u043f\u0435\u0434\u0438\u043a\u044e\u0440\u0443! \u041e\u0432\u043b\u0430\u0434\u0435\u0439\u0442\u0435 \u0438\u0441\u043a\u0443\u0441\u0441\u0442\u0432\u043e\u043c \u043f\u0435\u0434\u0438\u043a\u044e\u0440\u0430 \u043f\u043e\u0434 \u0440\u0443\u043a\u043e\u0432\u043e\u0434\u0441\u0442\u0432\u043e\u043c \u043e\u043f\u044b\u0442\u043d\u044b\u0445 \u0438\u043d\u0441\u0442\u0440\u0443\u043a\u0442\u043e\u0440\u043e\u0432 \u0438 \u043f\u043e\u0431\u0430\u043b\u0443\u0439\u0442\u0435...","robots":{"index":"index","follow":"follow","max-snippet":"max-snippet:-1","max-image-preview":"max-image-preview:large","max-video-preview":"max-video-preview:-1"},"canonical":"https:\/\/www.nailyuba.com\/ru\/kurs-pedikura\/","og_locale":"ru_RU","og_type":"article","og_title":"\u041a\u0443\u0440\u0441 \u043f\u0435\u0434\u0438\u043a\u044e\u0440\u0430","og_description":"\u0418\u0437\u0443\u0447\u0438\u0442\u0435 \u0442\u043e\u043d\u043a\u043e\u0441\u0442\u0438 \u0443\u0445\u043e\u0434\u0430 \u0437\u0430 \u043d\u043e\u0433\u0430\u043c\u0438 \u043d\u0430 \u043e\u0431\u0443\u0447\u0435\u043d\u0438\u0438 \u043f\u0435\u0434\u0438\u043a\u044e\u0440\u0443! \u041e\u0432\u043b\u0430\u0434\u0435\u0439\u0442\u0435 \u0438\u0441\u043a\u0443\u0441\u0441\u0442\u0432\u043e\u043c \u043f\u0435\u0434\u0438\u043a\u044e\u0440\u0430 \u043f\u043e\u0434 \u0440\u0443\u043a\u043e\u0432\u043e\u0434\u0441\u0442\u0432\u043e\u043c \u043e\u043f\u044b\u0442\u043d\u044b\u0445 \u0438\u043d\u0441\u0442\u0440\u0443\u043a\u0442\u043e\u0440\u043e\u0432 \u0438 \u043f\u043e\u0431\u0430\u043b\u0443\u0439\u0442\u0435...","og_url":"https:\/\/www.nailyuba.com\/ru\/kurs-pedikura\/","og_site_name":"Nailyuba | Ata\u015fehir Protez ve Jel T\u0131rnak Merkezi","article_publisher":"https:\/\/www.facebook.com\/NaiLyuba\/","article_modified_time":"2025-07-05T18:47:00+00:00","og_image":[{"width":1440,"height":1800,"url":"https:\/\/www.nailyuba.com\/wp-content\/uploads\/2025\/07\/pedikur-4-1-jpg.webp","type":"image\/webp"}],"twitter_card":"summary_large_image","twitter_site":"@nailyuba","twitter_misc":{"\u041f\u0440\u0438\u043c\u0435\u0440\u043d\u043e\u0435 \u0432\u0440\u0435\u043c\u044f \u0434\u043b\u044f \u0447\u0442\u0435\u043d\u0438\u044f":"1 \u043c\u0438\u043d\u0443\u0442\u0430"},"schema":{"@context":"https:\/\/schema.org","@graph":[{"@type":["Article","BlogPosting"],"@id":"https:\/\/www.nailyuba.com\/ru\/kurs-pedikura\/#article","isPartOf":{"@id":"https:\/\/www.nailyuba.com\/ru\/kurs-pedikura\/"},"author":{"name":"Lyuba Tchernova","@id":"https:\/\/www.nailyuba.com\/ru\/#\/schema\/person\/71645f095db3afed319a637579afa259"},"headline":"\u041a\u0443\u0440\u0441 \u043f\u0435\u0434\u0438\u043a\u044e\u0440\u0430","datePublished":"2023-01-04T16:52:20+00:00","dateModified":"2025-07-05T18:47:00+00:00","mainEntityOfPage":{"@id":"https:\/\/www.nailyuba.com\/ru\/kurs-pedikura\/"},"wordCount":71,"publisher":{"@id":"https:\/\/www.nailyuba.com\/ru\/#organization"},"image":{"@id":"https:\/\/www.nailyuba.com\/ru\/kurs-pedikura\/#primaryimage"},"thumbnailUrl":"https:\/\/www.nailyuba.com\/wp-content\/uploads\/2025\/07\/pedikur-4-1-jpg-819x1024.webp","inLanguage":"ru-RU"},{"@type":"WebPage","@id":"https:\/\/www.nailyuba.com\/ru\/kurs-pedikura\/","url":"https:\/\/www.nailyuba.com\/ru\/kurs-pedikura\/","name":"\u041a\u0443\u0440\u0441 \u043f\u0435\u0434\u0438\u043a\u044e\u0440\u0430 | Nailyuba | Ata\u015fehir Protez ve Jel T\u0131rnak Merkezi","isPartOf":{"@id":"https:\/\/www.nailyuba.com\/ru\/#website"},"primaryImageOfPage":{"@id":"https:\/\/www.nailyuba.com\/ru\/kurs-pedikura\/#primaryimage"},"image":{"@id":"https:\/\/www.nailyuba.com\/ru\/kurs-pedikura\/#primaryimage"},"thumbnailUrl":"https:\/\/www.nailyuba.com\/wp-content\/uploads\/2025\/07\/pedikur-4-1-jpg-819x1024.webp","datePublished":"2023-01-04T16:52:20+00:00","dateModified":"2025-07-05T18:47:00+00:00","description":"\u0418\u0437\u0443\u0447\u0438\u0442\u0435 \u0442\u043e\u043d\u043a\u043e\u0441\u0442\u0438 \u0443\u0445\u043e\u0434\u0430 \u0437\u0430 \u043d\u043e\u0433\u0430\u043c\u0438 \u043d\u0430 \u043e\u0431\u0443\u0447\u0435\u043d\u0438\u0438 \u043f\u0435\u0434\u0438\u043a\u044e\u0440\u0443! \u041e\u0432\u043b\u0430\u0434\u0435\u0439\u0442\u0435 \u0438\u0441\u043a\u0443\u0441\u0441\u0442\u0432\u043e\u043c \u043f\u0435\u0434\u0438\u043a\u044e\u0440\u0430 \u043f\u043e\u0434 \u0440\u0443\u043a\u043e\u0432\u043e\u0434\u0441\u0442\u0432\u043e\u043c \u043e\u043f\u044b\u0442\u043d\u044b\u0445 \u0438\u043d\u0441\u0442\u0440\u0443\u043a\u0442\u043e\u0440\u043e\u0432 \u0438 \u043f\u043e\u0431\u0430\u043b\u0443\u0439\u0442\u0435...","breadcrumb":{"@id":"https:\/\/www.nailyuba.com\/ru\/kurs-pedikura\/#breadcrumb"},"inLanguage":"ru-RU","potentialAction":[{"@type":"ReadAction","target":["https:\/\/www.nailyuba.com\/ru\/kurs-pedikura\/"]}]},{"@type":"ImageObject","inLanguage":"ru-RU","@id":"https:\/\/www.nailyuba.com\/ru\/kurs-pedikura\/#primaryimage","url":"https:\/\/www.nailyuba.com\/wp-content\/uploads\/2025\/07\/pedikur-4-1-jpg-819x1024.webp","contentUrl":"https:\/\/www.nailyuba.com\/wp-content\/uploads\/2025\/07\/pedikur-4-1-jpg-819x1024.webp"},{"@type":"BreadcrumbList","@id":"https:\/\/www.nailyuba.com\/ru\/kurs-pedikura\/#breadcrumb","itemListElement":[{"@type":"ListItem","position":1,"name":"Anasayfa","item":"https:\/\/www.nailyuba.com\/ru\/"},{"@type":"ListItem","position":2,"name":"\u041a\u0443\u0440\u0441 \u043f\u0435\u0434\u0438\u043a\u044e\u0440\u0430"}]},{"@type":"WebSite","@id":"https:\/\/www.nailyuba.com\/ru\/#website","url":"https:\/\/www.nailyuba.com\/ru\/","name":"Nailyuba | Ata\u015fehir Protez ve Jel T\u0131rnak Merkezi","description":"T\u0131rnak Sanat\u0131","publisher":{"@id":"https:\/\/www.nailyuba.com\/ru\/#organization"},"potentialAction":[{"@type":"SearchAction","target":{"@type":"EntryPoint","urlTemplate":"https:\/\/www.nailyuba.com\/ru\/?s={search_term_string}"},"query-input":{"@type":"PropertyValueSpecification","valueRequired":true,"valueName":"search_term_string"}}],"inLanguage":"ru-RU"},{"@type":"Organization","@id":"https:\/\/www.nailyuba.com\/ru\/#organization","name":"Nailyuba","alternateName":"NaiLyuba","url":"https:\/\/www.nailyuba.com\/ru\/","logo":{"@type":"ImageObject","inLanguage":"ru-RU","@id":"https:\/\/www.nailyuba.com\/ru\/#\/schema\/logo\/image\/","url":"https:\/\/www.nailyuba.com\/wp-content\/uploads\/2026\/01\/cropped-nailyuba.png","contentUrl":"https:\/\/www.nailyuba.com\/wp-content\/uploads\/2026\/01\/cropped-nailyuba.png","width":512,"height":512,"caption":"Nailyuba"},"image":{"@id":"https:\/\/www.nailyuba.com\/ru\/#\/schema\/logo\/image\/"},"sameAs":["https:\/\/www.facebook.com\/NaiLyuba\/","https:\/\/x.com\/nailyuba","https:\/\/www.instagram.com\/nailyuba\/","https:\/\/www.youtube.com\/channel\/UC1awlGOzpUbufxnVj2ga-OQ","https:\/\/www.tiktok.com\/@nailyuba","https:\/\/www.linkedin.com\/company\/nailyuba\/about\/"],"foundingDate":"2020-02-27"},{"@type":"Person","@id":"https:\/\/www.nailyuba.com\/ru\/#\/schema\/person\/71645f095db3afed319a637579afa259","name":"Lyuba Tchernova","description":"Lyuba Tchernova, 2010 y\u0131l\u0131ndan bu yana t\u0131rnak sa\u011fl\u0131\u011f\u0131 ve medikal estetik alan\u0131nda uzmanla\u015fm\u0131\u015f, uluslararas\u0131 sertifikal\u0131 bir Usta \u00d6\u011freticidir. Kad\u0131k\u00f6y \u015eifa Hastanesi'nde edindi\u011fi medikal sterilizasyon disiplinini, Rusya ve Ukrayna'da ald\u0131\u011f\u0131 Master Class (Russian School) e\u011fitimleriyle birle\u015ftirerek 2020'de Ata\u015fehir'deki Nailyuba T\u0131rnak Sanat\u0131 Merkezi'ni kurmu\u015ftur. Podoloji tabanl\u0131 medikal bak\u0131m ve ileri seviye t\u0131rnak kimyas\u0131 alanlar\u0131nda sekt\u00f6r otoritelerinden biridir.","sameAs":["https:\/\/www.nailyuba.com"],"honorificPrefix":"Usta \u00d6\u011fretici","gender":"kad\u0131n","award":["Usta \u00d6\u011freticilik Belgesi (2017)","Uluslararas\u0131 Master Class Sertifikas\u0131"],"knowsAbout":["Medikal Ayak Bak\u0131m\u0131 (Podoloji)","Protez ve Jel T\u0131rnak Kimyas\u0131","Rus Tekni\u011fi (Russian Manicure)","Dipping T\u0131rnak","Kombi Manik\u00fcr"],"knowsLanguage":["T\u00fcrk\u00e7e","Rus\u00e7a","\u0130ngilizce"],"jobTitle":"Kurucu ve Master E\u011fitmen","worksFor":"NaiLyuba Ata\u015fehir Protez Jel T\u0131rnak Kal\u0131c\u0131 Oje Salonu"}]}},"_links":{"self":[{"href":"https:\/\/www.nailyuba.com\/ru\/wp-json\/wp\/v2\/pages\/11386","targetHints":{"allow":["GET"]}}],"collection":[{"href":"https:\/\/www.nailyuba.com\/ru\/wp-json\/wp\/v2\/pages"}],"about":[{"href":"https:\/\/www.nailyuba.com\/ru\/wp-json\/wp\/v2\/types\/page"}],"author":[{"embeddable":true,"href":"https:\/\/www.nailyuba.com\/ru\/wp-json\/wp\/v2\/users\/1"}],"replies":[{"embeddable":true,"href":"https:\/\/www.nailyuba.com\/ru\/wp-json\/wp\/v2\/comments?post=11386"}],"version-history":[{"count":4,"href":"https:\/\/www.nailyuba.com\/ru\/wp-json\/wp\/v2\/pages\/11386\/revisions"}],"predecessor-version":[{"id":21827,"href":"https:\/\/www.nailyuba.com\/ru\/wp-json\/wp\/v2\/pages\/11386\/revisions\/21827"}],"wp:attachment":[{"href":"https:\/\/www.nailyuba.com\/ru\/wp-json\/wp\/v2\/media?parent=11386"}],"curies":[{"name":"wp","href":"https:\/\/api.w.org\/{rel}","templated":true}]}}