{"id":11391,"date":"2023-01-04T16:52:20","date_gmt":"2023-01-04T16:52:20","guid":{"rendered":"https:\/\/www.www.nailyuba.com\/pedicure-training\/"},"modified":"2026-02-16T10:37:23","modified_gmt":"2026-02-16T10:37:23","slug":"pedicure-and-its-subtleties","status":"publish","type":"page","link":"https:\/\/www.nailyuba.com\/en\/pedicure-and-its-subtleties\/","title":{"rendered":"Pedicure Training"},"content":{"rendered":"\t\t<div data-elementor-type=\"wp-page\" data-elementor-id=\"11391\" class=\"elementor elementor-11391 elementor-9662\" data-elementor-post-type=\"page\">\n\t\t\t\t\t\t<section class=\"wd-negative-gap elementor-section elementor-top-section elementor-element elementor-element-47b089bf elementor-section-boxed elementor-section-height-default elementor-section-height-default\" data-id=\"47b089bf\" data-element_type=\"section\" data-e-type=\"section\">\n\t\t\t\t\t\t<div class=\"elementor-container elementor-column-gap-default\">\n\t\t\t\t\t<div class=\"elementor-column elementor-col-100 elementor-top-column elementor-element elementor-element-2ec48060\" data-id=\"2ec48060\" data-element_type=\"column\" data-e-type=\"column\" data-settings=\"{&quot;background_background&quot;:&quot;classic&quot;}\">\n\t\t\t<div class=\"elementor-widget-wrap elementor-element-populated\">\n\t\t\t\t\t\t<section class=\"wd-negative-gap elementor-section elementor-inner-section elementor-element elementor-element-639da3e0 elementor-section-boxed elementor-section-height-default elementor-section-height-default\" data-id=\"639da3e0\" data-element_type=\"section\" data-e-type=\"section\">\n\t\t\t\t\t\t<div class=\"elementor-container elementor-column-gap-default\">\n\t\t\t\t\t<div class=\"elementor-column elementor-col-100 elementor-inner-column elementor-element elementor-element-409c7679\" data-id=\"409c7679\" data-element_type=\"column\" data-e-type=\"column\">\n\t\t\t<div class=\"elementor-widget-wrap elementor-element-populated\">\n\t\t\t\t\t\t<div class=\"elementor-element elementor-element-2fdcb59 elementor-widget elementor-widget-heading\" data-id=\"2fdcb59\" data-element_type=\"widget\" data-e-type=\"widget\" data-widget_type=\"heading.default\">\n\t\t\t\t\t<h1 class=\"elementor-heading-title elementor-size-default\">pedicure Training<\/h1>\t\t\t\t<\/div>\n\t\t\t\t<div class=\"elementor-element elementor-element-6d2cceb2 color-scheme-inherit text-left elementor-widget elementor-widget-text-editor\" data-id=\"6d2cceb2\" data-element_type=\"widget\" data-e-type=\"widget\" data-widget_type=\"text-editor.default\">\n\t\t\t\t\t\t\t\t\t<p data-start=\"82\" data-end=\"294\"><strong data-start=\"82\" data-end=\"138\">The pedicure training organized by Lyuba Nail Academy<\/strong> aims to provide professional education for those who want to work in beauty centers. Therefore, this training is intended for those who want to advance in the field of manicure, pedicure, and application. <\/p><p data-start=\"296\" data-end=\"581\">One of the most fundamental training in the beauty and skincare sector is manicure and pedicure training. This training teaches participants hand and foot care applications. Those who attend the manicure pedicure course gain theoretical and practical experience. They become more equipped by taking advantage of developing technology.   <\/p><p data-start=\"583\" data-end=\"761\">The professional trainers in our institution will convey the training in detail from start to finish. Thus, the foundation is prepared for those who want to use this information in their professional life. <\/p><p data-start=\"763\" data-end=\"958\">Those who complete the training are presented with a course completion certificate approved by Lyuba Nail Academy. People who receive training from professionals are generally successful when they apply this knowledge in their professional life. <\/p><p data-start=\"960\" data-end=\"1035\">A quality training process ensures good service delivery.<\/p>\t\t\t\t\t\t\t\t<\/div>\n\t\t\t\t\t<\/div>\n\t\t<\/div>\n\t\t\t\t\t<\/div>\n\t\t<\/section>\n\t\t\t\t<div class=\"elementor-element elementor-element-5835b7a elementor-widget elementor-widget-image\" data-id=\"5835b7a\" data-element_type=\"widget\" data-e-type=\"widget\" data-widget_type=\"image.default\">\n\t\t\t\t\t\t\t\t\t\t\t\t\t\t\t<img loading=\"lazy\" decoding=\"async\" width=\"641\" height=\"800\" src=\"https:\/\/www.nailyuba.com\/wp-content\/uploads\/2025\/07\/pedikur-2-1-jpg-820x1024.webp\" class=\"attachment-large size-large wp-image-21543\" alt=\"\" srcset=\"https:\/\/www.nailyuba.com\/wp-content\/uploads\/2025\/07\/pedikur-2-1-jpg-820x1024.webp 820w, https:\/\/www.nailyuba.com\/wp-content\/uploads\/2025\/07\/pedikur-2-1-jpg-240x300.webp 240w, https:\/\/www.nailyuba.com\/wp-content\/uploads\/2025\/07\/pedikur-2-1-jpg-768x960.webp 768w, https:\/\/www.nailyuba.com\/wp-content\/uploads\/2025\/07\/pedikur-2-1-jpg-1229x1536.webp 1229w, https:\/\/www.nailyuba.com\/wp-content\/uploads\/2025\/07\/pedikur-2-1-jpg-1639x2048.webp 1639w\" sizes=\"auto, (max-width: 641px) 100vw, 641px\" \/>\t\t\t\t\t\t\t\t\t\t\t\t\t\t\t<\/div>\n\t\t\t\t<div class=\"elementor-element elementor-element-5d7879a3 color-scheme-inherit text-left elementor-widget elementor-widget-text-editor\" data-id=\"5d7879a3\" data-element_type=\"widget\" data-e-type=\"widget\" data-widget_type=\"text-editor.default\">\n\t\t\t\t\t\t\t\t\t<h2>What are Manicure and Pedicure?<\/h2><p>Everyone wants to have well-groomed hands and feet. Our nails, in particular, are one of our most noticeable areas. Manicure and pedicure applications are the most frequently performed procedures in beauty centers. Although manicure and pedicure are generally used together, they differ in terms of the area of application. Manicure is the repair and cleaning process performed to make the appearance of hands and nails healthier and more well-groomed. Pedicure, on the other hand, is an application that includes repair, care, and cleaning of feet and toenails. It covers procedures such as softening hardened, calloused foot edges and soles, removing dead skin from toenails, and correcting ingrown nails. Thus, the person gets rid of the unwanted appearance on their feet and achieves a healthy appearance.       <\/p>\t\t\t\t\t\t\t\t<\/div>\n\t\t\t\t<div class=\"elementor-element elementor-element-6b35a85c color-scheme-inherit text-left elementor-widget elementor-widget-text-editor\" data-id=\"6b35a85c\" data-element_type=\"widget\" data-e-type=\"widget\" data-widget_type=\"text-editor.default\">\n\t\t\t\t\t\t\t\t\t<h2>Types of Pedicure and Application Techniques<\/h2><p>The pedicure process is applied with two techniques, like in manicure: classic pedicure and dry pedicure (medical pedicure). In classic pedicure, the specialist softens the feet with warm water and a special solution. This makes it easier to clean dead skin, ingrown nails, and calluses. First, the specialist cleans the dead skin on the toenails. Then, during the application, they arrange and shape the cuticles and apply a peeling to the feet. They remove calluses using pumice and moisturize the feet after the procedure. The pedicure application is completed with nail shaping and optional nail polish application.      <\/p><p>Dry pedicure, also known as medical pedicure, does not require liquid or cutting tools for softening. Specialists clean and shape dead skin using an electric manicure pedicure tool with appropriate attachments. Regular medical pedicures reduce ingrown nails, nail twisting, and nail breakage.  <\/p><p>The techniques applied vary according to the person&#8217;s wishes and needs. For example, dry pedicure is generally preferred before gel nail or permanent nail polish applications to avoid liquid contact. This method prevents fungus formation by keeping the nail surface dry.  <\/p>\t\t\t\t\t\t\t\t<\/div>\n\t\t\t\t<div class=\"elementor-element elementor-element-3f3a91b7 color-scheme-inherit text-left elementor-widget elementor-widget-text-editor\" data-id=\"3f3a91b7\" data-element_type=\"widget\" data-e-type=\"widget\" data-widget_type=\"text-editor.default\">\n\t\t\t\t\t\t\t\t\t<p>It also helps nail coloring processes to stay well-groomed for a long time. To apply all these procedures well to the user and to satisfy the user, professional knowledge and practical training experience are required. It is possible to find manicure pedicure courses in many different provinces of Turkey. However, what&#8217;s important here is that pedicure training is received from expert institutions and organizations. Istanbul offers many options for pedicure training. Lyuba Nail Academy pedicure course provides the necessary service for people in Istanbul and nearby provinces who want to receive this training from reliable and expert people.     <\/p>\n<h2>Lyuba Nail Academy Course Content<\/h2>\n<p>The pedicure course provided by Lyuba Nail Academy aims to offer forward-looking training to people seeking education in Istanbul city and to enable people to gain achievements in different areas. Pedicure training content includes: <\/p>\n<ul>\n<li>Customer greeting and farewell,<\/li>\n<li>Salon preparation and ensuring hygiene for performing pedicure,<\/li>\n<li>Correct toenail filing technique,<\/li>\n<li>Hand and foot care techniques,<\/li>\n<li>Situations that may be encountered during the procedure,<\/li>\n<li>Broken nail repair,<\/li>\n<li>Pedicure techniques,<\/li>\n<li>Hygiene rules to be followed during the procedure,<\/li>\n<li>Massage techniques (dry pedicure training and classic pedicure training) and nail care.<\/li>\n<\/ul>\n<p>The training completion certificate will be given by Lyuba Nail Academy at the end of the course. One-on-one pedicure training is also provided upon request. <\/p>\n<h2>Lyuba Nail Academy Pedicure Training Prices<\/h2>\n<p>Lyuba Nail Academy has designed its pedicure training content to be conducted under its own roof, ensuring theoretical and practical gains. The course content not only covers pedicure training but also includes topics that will assist individuals in other procedures or throughout their working life. Lyuba Nail Academy, which offers multiple training programs, determines prices according to the training content. For more detailed information about pedicure course prices and other training programs, instructors, and procedures applied at the center, you can contact us.   <\/p>\t\t\t\t\t\t\t\t<\/div>\n\t\t\t\t\t<\/div>\n\t\t<\/div>\n\t\t\t\t\t<\/div>\n\t\t<\/section>\n\t\t\t\t<\/div>\n\t\t","protected":false},"excerpt":{"rendered":"<p>pedicure Training The pedicure training organized by Lyuba Nail Academy aims to provide professional education for those who want to<\/p>\n","protected":false},"author":1,"featured_media":0,"parent":0,"menu_order":0,"comment_status":"closed","ping_status":"closed","template":"elementor_header_footer","meta":{"footnotes":""},"class_list":["post-11391","page","type-page","status-publish","hentry"],"yoast_head":"<!-- This site is optimized with the Yoast SEO Premium plugin v27.3 (Yoast SEO v27.4) - https:\/\/yoast.com\/product\/yoast-seo-premium-wordpress\/ -->\n<title>Pedicure Training | Foot Care Course | Nailyuba | Ata\u015fehir Protez ve Jel T\u0131rnak Merkezi<\/title>\n<meta name=\"description\" content=\"Learn the intricacies of foot care with pedicure training! Master the art of pedicure with expert instructors and pamper your clients.\" \/>\n<meta name=\"robots\" content=\"index, follow, max-snippet:-1, max-image-preview:large, max-video-preview:-1\" \/>\n<link rel=\"canonical\" href=\"https:\/\/www.nailyuba.com\/en\/pedicure-and-its-subtleties\/\" \/>\n<meta property=\"og:locale\" content=\"en_US\" \/>\n<meta property=\"og:type\" content=\"article\" \/>\n<meta property=\"og:title\" content=\"Pedicure Training\" \/>\n<meta property=\"og:description\" content=\"Learn the intricacies of foot care with pedicure training! Master the art of pedicure with expert instructors and pamper your clients.\" \/>\n<meta property=\"og:url\" content=\"https:\/\/www.nailyuba.com\/en\/pedicure-and-its-subtleties\/\" \/>\n<meta property=\"og:site_name\" content=\"Nailyuba | Ata\u015fehir Protez ve Jel T\u0131rnak Merkezi\" \/>\n<meta property=\"article:publisher\" content=\"https:\/\/www.facebook.com\/NaiLyuba\/\" \/>\n<meta property=\"article:modified_time\" content=\"2026-02-16T10:37:23+00:00\" \/>\n<meta property=\"og:image\" content=\"https:\/\/www.nailyuba.com\/wp-content\/uploads\/2025\/07\/pedikur-2-1-jpg.webp\" \/>\n\t<meta property=\"og:image:width\" content=\"2049\" \/>\n\t<meta property=\"og:image:height\" content=\"2560\" \/>\n\t<meta property=\"og:image:type\" content=\"image\/webp\" \/>\n<meta name=\"twitter:card\" content=\"summary_large_image\" \/>\n<meta name=\"twitter:site\" content=\"@nailyuba\" \/>\n<meta name=\"twitter:label1\" content=\"Est. reading time\" \/>\n\t<meta name=\"twitter:data1\" content=\"4 minutes\" \/>\n<script type=\"application\/ld+json\" class=\"yoast-schema-graph\">{\"@context\":\"https:\\\/\\\/schema.org\",\"@graph\":[{\"@type\":[\"Article\",\"BlogPosting\"],\"@id\":\"https:\\\/\\\/www.nailyuba.com\\\/en\\\/pedicure-and-its-subtleties\\\/#article\",\"isPartOf\":{\"@id\":\"https:\\\/\\\/www.nailyuba.com\\\/en\\\/pedicure-and-its-subtleties\\\/\"},\"author\":{\"name\":\"Lyuba Tchernova\",\"@id\":\"https:\\\/\\\/www.nailyuba.com\\\/en\\\/#\\\/schema\\\/person\\\/71645f095db3afed319a637579afa259\"},\"headline\":\"Pedicure Training\",\"datePublished\":\"2023-01-04T16:52:20+00:00\",\"dateModified\":\"2026-02-16T10:37:23+00:00\",\"mainEntityOfPage\":{\"@id\":\"https:\\\/\\\/www.nailyuba.com\\\/en\\\/pedicure-and-its-subtleties\\\/\"},\"wordCount\":792,\"publisher\":{\"@id\":\"https:\\\/\\\/www.nailyuba.com\\\/en\\\/#organization\"},\"image\":{\"@id\":\"https:\\\/\\\/www.nailyuba.com\\\/en\\\/pedicure-and-its-subtleties\\\/#primaryimage\"},\"thumbnailUrl\":\"https:\\\/\\\/www.nailyuba.com\\\/wp-content\\\/uploads\\\/2025\\\/07\\\/pedikur-2-1-jpg-820x1024.webp\",\"inLanguage\":\"en-US\"},{\"@type\":\"WebPage\",\"@id\":\"https:\\\/\\\/www.nailyuba.com\\\/en\\\/pedicure-and-its-subtleties\\\/\",\"url\":\"https:\\\/\\\/www.nailyuba.com\\\/en\\\/pedicure-and-its-subtleties\\\/\",\"name\":\"Pedicure Training | Foot Care Course | Nailyuba | Ata\u015fehir Protez ve Jel T\u0131rnak Merkezi\",\"isPartOf\":{\"@id\":\"https:\\\/\\\/www.nailyuba.com\\\/en\\\/#website\"},\"primaryImageOfPage\":{\"@id\":\"https:\\\/\\\/www.nailyuba.com\\\/en\\\/pedicure-and-its-subtleties\\\/#primaryimage\"},\"image\":{\"@id\":\"https:\\\/\\\/www.nailyuba.com\\\/en\\\/pedicure-and-its-subtleties\\\/#primaryimage\"},\"thumbnailUrl\":\"https:\\\/\\\/www.nailyuba.com\\\/wp-content\\\/uploads\\\/2025\\\/07\\\/pedikur-2-1-jpg-820x1024.webp\",\"datePublished\":\"2023-01-04T16:52:20+00:00\",\"dateModified\":\"2026-02-16T10:37:23+00:00\",\"description\":\"Learn the intricacies of foot care with pedicure training! Master the art of pedicure with expert instructors and pamper your clients.\",\"breadcrumb\":{\"@id\":\"https:\\\/\\\/www.nailyuba.com\\\/en\\\/pedicure-and-its-subtleties\\\/#breadcrumb\"},\"inLanguage\":\"en-US\",\"potentialAction\":[{\"@type\":\"ReadAction\",\"target\":[\"https:\\\/\\\/www.nailyuba.com\\\/en\\\/pedicure-and-its-subtleties\\\/\"]}]},{\"@type\":\"ImageObject\",\"inLanguage\":\"en-US\",\"@id\":\"https:\\\/\\\/www.nailyuba.com\\\/en\\\/pedicure-and-its-subtleties\\\/#primaryimage\",\"url\":\"https:\\\/\\\/www.nailyuba.com\\\/wp-content\\\/uploads\\\/2025\\\/07\\\/pedikur-2-1-jpg-820x1024.webp\",\"contentUrl\":\"https:\\\/\\\/www.nailyuba.com\\\/wp-content\\\/uploads\\\/2025\\\/07\\\/pedikur-2-1-jpg-820x1024.webp\"},{\"@type\":\"BreadcrumbList\",\"@id\":\"https:\\\/\\\/www.nailyuba.com\\\/en\\\/pedicure-and-its-subtleties\\\/#breadcrumb\",\"itemListElement\":[{\"@type\":\"ListItem\",\"position\":1,\"name\":\"Anasayfa\",\"item\":\"https:\\\/\\\/www.nailyuba.com\\\/en\\\/\"},{\"@type\":\"ListItem\",\"position\":2,\"name\":\"Pedicure Training\"}]},{\"@type\":\"WebSite\",\"@id\":\"https:\\\/\\\/www.nailyuba.com\\\/en\\\/#website\",\"url\":\"https:\\\/\\\/www.nailyuba.com\\\/en\\\/\",\"name\":\"Nailyuba | Ata\u015fehir Protez ve Jel T\u0131rnak Merkezi\",\"description\":\"T\u0131rnak Sanat\u0131\",\"publisher\":{\"@id\":\"https:\\\/\\\/www.nailyuba.com\\\/en\\\/#organization\"},\"potentialAction\":[{\"@type\":\"SearchAction\",\"target\":{\"@type\":\"EntryPoint\",\"urlTemplate\":\"https:\\\/\\\/www.nailyuba.com\\\/en\\\/?s={search_term_string}\"},\"query-input\":{\"@type\":\"PropertyValueSpecification\",\"valueRequired\":true,\"valueName\":\"search_term_string\"}}],\"inLanguage\":\"en-US\"},{\"@type\":\"Organization\",\"@id\":\"https:\\\/\\\/www.nailyuba.com\\\/en\\\/#organization\",\"name\":\"Nailyuba\",\"alternateName\":\"NaiLyuba\",\"url\":\"https:\\\/\\\/www.nailyuba.com\\\/en\\\/\",\"logo\":{\"@type\":\"ImageObject\",\"inLanguage\":\"en-US\",\"@id\":\"https:\\\/\\\/www.nailyuba.com\\\/en\\\/#\\\/schema\\\/logo\\\/image\\\/\",\"url\":\"https:\\\/\\\/www.nailyuba.com\\\/wp-content\\\/uploads\\\/2026\\\/01\\\/cropped-nailyuba.png\",\"contentUrl\":\"https:\\\/\\\/www.nailyuba.com\\\/wp-content\\\/uploads\\\/2026\\\/01\\\/cropped-nailyuba.png\",\"width\":512,\"height\":512,\"caption\":\"Nailyuba\"},\"image\":{\"@id\":\"https:\\\/\\\/www.nailyuba.com\\\/en\\\/#\\\/schema\\\/logo\\\/image\\\/\"},\"sameAs\":[\"https:\\\/\\\/www.facebook.com\\\/NaiLyuba\\\/\",\"https:\\\/\\\/x.com\\\/nailyuba\",\"https:\\\/\\\/www.instagram.com\\\/nailyuba\\\/\",\"https:\\\/\\\/www.youtube.com\\\/channel\\\/UC1awlGOzpUbufxnVj2ga-OQ\",\"https:\\\/\\\/www.tiktok.com\\\/@nailyuba\",\"https:\\\/\\\/www.linkedin.com\\\/company\\\/nailyuba\\\/about\\\/\"],\"foundingDate\":\"2020-02-27\"},{\"@type\":\"Person\",\"@id\":\"https:\\\/\\\/www.nailyuba.com\\\/en\\\/#\\\/schema\\\/person\\\/71645f095db3afed319a637579afa259\",\"name\":\"Lyuba Tchernova\",\"description\":\"Lyuba Tchernova, 2010 y\u0131l\u0131ndan bu yana t\u0131rnak sa\u011fl\u0131\u011f\u0131 ve medikal estetik alan\u0131nda uzmanla\u015fm\u0131\u015f, uluslararas\u0131 sertifikal\u0131 bir Usta \u00d6\u011freticidir. Kad\u0131k\u00f6y \u015eifa Hastanesi'nde edindi\u011fi medikal sterilizasyon disiplinini, Rusya ve Ukrayna'da ald\u0131\u011f\u0131 Master Class (Russian School) e\u011fitimleriyle birle\u015ftirerek 2020'de Ata\u015fehir'deki Nailyuba T\u0131rnak Sanat\u0131 Merkezi'ni kurmu\u015ftur. Podoloji tabanl\u0131 medikal bak\u0131m ve ileri seviye t\u0131rnak kimyas\u0131 alanlar\u0131nda sekt\u00f6r otoritelerinden biridir.\",\"sameAs\":[\"https:\\\/\\\/www.nailyuba.com\"],\"honorificPrefix\":\"Usta \u00d6\u011fretici\",\"gender\":\"kad\u0131n\",\"award\":[\"Usta \u00d6\u011freticilik Belgesi (2017)\",\"Uluslararas\u0131 Master Class Sertifikas\u0131\"],\"knowsAbout\":[\"Medikal Ayak Bak\u0131m\u0131 (Podoloji)\",\"Protez ve Jel T\u0131rnak Kimyas\u0131\",\"Rus Tekni\u011fi (Russian Manicure)\",\"Dipping T\u0131rnak\",\"Kombi Manik\u00fcr\"],\"knowsLanguage\":[\"T\u00fcrk\u00e7e\",\"Rus\u00e7a\",\"\u0130ngilizce\"],\"jobTitle\":\"Kurucu ve Master E\u011fitmen\",\"worksFor\":\"NaiLyuba Ata\u015fehir Protez Jel T\u0131rnak Kal\u0131c\u0131 Oje Salonu\"}]}<\/script>\n<!-- \/ Yoast SEO Premium plugin. -->","yoast_head_json":{"title":"Pedicure Training | Foot Care Course | Nailyuba | Ata\u015fehir Protez ve Jel T\u0131rnak Merkezi","description":"Learn the intricacies of foot care with pedicure training! Master the art of pedicure with expert instructors and pamper your clients.","robots":{"index":"index","follow":"follow","max-snippet":"max-snippet:-1","max-image-preview":"max-image-preview:large","max-video-preview":"max-video-preview:-1"},"canonical":"https:\/\/www.nailyuba.com\/en\/pedicure-and-its-subtleties\/","og_locale":"en_US","og_type":"article","og_title":"Pedicure Training","og_description":"Learn the intricacies of foot care with pedicure training! Master the art of pedicure with expert instructors and pamper your clients.","og_url":"https:\/\/www.nailyuba.com\/en\/pedicure-and-its-subtleties\/","og_site_name":"Nailyuba | Ata\u015fehir Protez ve Jel T\u0131rnak Merkezi","article_publisher":"https:\/\/www.facebook.com\/NaiLyuba\/","article_modified_time":"2026-02-16T10:37:23+00:00","og_image":[{"width":2049,"height":2560,"url":"https:\/\/www.nailyuba.com\/wp-content\/uploads\/2025\/07\/pedikur-2-1-jpg.webp","type":"image\/webp"}],"twitter_card":"summary_large_image","twitter_site":"@nailyuba","twitter_misc":{"Est. reading time":"4 minutes"},"schema":{"@context":"https:\/\/schema.org","@graph":[{"@type":["Article","BlogPosting"],"@id":"https:\/\/www.nailyuba.com\/en\/pedicure-and-its-subtleties\/#article","isPartOf":{"@id":"https:\/\/www.nailyuba.com\/en\/pedicure-and-its-subtleties\/"},"author":{"name":"Lyuba Tchernova","@id":"https:\/\/www.nailyuba.com\/en\/#\/schema\/person\/71645f095db3afed319a637579afa259"},"headline":"Pedicure Training","datePublished":"2023-01-04T16:52:20+00:00","dateModified":"2026-02-16T10:37:23+00:00","mainEntityOfPage":{"@id":"https:\/\/www.nailyuba.com\/en\/pedicure-and-its-subtleties\/"},"wordCount":792,"publisher":{"@id":"https:\/\/www.nailyuba.com\/en\/#organization"},"image":{"@id":"https:\/\/www.nailyuba.com\/en\/pedicure-and-its-subtleties\/#primaryimage"},"thumbnailUrl":"https:\/\/www.nailyuba.com\/wp-content\/uploads\/2025\/07\/pedikur-2-1-jpg-820x1024.webp","inLanguage":"en-US"},{"@type":"WebPage","@id":"https:\/\/www.nailyuba.com\/en\/pedicure-and-its-subtleties\/","url":"https:\/\/www.nailyuba.com\/en\/pedicure-and-its-subtleties\/","name":"Pedicure Training | Foot Care Course | Nailyuba | Ata\u015fehir Protez ve Jel T\u0131rnak Merkezi","isPartOf":{"@id":"https:\/\/www.nailyuba.com\/en\/#website"},"primaryImageOfPage":{"@id":"https:\/\/www.nailyuba.com\/en\/pedicure-and-its-subtleties\/#primaryimage"},"image":{"@id":"https:\/\/www.nailyuba.com\/en\/pedicure-and-its-subtleties\/#primaryimage"},"thumbnailUrl":"https:\/\/www.nailyuba.com\/wp-content\/uploads\/2025\/07\/pedikur-2-1-jpg-820x1024.webp","datePublished":"2023-01-04T16:52:20+00:00","dateModified":"2026-02-16T10:37:23+00:00","description":"Learn the intricacies of foot care with pedicure training! Master the art of pedicure with expert instructors and pamper your clients.","breadcrumb":{"@id":"https:\/\/www.nailyuba.com\/en\/pedicure-and-its-subtleties\/#breadcrumb"},"inLanguage":"en-US","potentialAction":[{"@type":"ReadAction","target":["https:\/\/www.nailyuba.com\/en\/pedicure-and-its-subtleties\/"]}]},{"@type":"ImageObject","inLanguage":"en-US","@id":"https:\/\/www.nailyuba.com\/en\/pedicure-and-its-subtleties\/#primaryimage","url":"https:\/\/www.nailyuba.com\/wp-content\/uploads\/2025\/07\/pedikur-2-1-jpg-820x1024.webp","contentUrl":"https:\/\/www.nailyuba.com\/wp-content\/uploads\/2025\/07\/pedikur-2-1-jpg-820x1024.webp"},{"@type":"BreadcrumbList","@id":"https:\/\/www.nailyuba.com\/en\/pedicure-and-its-subtleties\/#breadcrumb","itemListElement":[{"@type":"ListItem","position":1,"name":"Anasayfa","item":"https:\/\/www.nailyuba.com\/en\/"},{"@type":"ListItem","position":2,"name":"Pedicure Training"}]},{"@type":"WebSite","@id":"https:\/\/www.nailyuba.com\/en\/#website","url":"https:\/\/www.nailyuba.com\/en\/","name":"Nailyuba | Ata\u015fehir Protez ve Jel T\u0131rnak Merkezi","description":"T\u0131rnak Sanat\u0131","publisher":{"@id":"https:\/\/www.nailyuba.com\/en\/#organization"},"potentialAction":[{"@type":"SearchAction","target":{"@type":"EntryPoint","urlTemplate":"https:\/\/www.nailyuba.com\/en\/?s={search_term_string}"},"query-input":{"@type":"PropertyValueSpecification","valueRequired":true,"valueName":"search_term_string"}}],"inLanguage":"en-US"},{"@type":"Organization","@id":"https:\/\/www.nailyuba.com\/en\/#organization","name":"Nailyuba","alternateName":"NaiLyuba","url":"https:\/\/www.nailyuba.com\/en\/","logo":{"@type":"ImageObject","inLanguage":"en-US","@id":"https:\/\/www.nailyuba.com\/en\/#\/schema\/logo\/image\/","url":"https:\/\/www.nailyuba.com\/wp-content\/uploads\/2026\/01\/cropped-nailyuba.png","contentUrl":"https:\/\/www.nailyuba.com\/wp-content\/uploads\/2026\/01\/cropped-nailyuba.png","width":512,"height":512,"caption":"Nailyuba"},"image":{"@id":"https:\/\/www.nailyuba.com\/en\/#\/schema\/logo\/image\/"},"sameAs":["https:\/\/www.facebook.com\/NaiLyuba\/","https:\/\/x.com\/nailyuba","https:\/\/www.instagram.com\/nailyuba\/","https:\/\/www.youtube.com\/channel\/UC1awlGOzpUbufxnVj2ga-OQ","https:\/\/www.tiktok.com\/@nailyuba","https:\/\/www.linkedin.com\/company\/nailyuba\/about\/"],"foundingDate":"2020-02-27"},{"@type":"Person","@id":"https:\/\/www.nailyuba.com\/en\/#\/schema\/person\/71645f095db3afed319a637579afa259","name":"Lyuba Tchernova","description":"Lyuba Tchernova, 2010 y\u0131l\u0131ndan bu yana t\u0131rnak sa\u011fl\u0131\u011f\u0131 ve medikal estetik alan\u0131nda uzmanla\u015fm\u0131\u015f, uluslararas\u0131 sertifikal\u0131 bir Usta \u00d6\u011freticidir. Kad\u0131k\u00f6y \u015eifa Hastanesi'nde edindi\u011fi medikal sterilizasyon disiplinini, Rusya ve Ukrayna'da ald\u0131\u011f\u0131 Master Class (Russian School) e\u011fitimleriyle birle\u015ftirerek 2020'de Ata\u015fehir'deki Nailyuba T\u0131rnak Sanat\u0131 Merkezi'ni kurmu\u015ftur. Podoloji tabanl\u0131 medikal bak\u0131m ve ileri seviye t\u0131rnak kimyas\u0131 alanlar\u0131nda sekt\u00f6r otoritelerinden biridir.","sameAs":["https:\/\/www.nailyuba.com"],"honorificPrefix":"Usta \u00d6\u011fretici","gender":"kad\u0131n","award":["Usta \u00d6\u011freticilik Belgesi (2017)","Uluslararas\u0131 Master Class Sertifikas\u0131"],"knowsAbout":["Medikal Ayak Bak\u0131m\u0131 (Podoloji)","Protez ve Jel T\u0131rnak Kimyas\u0131","Rus Tekni\u011fi (Russian Manicure)","Dipping T\u0131rnak","Kombi Manik\u00fcr"],"knowsLanguage":["T\u00fcrk\u00e7e","Rus\u00e7a","\u0130ngilizce"],"jobTitle":"Kurucu ve Master E\u011fitmen","worksFor":"NaiLyuba Ata\u015fehir Protez Jel T\u0131rnak Kal\u0131c\u0131 Oje Salonu"}]}},"_links":{"self":[{"href":"https:\/\/www.nailyuba.com\/en\/wp-json\/wp\/v2\/pages\/11391","targetHints":{"allow":["GET"]}}],"collection":[{"href":"https:\/\/www.nailyuba.com\/en\/wp-json\/wp\/v2\/pages"}],"about":[{"href":"https:\/\/www.nailyuba.com\/en\/wp-json\/wp\/v2\/types\/page"}],"author":[{"embeddable":true,"href":"https:\/\/www.nailyuba.com\/en\/wp-json\/wp\/v2\/users\/1"}],"replies":[{"embeddable":true,"href":"https:\/\/www.nailyuba.com\/en\/wp-json\/wp\/v2\/comments?post=11391"}],"version-history":[{"count":7,"href":"https:\/\/www.nailyuba.com\/en\/wp-json\/wp\/v2\/pages\/11391\/revisions"}],"predecessor-version":[{"id":31104,"href":"https:\/\/www.nailyuba.com\/en\/wp-json\/wp\/v2\/pages\/11391\/revisions\/31104"}],"wp:attachment":[{"href":"https:\/\/www.nailyuba.com\/en\/wp-json\/wp\/v2\/media?parent=11391"}],"curies":[{"name":"wp","href":"https:\/\/api.w.org\/{rel}","templated":true}]}}