{"id":11389,"date":"2023-02-17T17:19:39","date_gmt":"2023-02-17T17:19:39","guid":{"rendered":"https:\/\/www.www.nailyuba.com\/template-gel-nail-tutorial\/"},"modified":"2026-02-16T10:32:41","modified_gmt":"2026-02-16T10:32:41","slug":"gel-nails-on-a-template","status":"publish","type":"page","link":"https:\/\/www.nailyuba.com\/en\/gel-nails-on-a-template\/","title":{"rendered":"Gel Nail Training with Templates"},"content":{"rendered":"\t\t<div data-elementor-type=\"wp-page\" data-elementor-id=\"11389\" class=\"elementor elementor-11389 elementor-11387\" data-elementor-post-type=\"page\">\n\t\t\t\t\t\t<section class=\"wd-negative-gap elementor-section elementor-top-section elementor-element elementor-element-34fd5124 elementor-section-boxed elementor-section-height-default elementor-section-height-default\" data-id=\"34fd5124\" data-element_type=\"section\" data-e-type=\"section\">\n\t\t\t\t\t\t<div class=\"elementor-container elementor-column-gap-default\">\n\t\t\t\t\t<div class=\"elementor-column elementor-col-100 elementor-top-column elementor-element elementor-element-58fff0bf\" data-id=\"58fff0bf\" data-element_type=\"column\" data-e-type=\"column\" data-settings=\"{&quot;background_background&quot;:&quot;classic&quot;}\">\n\t\t\t<div class=\"elementor-widget-wrap elementor-element-populated\">\n\t\t\t\t\t\t<section class=\"wd-negative-gap elementor-section elementor-inner-section elementor-element elementor-element-43e3aa08 elementor-section-boxed elementor-section-height-default elementor-section-height-default\" data-id=\"43e3aa08\" data-element_type=\"section\" data-e-type=\"section\">\n\t\t\t\t\t\t<div class=\"elementor-container elementor-column-gap-default\">\n\t\t\t\t\t<div class=\"elementor-column elementor-col-100 elementor-inner-column elementor-element elementor-element-6ee8c053\" data-id=\"6ee8c053\" data-element_type=\"column\" data-e-type=\"column\">\n\t\t\t<div class=\"elementor-widget-wrap elementor-element-populated\">\n\t\t\t\t\t\t<div class=\"elementor-element elementor-element-b0840e6 elementor-widget elementor-widget-heading\" data-id=\"b0840e6\" data-element_type=\"widget\" data-e-type=\"widget\" data-widget_type=\"heading.default\">\n\t\t\t\t\t<h1 class=\"elementor-heading-title elementor-size-default\">gel nails training with template<\/h1>\t\t\t\t<\/div>\n\t\t\t\t<div class=\"elementor-element elementor-element-f401e4e color-scheme-inherit text-left elementor-widget elementor-widget-text-editor\" data-id=\"f401e4e\" data-element_type=\"widget\" data-e-type=\"widget\" data-widget_type=\"text-editor.default\">\n\t\t\t\t\t\t\t\t\t<p>Gel nail training is one of the beauty and cosmetic education subjects that has become widespread worldwide and is quite popular in Turkey. Interest in permanent nail polish, manicure and pedicure procedures, artificial nail applications, and nail art has increased over time. As a result, beauty centers and work areas have expanded. All these developments have led to the emergence of different categories in the beauty and cosmetics industry. Thus, new job opportunities have opened up for people who want to work in the beauty field.    <\/p><p>Today, skin care, hand and foot care, and beauty centers have become a good opportunity for those who want to have a profession after receiving good and professional training. Lyuba Nail Academy has started training with its expert staff and trainers to raise specialists in the beauty industry for future periods. Additionally, Lyuba Nail Academy, which provides training in many areas, offers gel nail courses in Istanbul for those who wish to participate.  <\/p>\t\t\t\t\t\t\t\t<\/div>\n\t\t\t\t\t<\/div>\n\t\t<\/div>\n\t\t\t\t\t<\/div>\n\t\t<\/section>\n\t\t\t\t<div class=\"elementor-element elementor-element-ce5e379 elementor-widget elementor-widget-image\" data-id=\"ce5e379\" data-element_type=\"widget\" data-e-type=\"widget\" data-widget_type=\"image.default\">\n\t\t\t\t\t\t\t\t\t\t\t\t\t\t\t<img loading=\"lazy\" decoding=\"async\" width=\"1024\" height=\"768\" src=\"https:\/\/www.nailyuba.com\/wp-content\/uploads\/2021\/12\/photo_2021-04-11_16-27-52-jpg-1024x768.webp\" class=\"attachment-large size-large wp-image-20725\" alt=\"jel t\u0131rnak\" srcset=\"https:\/\/www.nailyuba.com\/wp-content\/uploads\/2021\/12\/photo_2021-04-11_16-27-52-jpg-1024x768.webp 1024w, https:\/\/www.nailyuba.com\/wp-content\/uploads\/2021\/12\/photo_2021-04-11_16-27-52-jpg-300x225.webp 300w, https:\/\/www.nailyuba.com\/wp-content\/uploads\/2021\/12\/photo_2021-04-11_16-27-52-jpg-768x576.webp 768w, https:\/\/www.nailyuba.com\/wp-content\/uploads\/2021\/12\/photo_2021-04-11_16-27-52-jpg.webp 1280w\" sizes=\"auto, (max-width: 1024px) 100vw, 1024px\" \/>\t\t\t\t\t\t\t\t\t\t\t\t\t\t\t<\/div>\n\t\t\t\t<div class=\"elementor-element elementor-element-3e578d0c color-scheme-inherit text-left elementor-widget elementor-widget-text-editor\" data-id=\"3e578d0c\" data-element_type=\"widget\" data-e-type=\"widget\" data-widget_type=\"text-editor.default\">\n\t\t\t\t\t\t\t\t\t<p>Lyuba Nail Academy offers practical learning opportunities by providing theoretical knowledge in artificial nail training. In our artificial nail training, live models are used, giving you the opportunity to improve your skills and hand dexterity. This makes it easier to learn the tricks and achieve successful results when applying in professional life. To perform aesthetic and healthy applications, it is necessary to receive professional training and ensure customer satisfaction. Lyuba Nail Academy prepares participants for situations they may encounter before and after the procedure with gel nail training.    <\/p><h2>What is Gel Nail?<\/h2><p>We can generally refer to gel nail application as artificial nails. Experts apply artificial nails to people with small, brittle nail structures or nail-biting problems. Length and shape are given to the nail using materials such as gel, polygel, acrigel, or gel nail. The artificial nail application creates the desired nail length and preferred shape. Gel nails maintain their durability for about a month.    <\/p>\t\t\t\t\t\t\t\t<\/div>\n\t\t\t\t<div class=\"elementor-element elementor-element-48ed0ae5 color-scheme-inherit text-left elementor-widget elementor-widget-text-editor\" data-id=\"48ed0ae5\" data-element_type=\"widget\" data-e-type=\"widget\" data-widget_type=\"text-editor.default\">\n\t\t\t\t\t\t\t\t\t<p>The materials used for application vary. Acrylic or gel nail application can be preferred. Acrylic artificial nail application is thicker, paste-like, and harder. The gel used in gel nail application is less dense and more flexible. Both applications can be done with tip attachment technique or template technique. Before the procedure, the nail needs to be cleaned of dead skin and shaped. Experts apply dry manicure for a proper gel nail application. This process removes dead skin from the nail.       <\/p><p>Dry manicure is preferred for quick results and less irritation to cuticle skin. After completing the shaping process with gel nails, the expert applies permanent nail polish with the chosen color. They draw shapes and pictures on the nail using the nail art method. To apply this process successfully, professional artificial nail training is required. Adjusting the thickness of the gel and shaping the gel as desired is a process that requires expertise. Lyuba Nail Academy provides professional training in this field to train hand and foot specialists.     <\/p>\t\t\t\t\t\t\t\t<\/div>\n\t\t\t\t<div class=\"elementor-element elementor-element-1b7acf7d color-scheme-inherit text-left elementor-widget elementor-widget-text-editor\" data-id=\"1b7acf7d\" data-element_type=\"widget\" data-e-type=\"widget\" data-widget_type=\"text-editor.default\">\n\t\t\t\t\t\t\t\t\t<h2>Lyuba Nail Academy Gel Nail Training Content<\/h2><p>For gel nail training, a training program has been designed that includes many different topics. Gel nail training includes: <\/p><ul><li>Customer greeting and farewell,<\/li><li>Salon preparation and ensuring hygiene for gel nail procedure,<\/li><li>Experts manage every situation during gel nail application and prevent possible problems.<\/li><li>Preparation stages for gel nail application,<\/li><li>In gel nail making, experts identify materials and demonstrate how to use equipment.<\/li><li>Gel nail techniques,<\/li><li>Experts explain in detail the hygiene rules to be followed during and after gel nail application.<\/li><\/ul><p>Participants living in Istanbul can attend face-to-face gel nail training. Additionally, one-on-one gel nail application for training purposes is carried out at Nailyuba. Participants will be given a training completion certificate prepared by Lyuba Nail Academy at the end of the course.  <\/p><h2>Lyuba Nail Academy Prices <\/h2><p>Lyuba Nail Academy has structured its gel nail training to provide both theoretical and practical benefits. The course content is not limited to just gel nail training information. It also includes knowledge transfer in different areas and covers fundamental topics that will assist individuals throughout their working life. Lyuba Nail Academy, which offers many different types of training, determines its prices according to the training content. These trainings are interconnected. For example, experts apply manicure and pedicure as basic procedures in nail treatments and use them in most processes. Therefore, moving on to other steps without knowing how to do manicure and pedicure will prevent achieving professional results. You can contact us to learn about gel nail course prices, procedures at the center, and other training programs.       <\/p>\t\t\t\t\t\t\t\t<\/div>\n\t\t\t\t\t<\/div>\n\t\t<\/div>\n\t\t\t\t\t<\/div>\n\t\t<\/section>\n\t\t\t\t<\/div>\n\t\t","protected":false},"excerpt":{"rendered":"<p>gel nails training with template Gel nail training is one of the beauty and cosmetic education subjects that has become<\/p>\n","protected":false},"author":1,"featured_media":0,"parent":0,"menu_order":0,"comment_status":"closed","ping_status":"closed","template":"elementor_header_footer","meta":{"footnotes":""},"class_list":["post-11389","page","type-page","status-publish","hentry"],"yoast_head":"<!-- This site is optimized with the Yoast SEO Premium plugin v27.3 (Yoast SEO v27.4) - https:\/\/yoast.com\/product\/yoast-seo-premium-wordpress\/ -->\n<title>Gel Nail Training | Gel Nail Training with Templates | Nailyuba | Ata\u015fehir Protez ve Jel T\u0131rnak Merkezi<\/title>\n<meta name=\"description\" content=\"Expert-guided gel nail training with templates! Specialize in the beauty industry, develop the ability to create professional gel nail designs.\" \/>\n<meta name=\"robots\" content=\"index, follow, max-snippet:-1, max-image-preview:large, max-video-preview:-1\" \/>\n<link rel=\"canonical\" href=\"https:\/\/www.nailyuba.com\/en\/gel-nails-on-a-template\/\" \/>\n<meta property=\"og:locale\" content=\"en_US\" \/>\n<meta property=\"og:type\" content=\"article\" \/>\n<meta property=\"og:title\" content=\"Gel Nail Training with Templates\" \/>\n<meta property=\"og:description\" content=\"Expert-guided gel nail training with templates! Specialize in the beauty industry, develop the ability to create professional gel nail designs.\" \/>\n<meta property=\"og:url\" content=\"https:\/\/www.nailyuba.com\/en\/gel-nails-on-a-template\/\" \/>\n<meta property=\"og:site_name\" content=\"Nailyuba | Ata\u015fehir Protez ve Jel T\u0131rnak Merkezi\" \/>\n<meta property=\"article:publisher\" content=\"https:\/\/www.facebook.com\/NaiLyuba\/\" \/>\n<meta property=\"article:modified_time\" content=\"2026-02-16T10:32:41+00:00\" \/>\n<meta property=\"og:image\" content=\"https:\/\/www.nailyuba.com\/wp-content\/uploads\/2021\/12\/photo_2021-04-11_16-27-52-jpg.webp\" \/>\n\t<meta property=\"og:image:width\" content=\"1280\" \/>\n\t<meta property=\"og:image:height\" content=\"960\" \/>\n\t<meta property=\"og:image:type\" content=\"image\/webp\" \/>\n<meta name=\"twitter:card\" content=\"summary_large_image\" \/>\n<meta name=\"twitter:site\" content=\"@nailyuba\" \/>\n<meta name=\"twitter:label1\" content=\"Est. reading time\" \/>\n\t<meta name=\"twitter:data1\" content=\"4 minutes\" \/>\n<script type=\"application\/ld+json\" class=\"yoast-schema-graph\">{\"@context\":\"https:\\\/\\\/schema.org\",\"@graph\":[{\"@type\":[\"Article\",\"BlogPosting\"],\"@id\":\"https:\\\/\\\/www.nailyuba.com\\\/en\\\/gel-nails-on-a-template\\\/#article\",\"isPartOf\":{\"@id\":\"https:\\\/\\\/www.nailyuba.com\\\/en\\\/gel-nails-on-a-template\\\/\"},\"author\":{\"name\":\"Lyuba Tchernova\",\"@id\":\"https:\\\/\\\/www.nailyuba.com\\\/en\\\/#\\\/schema\\\/person\\\/71645f095db3afed319a637579afa259\"},\"headline\":\"Gel Nail Training with Templates\",\"datePublished\":\"2023-02-17T17:19:39+00:00\",\"dateModified\":\"2026-02-16T10:32:41+00:00\",\"mainEntityOfPage\":{\"@id\":\"https:\\\/\\\/www.nailyuba.com\\\/en\\\/gel-nails-on-a-template\\\/\"},\"wordCount\":755,\"publisher\":{\"@id\":\"https:\\\/\\\/www.nailyuba.com\\\/en\\\/#organization\"},\"image\":{\"@id\":\"https:\\\/\\\/www.nailyuba.com\\\/en\\\/gel-nails-on-a-template\\\/#primaryimage\"},\"thumbnailUrl\":\"https:\\\/\\\/www.nailyuba.com\\\/wp-content\\\/uploads\\\/2021\\\/12\\\/photo_2021-04-11_16-27-52-jpg-1024x768.webp\",\"inLanguage\":\"en-US\"},{\"@type\":\"WebPage\",\"@id\":\"https:\\\/\\\/www.nailyuba.com\\\/en\\\/gel-nails-on-a-template\\\/\",\"url\":\"https:\\\/\\\/www.nailyuba.com\\\/en\\\/gel-nails-on-a-template\\\/\",\"name\":\"Gel Nail Training | Gel Nail Training with Templates | Nailyuba | Ata\u015fehir Protez ve Jel T\u0131rnak Merkezi\",\"isPartOf\":{\"@id\":\"https:\\\/\\\/www.nailyuba.com\\\/en\\\/#website\"},\"primaryImageOfPage\":{\"@id\":\"https:\\\/\\\/www.nailyuba.com\\\/en\\\/gel-nails-on-a-template\\\/#primaryimage\"},\"image\":{\"@id\":\"https:\\\/\\\/www.nailyuba.com\\\/en\\\/gel-nails-on-a-template\\\/#primaryimage\"},\"thumbnailUrl\":\"https:\\\/\\\/www.nailyuba.com\\\/wp-content\\\/uploads\\\/2021\\\/12\\\/photo_2021-04-11_16-27-52-jpg-1024x768.webp\",\"datePublished\":\"2023-02-17T17:19:39+00:00\",\"dateModified\":\"2026-02-16T10:32:41+00:00\",\"description\":\"Expert-guided gel nail training with templates! Specialize in the beauty industry, develop the ability to create professional gel nail designs.\",\"breadcrumb\":{\"@id\":\"https:\\\/\\\/www.nailyuba.com\\\/en\\\/gel-nails-on-a-template\\\/#breadcrumb\"},\"inLanguage\":\"en-US\",\"potentialAction\":[{\"@type\":\"ReadAction\",\"target\":[\"https:\\\/\\\/www.nailyuba.com\\\/en\\\/gel-nails-on-a-template\\\/\"]}]},{\"@type\":\"ImageObject\",\"inLanguage\":\"en-US\",\"@id\":\"https:\\\/\\\/www.nailyuba.com\\\/en\\\/gel-nails-on-a-template\\\/#primaryimage\",\"url\":\"https:\\\/\\\/www.nailyuba.com\\\/wp-content\\\/uploads\\\/2021\\\/12\\\/photo_2021-04-11_16-27-52-jpg-1024x768.webp\",\"contentUrl\":\"https:\\\/\\\/www.nailyuba.com\\\/wp-content\\\/uploads\\\/2021\\\/12\\\/photo_2021-04-11_16-27-52-jpg-1024x768.webp\"},{\"@type\":\"BreadcrumbList\",\"@id\":\"https:\\\/\\\/www.nailyuba.com\\\/en\\\/gel-nails-on-a-template\\\/#breadcrumb\",\"itemListElement\":[{\"@type\":\"ListItem\",\"position\":1,\"name\":\"Anasayfa\",\"item\":\"https:\\\/\\\/www.nailyuba.com\\\/en\\\/\"},{\"@type\":\"ListItem\",\"position\":2,\"name\":\"Gel Nail Training with Templates\"}]},{\"@type\":\"WebSite\",\"@id\":\"https:\\\/\\\/www.nailyuba.com\\\/en\\\/#website\",\"url\":\"https:\\\/\\\/www.nailyuba.com\\\/en\\\/\",\"name\":\"Nailyuba | Ata\u015fehir Protez ve Jel T\u0131rnak Merkezi\",\"description\":\"T\u0131rnak Sanat\u0131\",\"publisher\":{\"@id\":\"https:\\\/\\\/www.nailyuba.com\\\/en\\\/#organization\"},\"potentialAction\":[{\"@type\":\"SearchAction\",\"target\":{\"@type\":\"EntryPoint\",\"urlTemplate\":\"https:\\\/\\\/www.nailyuba.com\\\/en\\\/?s={search_term_string}\"},\"query-input\":{\"@type\":\"PropertyValueSpecification\",\"valueRequired\":true,\"valueName\":\"search_term_string\"}}],\"inLanguage\":\"en-US\"},{\"@type\":\"Organization\",\"@id\":\"https:\\\/\\\/www.nailyuba.com\\\/en\\\/#organization\",\"name\":\"Nailyuba\",\"alternateName\":\"NaiLyuba\",\"url\":\"https:\\\/\\\/www.nailyuba.com\\\/en\\\/\",\"logo\":{\"@type\":\"ImageObject\",\"inLanguage\":\"en-US\",\"@id\":\"https:\\\/\\\/www.nailyuba.com\\\/en\\\/#\\\/schema\\\/logo\\\/image\\\/\",\"url\":\"https:\\\/\\\/www.nailyuba.com\\\/wp-content\\\/uploads\\\/2026\\\/01\\\/cropped-nailyuba.png\",\"contentUrl\":\"https:\\\/\\\/www.nailyuba.com\\\/wp-content\\\/uploads\\\/2026\\\/01\\\/cropped-nailyuba.png\",\"width\":512,\"height\":512,\"caption\":\"Nailyuba\"},\"image\":{\"@id\":\"https:\\\/\\\/www.nailyuba.com\\\/en\\\/#\\\/schema\\\/logo\\\/image\\\/\"},\"sameAs\":[\"https:\\\/\\\/www.facebook.com\\\/NaiLyuba\\\/\",\"https:\\\/\\\/x.com\\\/nailyuba\",\"https:\\\/\\\/www.instagram.com\\\/nailyuba\\\/\",\"https:\\\/\\\/www.youtube.com\\\/channel\\\/UC1awlGOzpUbufxnVj2ga-OQ\",\"https:\\\/\\\/www.tiktok.com\\\/@nailyuba\",\"https:\\\/\\\/www.linkedin.com\\\/company\\\/nailyuba\\\/about\\\/\"],\"foundingDate\":\"2020-02-27\"},{\"@type\":\"Person\",\"@id\":\"https:\\\/\\\/www.nailyuba.com\\\/en\\\/#\\\/schema\\\/person\\\/71645f095db3afed319a637579afa259\",\"name\":\"Lyuba Tchernova\",\"description\":\"Lyuba Tchernova, 2010 y\u0131l\u0131ndan bu yana t\u0131rnak sa\u011fl\u0131\u011f\u0131 ve medikal estetik alan\u0131nda uzmanla\u015fm\u0131\u015f, uluslararas\u0131 sertifikal\u0131 bir Usta \u00d6\u011freticidir. Kad\u0131k\u00f6y \u015eifa Hastanesi'nde edindi\u011fi medikal sterilizasyon disiplinini, Rusya ve Ukrayna'da ald\u0131\u011f\u0131 Master Class (Russian School) e\u011fitimleriyle birle\u015ftirerek 2020'de Ata\u015fehir'deki Nailyuba T\u0131rnak Sanat\u0131 Merkezi'ni kurmu\u015ftur. Podoloji tabanl\u0131 medikal bak\u0131m ve ileri seviye t\u0131rnak kimyas\u0131 alanlar\u0131nda sekt\u00f6r otoritelerinden biridir.\",\"sameAs\":[\"https:\\\/\\\/www.nailyuba.com\"],\"honorificPrefix\":\"Usta \u00d6\u011fretici\",\"gender\":\"kad\u0131n\",\"award\":[\"Usta \u00d6\u011freticilik Belgesi (2017)\",\"Uluslararas\u0131 Master Class Sertifikas\u0131\"],\"knowsAbout\":[\"Medikal Ayak Bak\u0131m\u0131 (Podoloji)\",\"Protez ve Jel T\u0131rnak Kimyas\u0131\",\"Rus Tekni\u011fi (Russian Manicure)\",\"Dipping T\u0131rnak\",\"Kombi Manik\u00fcr\"],\"knowsLanguage\":[\"T\u00fcrk\u00e7e\",\"Rus\u00e7a\",\"\u0130ngilizce\"],\"jobTitle\":\"Kurucu ve Master E\u011fitmen\",\"worksFor\":\"NaiLyuba Ata\u015fehir Protez Jel T\u0131rnak Kal\u0131c\u0131 Oje Salonu\"}]}<\/script>\n<!-- \/ Yoast SEO Premium plugin. -->","yoast_head_json":{"title":"Gel Nail Training | Gel Nail Training with Templates | Nailyuba | Ata\u015fehir Protez ve Jel T\u0131rnak Merkezi","description":"Expert-guided gel nail training with templates! Specialize in the beauty industry, develop the ability to create professional gel nail designs.","robots":{"index":"index","follow":"follow","max-snippet":"max-snippet:-1","max-image-preview":"max-image-preview:large","max-video-preview":"max-video-preview:-1"},"canonical":"https:\/\/www.nailyuba.com\/en\/gel-nails-on-a-template\/","og_locale":"en_US","og_type":"article","og_title":"Gel Nail Training with Templates","og_description":"Expert-guided gel nail training with templates! Specialize in the beauty industry, develop the ability to create professional gel nail designs.","og_url":"https:\/\/www.nailyuba.com\/en\/gel-nails-on-a-template\/","og_site_name":"Nailyuba | Ata\u015fehir Protez ve Jel T\u0131rnak Merkezi","article_publisher":"https:\/\/www.facebook.com\/NaiLyuba\/","article_modified_time":"2026-02-16T10:32:41+00:00","og_image":[{"width":1280,"height":960,"url":"https:\/\/www.nailyuba.com\/wp-content\/uploads\/2021\/12\/photo_2021-04-11_16-27-52-jpg.webp","type":"image\/webp"}],"twitter_card":"summary_large_image","twitter_site":"@nailyuba","twitter_misc":{"Est. reading time":"4 minutes"},"schema":{"@context":"https:\/\/schema.org","@graph":[{"@type":["Article","BlogPosting"],"@id":"https:\/\/www.nailyuba.com\/en\/gel-nails-on-a-template\/#article","isPartOf":{"@id":"https:\/\/www.nailyuba.com\/en\/gel-nails-on-a-template\/"},"author":{"name":"Lyuba Tchernova","@id":"https:\/\/www.nailyuba.com\/en\/#\/schema\/person\/71645f095db3afed319a637579afa259"},"headline":"Gel Nail Training with Templates","datePublished":"2023-02-17T17:19:39+00:00","dateModified":"2026-02-16T10:32:41+00:00","mainEntityOfPage":{"@id":"https:\/\/www.nailyuba.com\/en\/gel-nails-on-a-template\/"},"wordCount":755,"publisher":{"@id":"https:\/\/www.nailyuba.com\/en\/#organization"},"image":{"@id":"https:\/\/www.nailyuba.com\/en\/gel-nails-on-a-template\/#primaryimage"},"thumbnailUrl":"https:\/\/www.nailyuba.com\/wp-content\/uploads\/2021\/12\/photo_2021-04-11_16-27-52-jpg-1024x768.webp","inLanguage":"en-US"},{"@type":"WebPage","@id":"https:\/\/www.nailyuba.com\/en\/gel-nails-on-a-template\/","url":"https:\/\/www.nailyuba.com\/en\/gel-nails-on-a-template\/","name":"Gel Nail Training | Gel Nail Training with Templates | Nailyuba | Ata\u015fehir Protez ve Jel T\u0131rnak Merkezi","isPartOf":{"@id":"https:\/\/www.nailyuba.com\/en\/#website"},"primaryImageOfPage":{"@id":"https:\/\/www.nailyuba.com\/en\/gel-nails-on-a-template\/#primaryimage"},"image":{"@id":"https:\/\/www.nailyuba.com\/en\/gel-nails-on-a-template\/#primaryimage"},"thumbnailUrl":"https:\/\/www.nailyuba.com\/wp-content\/uploads\/2021\/12\/photo_2021-04-11_16-27-52-jpg-1024x768.webp","datePublished":"2023-02-17T17:19:39+00:00","dateModified":"2026-02-16T10:32:41+00:00","description":"Expert-guided gel nail training with templates! Specialize in the beauty industry, develop the ability to create professional gel nail designs.","breadcrumb":{"@id":"https:\/\/www.nailyuba.com\/en\/gel-nails-on-a-template\/#breadcrumb"},"inLanguage":"en-US","potentialAction":[{"@type":"ReadAction","target":["https:\/\/www.nailyuba.com\/en\/gel-nails-on-a-template\/"]}]},{"@type":"ImageObject","inLanguage":"en-US","@id":"https:\/\/www.nailyuba.com\/en\/gel-nails-on-a-template\/#primaryimage","url":"https:\/\/www.nailyuba.com\/wp-content\/uploads\/2021\/12\/photo_2021-04-11_16-27-52-jpg-1024x768.webp","contentUrl":"https:\/\/www.nailyuba.com\/wp-content\/uploads\/2021\/12\/photo_2021-04-11_16-27-52-jpg-1024x768.webp"},{"@type":"BreadcrumbList","@id":"https:\/\/www.nailyuba.com\/en\/gel-nails-on-a-template\/#breadcrumb","itemListElement":[{"@type":"ListItem","position":1,"name":"Anasayfa","item":"https:\/\/www.nailyuba.com\/en\/"},{"@type":"ListItem","position":2,"name":"Gel Nail Training with Templates"}]},{"@type":"WebSite","@id":"https:\/\/www.nailyuba.com\/en\/#website","url":"https:\/\/www.nailyuba.com\/en\/","name":"Nailyuba | Ata\u015fehir Protez ve Jel T\u0131rnak Merkezi","description":"T\u0131rnak Sanat\u0131","publisher":{"@id":"https:\/\/www.nailyuba.com\/en\/#organization"},"potentialAction":[{"@type":"SearchAction","target":{"@type":"EntryPoint","urlTemplate":"https:\/\/www.nailyuba.com\/en\/?s={search_term_string}"},"query-input":{"@type":"PropertyValueSpecification","valueRequired":true,"valueName":"search_term_string"}}],"inLanguage":"en-US"},{"@type":"Organization","@id":"https:\/\/www.nailyuba.com\/en\/#organization","name":"Nailyuba","alternateName":"NaiLyuba","url":"https:\/\/www.nailyuba.com\/en\/","logo":{"@type":"ImageObject","inLanguage":"en-US","@id":"https:\/\/www.nailyuba.com\/en\/#\/schema\/logo\/image\/","url":"https:\/\/www.nailyuba.com\/wp-content\/uploads\/2026\/01\/cropped-nailyuba.png","contentUrl":"https:\/\/www.nailyuba.com\/wp-content\/uploads\/2026\/01\/cropped-nailyuba.png","width":512,"height":512,"caption":"Nailyuba"},"image":{"@id":"https:\/\/www.nailyuba.com\/en\/#\/schema\/logo\/image\/"},"sameAs":["https:\/\/www.facebook.com\/NaiLyuba\/","https:\/\/x.com\/nailyuba","https:\/\/www.instagram.com\/nailyuba\/","https:\/\/www.youtube.com\/channel\/UC1awlGOzpUbufxnVj2ga-OQ","https:\/\/www.tiktok.com\/@nailyuba","https:\/\/www.linkedin.com\/company\/nailyuba\/about\/"],"foundingDate":"2020-02-27"},{"@type":"Person","@id":"https:\/\/www.nailyuba.com\/en\/#\/schema\/person\/71645f095db3afed319a637579afa259","name":"Lyuba Tchernova","description":"Lyuba Tchernova, 2010 y\u0131l\u0131ndan bu yana t\u0131rnak sa\u011fl\u0131\u011f\u0131 ve medikal estetik alan\u0131nda uzmanla\u015fm\u0131\u015f, uluslararas\u0131 sertifikal\u0131 bir Usta \u00d6\u011freticidir. Kad\u0131k\u00f6y \u015eifa Hastanesi'nde edindi\u011fi medikal sterilizasyon disiplinini, Rusya ve Ukrayna'da ald\u0131\u011f\u0131 Master Class (Russian School) e\u011fitimleriyle birle\u015ftirerek 2020'de Ata\u015fehir'deki Nailyuba T\u0131rnak Sanat\u0131 Merkezi'ni kurmu\u015ftur. Podoloji tabanl\u0131 medikal bak\u0131m ve ileri seviye t\u0131rnak kimyas\u0131 alanlar\u0131nda sekt\u00f6r otoritelerinden biridir.","sameAs":["https:\/\/www.nailyuba.com"],"honorificPrefix":"Usta \u00d6\u011fretici","gender":"kad\u0131n","award":["Usta \u00d6\u011freticilik Belgesi (2017)","Uluslararas\u0131 Master Class Sertifikas\u0131"],"knowsAbout":["Medikal Ayak Bak\u0131m\u0131 (Podoloji)","Protez ve Jel T\u0131rnak Kimyas\u0131","Rus Tekni\u011fi (Russian Manicure)","Dipping T\u0131rnak","Kombi Manik\u00fcr"],"knowsLanguage":["T\u00fcrk\u00e7e","Rus\u00e7a","\u0130ngilizce"],"jobTitle":"Kurucu ve Master E\u011fitmen","worksFor":"NaiLyuba Ata\u015fehir Protez Jel T\u0131rnak Kal\u0131c\u0131 Oje Salonu"}]}},"_links":{"self":[{"href":"https:\/\/www.nailyuba.com\/en\/wp-json\/wp\/v2\/pages\/11389","targetHints":{"allow":["GET"]}}],"collection":[{"href":"https:\/\/www.nailyuba.com\/en\/wp-json\/wp\/v2\/pages"}],"about":[{"href":"https:\/\/www.nailyuba.com\/en\/wp-json\/wp\/v2\/types\/page"}],"author":[{"embeddable":true,"href":"https:\/\/www.nailyuba.com\/en\/wp-json\/wp\/v2\/users\/1"}],"replies":[{"embeddable":true,"href":"https:\/\/www.nailyuba.com\/en\/wp-json\/wp\/v2\/comments?post=11389"}],"version-history":[{"count":10,"href":"https:\/\/www.nailyuba.com\/en\/wp-json\/wp\/v2\/pages\/11389\/revisions"}],"predecessor-version":[{"id":31086,"href":"https:\/\/www.nailyuba.com\/en\/wp-json\/wp\/v2\/pages\/11389\/revisions\/31086"}],"wp:attachment":[{"href":"https:\/\/www.nailyuba.com\/en\/wp-json\/wp\/v2\/media?parent=11389"}],"curies":[{"name":"wp","href":"https:\/\/api.w.org\/{rel}","templated":true}]}}