{"id":11370,"date":"2022-12-20T02:21:25","date_gmt":"2022-12-19T23:21:25","guid":{"rendered":"https:\/\/www.www.nailyuba.com\/contact\/"},"modified":"2026-02-16T10:23:06","modified_gmt":"2026-02-16T10:23:06","slug":"contact","status":"publish","type":"page","link":"https:\/\/www.nailyuba.com\/en\/contact\/","title":{"rendered":"Contact"},"content":{"rendered":"\t\t<div data-elementor-type=\"wp-page\" data-elementor-id=\"11370\" class=\"elementor elementor-11370 elementor-9454\" data-elementor-post-type=\"page\">\n\t\t\t\t\t\t<section class=\"elementor-section elementor-top-section elementor-element elementor-element-b2c2897 elementor-section-full_width elementor-section-height-default elementor-section-height-default\" data-id=\"b2c2897\" data-element_type=\"section\" data-e-type=\"section\">\n\t\t\t\t\t\t<div class=\"elementor-container elementor-column-gap-default\">\n\t\t\t\t\t<div class=\"elementor-column elementor-col-50 elementor-top-column elementor-element elementor-element-b51b54b\" data-id=\"b51b54b\" data-element_type=\"column\" data-e-type=\"column\" data-settings=\"{&quot;background_background&quot;:&quot;classic&quot;}\">\n\t\t\t<div class=\"elementor-widget-wrap elementor-element-populated\">\n\t\t\t\t\t\t<div class=\"elementor-element elementor-element-0b3f5d6 elementor-widget elementor-widget-heading\" data-id=\"0b3f5d6\" data-element_type=\"widget\" data-e-type=\"widget\" data-widget_type=\"heading.default\">\n\t\t\t\t\t<h1 class=\"elementor-heading-title elementor-size-default\">For Contact - NaiLyuba<\/h1>\t\t\t\t<\/div>\n\t\t\t\t<div class=\"elementor-element elementor-element-14c0442 elementor-shape-rounded elementor-grid-0 e-grid-align-center elementor-widget elementor-widget-social-icons\" data-id=\"14c0442\" data-element_type=\"widget\" data-e-type=\"widget\" data-widget_type=\"social-icons.default\">\n\t\t\t\t\t\t\t<div class=\"elementor-social-icons-wrapper elementor-grid\" role=\"list\">\n\t\t\t\t\t\t\t<span class=\"elementor-grid-item\" role=\"listitem\">\n\t\t\t\t\t<a class=\"elementor-icon elementor-social-icon elementor-social-icon-facebook elementor-repeater-item-2f7de4a\" href=\"https:\/\/www.facebook.com\/NaiLyuba\/\" target=\"_blank\">\n\t\t\t\t\t\t<span class=\"elementor-screen-only\">Facebook<\/span>\n\t\t\t\t\t\t<svg aria-hidden=\"true\" class=\"e-font-icon-svg e-fab-facebook\" viewBox=\"0 0 512 512\" xmlns=\"http:\/\/www.w3.org\/2000\/svg\"><path d=\"M504 256C504 119 393 8 256 8S8 119 8 256c0 123.78 90.69 226.38 209.25 245V327.69h-63V256h63v-54.64c0-62.15 37-96.48 93.67-96.48 27.14 0 55.52 4.84 55.52 4.84v61h-31.28c-30.8 0-40.41 19.12-40.41 38.73V256h68.78l-11 71.69h-57.78V501C413.31 482.38 504 379.78 504 256z\"><\/path><\/svg>\t\t\t\t\t<\/a>\n\t\t\t\t<\/span>\n\t\t\t\t\t\t\t<span class=\"elementor-grid-item\" role=\"listitem\">\n\t\t\t\t\t<a class=\"elementor-icon elementor-social-icon elementor-social-icon-instagram elementor-repeater-item-54f5e4b\" href=\"https:\/\/www.instagram.com\/nailyuba\/\" target=\"_blank\">\n\t\t\t\t\t\t<span class=\"elementor-screen-only\">Instagram<\/span>\n\t\t\t\t\t\t<svg aria-hidden=\"true\" class=\"e-font-icon-svg e-fab-instagram\" viewBox=\"0 0 448 512\" xmlns=\"http:\/\/www.w3.org\/2000\/svg\"><path d=\"M224.1 141c-63.6 0-114.9 51.3-114.9 114.9s51.3 114.9 114.9 114.9S339 319.5 339 255.9 287.7 141 224.1 141zm0 189.6c-41.1 0-74.7-33.5-74.7-74.7s33.5-74.7 74.7-74.7 74.7 33.5 74.7 74.7-33.6 74.7-74.7 74.7zm146.4-194.3c0 14.9-12 26.8-26.8 26.8-14.9 0-26.8-12-26.8-26.8s12-26.8 26.8-26.8 26.8 12 26.8 26.8zm76.1 27.2c-1.7-35.9-9.9-67.7-36.2-93.9-26.2-26.2-58-34.4-93.9-36.2-37-2.1-147.9-2.1-184.9 0-35.8 1.7-67.6 9.9-93.9 36.1s-34.4 58-36.2 93.9c-2.1 37-2.1 147.9 0 184.9 1.7 35.9 9.9 67.7 36.2 93.9s58 34.4 93.9 36.2c37 2.1 147.9 2.1 184.9 0 35.9-1.7 67.7-9.9 93.9-36.2 26.2-26.2 34.4-58 36.2-93.9 2.1-37 2.1-147.8 0-184.8zM398.8 388c-7.8 19.6-22.9 34.7-42.6 42.6-29.5 11.7-99.5 9-132.1 9s-102.7 2.6-132.1-9c-19.6-7.8-34.7-22.9-42.6-42.6-11.7-29.5-9-99.5-9-132.1s-2.6-102.7 9-132.1c7.8-19.6 22.9-34.7 42.6-42.6 29.5-11.7 99.5-9 132.1-9s102.7-2.6 132.1 9c19.6 7.8 34.7 22.9 42.6 42.6 11.7 29.5 9 99.5 9 132.1s2.7 102.7-9 132.1z\"><\/path><\/svg>\t\t\t\t\t<\/a>\n\t\t\t\t<\/span>\n\t\t\t\t\t\t\t<span class=\"elementor-grid-item\" role=\"listitem\">\n\t\t\t\t\t<a class=\"elementor-icon elementor-social-icon elementor-social-icon-youtube elementor-repeater-item-940707d\" href=\"https:\/\/www.youtube.com\/channel\/UC1awlGOzpUbufxnVj2ga-OQ\" target=\"_blank\">\n\t\t\t\t\t\t<span class=\"elementor-screen-only\">Youtube<\/span>\n\t\t\t\t\t\t<svg aria-hidden=\"true\" class=\"e-font-icon-svg e-fab-youtube\" viewBox=\"0 0 576 512\" xmlns=\"http:\/\/www.w3.org\/2000\/svg\"><path d=\"M549.655 124.083c-6.281-23.65-24.787-42.276-48.284-48.597C458.781 64 288 64 288 64S117.22 64 74.629 75.486c-23.497 6.322-42.003 24.947-48.284 48.597-11.412 42.867-11.412 132.305-11.412 132.305s0 89.438 11.412 132.305c6.281 23.65 24.787 41.5 48.284 47.821C117.22 448 288 448 288 448s170.78 0 213.371-11.486c23.497-6.321 42.003-24.171 48.284-47.821 11.412-42.867 11.412-132.305 11.412-132.305s0-89.438-11.412-132.305zm-317.51 213.508V175.185l142.739 81.205-142.739 81.201z\"><\/path><\/svg>\t\t\t\t\t<\/a>\n\t\t\t\t<\/span>\n\t\t\t\t\t\t\t<span class=\"elementor-grid-item\" role=\"listitem\">\n\t\t\t\t\t<a class=\"elementor-icon elementor-social-icon elementor-social-icon-twitter elementor-repeater-item-cdf7b8c\" href=\"https:\/\/www.twitter.com\/nailyuba\" target=\"_blank\">\n\t\t\t\t\t\t<span class=\"elementor-screen-only\">Twitter<\/span>\n\t\t\t\t\t\t<svg aria-hidden=\"true\" class=\"e-font-icon-svg e-fab-twitter\" viewBox=\"0 0 512 512\" xmlns=\"http:\/\/www.w3.org\/2000\/svg\"><path d=\"M459.37 151.716c.325 4.548.325 9.097.325 13.645 0 138.72-105.583 298.558-298.558 298.558-59.452 0-114.68-17.219-161.137-47.106 8.447.974 16.568 1.299 25.34 1.299 49.055 0 94.213-16.568 130.274-44.832-46.132-.975-84.792-31.188-98.112-72.772 6.498.974 12.995 1.624 19.818 1.624 9.421 0 18.843-1.3 27.614-3.573-48.081-9.747-84.143-51.98-84.143-102.985v-1.299c13.969 7.797 30.214 12.67 47.431 13.319-28.264-18.843-46.781-51.005-46.781-87.391 0-19.492 5.197-37.36 14.294-52.954 51.655 63.675 129.3 105.258 216.365 109.807-1.624-7.797-2.599-15.918-2.599-24.04 0-57.828 46.782-104.934 104.934-104.934 30.213 0 57.502 12.67 76.67 33.137 23.715-4.548 46.456-13.32 66.599-25.34-7.798 24.366-24.366 44.833-46.132 57.827 21.117-2.273 41.584-8.122 60.426-16.243-14.292 20.791-32.161 39.308-52.628 54.253z\"><\/path><\/svg>\t\t\t\t\t<\/a>\n\t\t\t\t<\/span>\n\t\t\t\t\t\t\t<span class=\"elementor-grid-item\" role=\"listitem\">\n\t\t\t\t\t<a class=\"elementor-icon elementor-social-icon elementor-social-icon-linkedin elementor-repeater-item-3f24eeb\" href=\"https:\/\/www.linkedin.com\/company\/nailyuba\/about\/?viewAsMember=true\" target=\"_blank\">\n\t\t\t\t\t\t<span class=\"elementor-screen-only\">Linkedin<\/span>\n\t\t\t\t\t\t<svg aria-hidden=\"true\" class=\"e-font-icon-svg e-fab-linkedin\" viewBox=\"0 0 448 512\" xmlns=\"http:\/\/www.w3.org\/2000\/svg\"><path d=\"M416 32H31.9C14.3 32 0 46.5 0 64.3v383.4C0 465.5 14.3 480 31.9 480H416c17.6 0 32-14.5 32-32.3V64.3c0-17.8-14.4-32.3-32-32.3zM135.4 416H69V202.2h66.5V416zm-33.2-243c-21.3 0-38.5-17.3-38.5-38.5S80.9 96 102.2 96c21.2 0 38.5 17.3 38.5 38.5 0 21.3-17.2 38.5-38.5 38.5zm282.1 243h-66.4V312c0-24.8-.5-56.7-34.5-56.7-34.6 0-39.9 27-39.9 54.9V416h-66.4V202.2h63.7v29.2h.9c8.9-16.8 30.6-34.5 62.9-34.5 67.2 0 79.7 44.3 79.7 101.9V416z\"><\/path><\/svg>\t\t\t\t\t<\/a>\n\t\t\t\t<\/span>\n\t\t\t\t\t\t\t<span class=\"elementor-grid-item\" role=\"listitem\">\n\t\t\t\t\t<a class=\"elementor-icon elementor-social-icon elementor-social-icon-tiktok elementor-repeater-item-d3c793b\" href=\"https:\/\/www.tiktok.com\/@nailyuba\" target=\"_blank\">\n\t\t\t\t\t\t<span class=\"elementor-screen-only\">Tiktok<\/span>\n\t\t\t\t\t\t<svg aria-hidden=\"true\" class=\"e-font-icon-svg e-fab-tiktok\" viewBox=\"0 0 448 512\" xmlns=\"http:\/\/www.w3.org\/2000\/svg\"><path d=\"M448,209.91a210.06,210.06,0,0,1-122.77-39.25V349.38A162.55,162.55,0,1,1,185,188.31V278.2a74.62,74.62,0,1,0,52.23,71.18V0l88,0a121.18,121.18,0,0,0,1.86,22.17h0A122.18,122.18,0,0,0,381,102.39a121.43,121.43,0,0,0,67,20.14Z\"><\/path><\/svg>\t\t\t\t\t<\/a>\n\t\t\t\t<\/span>\n\t\t\t\t\t<\/div>\n\t\t\t\t\t\t<\/div>\n\t\t\t\t<div class=\"elementor-element elementor-element-a1109db color-scheme-inherit text-left elementor-widget elementor-widget-text-editor\" data-id=\"a1109db\" data-element_type=\"widget\" data-e-type=\"widget\" data-widget_type=\"text-editor.default\">\n\t\t\t\t\t\t\t\t\t<p><a href=\"https:\/\/www.google.com\/maps\/place\/NaiLyuba\/@41.004973,29.106767,19z\/data=!4m5!3m4!1s0x0:0x6b48e50de6824dd7!8m2!3d41.0049289!4d29.1064711?hl=tr\">Finanskent Mahallesi. Finans Caddesi No:5 Sarphan Finans Park. D:B Blok No: 411 34746 Ata\u015fehir \/\u00a0\u0130stanbul<\/a><\/p><p><a href=\"tel:+905323995688\">+90 532 399 56 88 <\/a><\/p><p><a href=\"tel:+902167090163\">+90 216 709 01 63<\/a><\/p><p><a href=\"mailto:nail@nailyuba.com\">nail@nailyuba.com<\/a><\/p>\t\t\t\t\t\t\t\t<\/div>\n\t\t\t\t<div class=\"elementor-element elementor-element-9ae7731 elementor-widget elementor-widget-button\" data-id=\"9ae7731\" data-element_type=\"widget\" data-e-type=\"widget\" data-widget_type=\"button.default\">\n\t\t\t\t\t\t\t\t\t\t<a class=\"elementor-button elementor-button-link elementor-size-sm\" href=\"http:\/\/wa.me\/+905323995688\">\n\t\t\t\t\t\t<span class=\"elementor-button-content-wrapper\">\n\t\t\t\t\t\t\t\t\t<span class=\"elementor-button-text\">WhatsApp<\/span>\n\t\t\t\t\t<\/span>\n\t\t\t\t\t<\/a>\n\t\t\t\t\t\t\t\t<\/div>\n\t\t\t\t\t<\/div>\n\t\t<\/div>\n\t\t\t\t<div class=\"elementor-column elementor-col-50 elementor-top-column elementor-element elementor-element-91e5ef6\" data-id=\"91e5ef6\" data-element_type=\"column\" data-e-type=\"column\">\n\t\t\t<div class=\"elementor-widget-wrap elementor-element-populated\">\n\t\t\t\t\t\t<div class=\"elementor-element elementor-element-d47b764 elementor-widget elementor-widget-google_maps\" data-id=\"d47b764\" data-element_type=\"widget\" data-e-type=\"widget\" data-widget_type=\"google_maps.default\">\n\t\t\t\t\t\t\t<div class=\"elementor-custom-embed\">\n\t\t\t<iframe loading=\"lazy\"\n\t\t\t\t\tsrc=\"https:\/\/maps.google.com\/maps?q=T%C3%BCrkiye%2C%C4%B0stanbul%2C%C3%9Cmraniye%2Cnailyuba&#038;t=m&#038;z=14&#038;output=embed&#038;iwloc=near\"\n\t\t\t\t\ttitle=\"T\u00fcrkiye,\u0130stanbul,\u00dcmraniye,nailyuba\"\n\t\t\t\t\taria-label=\"T\u00fcrkiye,\u0130stanbul,\u00dcmraniye,nailyuba\"\n\t\t\t><\/iframe>\n\t\t<\/div>\n\t\t\t\t\t\t<\/div>\n\t\t\t\t\t<\/div>\n\t\t<\/div>\n\t\t\t\t\t<\/div>\n\t\t<\/section>\n\t\t<div class=\"wd-negative-gap elementor-element elementor-element-20873bb e-flex e-con-boxed e-con e-parent\" data-id=\"20873bb\" data-element_type=\"container\" data-e-type=\"container\">\n\t\t\t\t\t<div class=\"e-con-inner\">\n\t\t\t\t<div class=\"elementor-element elementor-element-f11feba elementor-widget elementor-widget-image\" data-id=\"f11feba\" data-element_type=\"widget\" data-e-type=\"widget\" data-widget_type=\"image.default\">\n\t\t\t\t\t\t\t\t\t\t\t\t\t\t\t\t<a href=\"https:\/\/www.nailyuba.com\/galeri\/\">\n\t\t\t\t\t\t\t<img loading=\"lazy\" decoding=\"async\" width=\"720\" height=\"900\" src=\"https:\/\/www.nailyuba.com\/wp-content\/uploads\/2024\/11\/en-yakin-protez-tirnak-salonu-jpg-1.webp\" class=\"attachment-full size-full wp-image-21071\" alt=\"en yak\u0131n protez t\u0131rnak salonu\" srcset=\"https:\/\/www.nailyuba.com\/wp-content\/uploads\/2024\/11\/en-yakin-protez-tirnak-salonu-jpg-1.webp 720w, https:\/\/www.nailyuba.com\/wp-content\/uploads\/2024\/11\/en-yakin-protez-tirnak-salonu-jpg-1-240x300.webp 240w\" sizes=\"auto, (max-width: 720px) 100vw, 720px\" \/>\t\t\t\t\t\t\t\t<\/a>\n\t\t\t\t\t\t\t\t\t\t\t\t\t\t\t<\/div>\n\t\t\t\t\t<\/div>\n\t\t\t\t<\/div>\n\t\t\t\t<\/div>\n\t\t","protected":false},"excerpt":{"rendered":"<p>For Contact &#8211; NaiLyuba Facebook Instagram Youtube Twitter Linkedin Tiktok Finanskent Mahallesi. Finans Caddesi No:5 Sarphan Finans Park. D:B Blok<\/p>\n","protected":false},"author":1,"featured_media":0,"parent":0,"menu_order":0,"comment_status":"closed","ping_status":"closed","template":"elementor_header_footer","meta":{"footnotes":""},"class_list":["post-11370","page","type-page","status-publish","hentry"],"yoast_head":"<!-- This site is optimized with the Yoast SEO Premium plugin v27.3 (Yoast SEO v27.4) - https:\/\/yoast.com\/product\/yoast-seo-premium-wordpress\/ -->\n<title>Contact Contact Info | Nailyuba | Ata\u015fehir Protez ve Jel T\u0131rnak Merkezi<\/title>\n<meta name=\"description\" content=\"You can find the contact information, phone number, and address of Ata\u015fehir Nailyuba salon on our page and write to the contact form.\" \/>\n<meta name=\"robots\" content=\"index, follow, max-snippet:-1, max-image-preview:large, max-video-preview:-1\" \/>\n<link rel=\"canonical\" href=\"https:\/\/www.nailyuba.com\/en\/contact\/\" \/>\n<meta property=\"og:locale\" content=\"en_US\" \/>\n<meta property=\"og:type\" content=\"article\" \/>\n<meta property=\"og:title\" content=\"Contact\" \/>\n<meta property=\"og:description\" content=\"You can find the contact information, phone number, and address of Ata\u015fehir Nailyuba salon on our page and write to the contact form.\" \/>\n<meta property=\"og:url\" content=\"https:\/\/www.nailyuba.com\/en\/contact\/\" \/>\n<meta property=\"og:site_name\" content=\"Nailyuba | Ata\u015fehir Protez ve Jel T\u0131rnak Merkezi\" \/>\n<meta property=\"article:publisher\" content=\"https:\/\/www.facebook.com\/NaiLyuba\/\" \/>\n<meta property=\"article:modified_time\" content=\"2026-02-16T10:23:06+00:00\" \/>\n<meta property=\"og:image\" content=\"https:\/\/www.nailyuba.com\/wp-content\/uploads\/2024\/11\/en-yakin-protez-tirnak-salonu-jpg-1.webp\" \/>\n\t<meta property=\"og:image:width\" content=\"720\" \/>\n\t<meta property=\"og:image:height\" content=\"900\" \/>\n\t<meta property=\"og:image:type\" content=\"image\/webp\" \/>\n<meta name=\"twitter:card\" content=\"summary_large_image\" \/>\n<meta name=\"twitter:site\" content=\"@nailyuba\" \/>\n<meta name=\"twitter:label1\" content=\"Est. reading time\" \/>\n\t<meta name=\"twitter:data1\" content=\"1 minute\" \/>\n<script type=\"application\/ld+json\" class=\"yoast-schema-graph\">{\"@context\":\"https:\\\/\\\/schema.org\",\"@graph\":[{\"@type\":[\"Article\",\"BlogPosting\"],\"@id\":\"https:\\\/\\\/www.nailyuba.com\\\/en\\\/contact\\\/#article\",\"isPartOf\":{\"@id\":\"https:\\\/\\\/www.nailyuba.com\\\/en\\\/contact\\\/\"},\"author\":{\"name\":\"Lyuba Tchernova\",\"@id\":\"https:\\\/\\\/www.nailyuba.com\\\/en\\\/#\\\/schema\\\/person\\\/71645f095db3afed319a637579afa259\"},\"headline\":\"Contact\",\"datePublished\":\"2022-12-19T23:21:25+00:00\",\"dateModified\":\"2026-02-16T10:23:06+00:00\",\"mainEntityOfPage\":{\"@id\":\"https:\\\/\\\/www.nailyuba.com\\\/en\\\/contact\\\/\"},\"wordCount\":30,\"publisher\":{\"@id\":\"https:\\\/\\\/www.nailyuba.com\\\/en\\\/#organization\"},\"image\":{\"@id\":\"https:\\\/\\\/www.nailyuba.com\\\/en\\\/contact\\\/#primaryimage\"},\"thumbnailUrl\":\"https:\\\/\\\/www.nailyuba.com\\\/wp-content\\\/uploads\\\/2024\\\/11\\\/en-yakin-protez-tirnak-salonu-jpg-1.webp\",\"inLanguage\":\"en-US\"},{\"@type\":\"WebPage\",\"@id\":\"https:\\\/\\\/www.nailyuba.com\\\/en\\\/contact\\\/\",\"url\":\"https:\\\/\\\/www.nailyuba.com\\\/en\\\/contact\\\/\",\"name\":\"Contact Contact Info | Nailyuba | Ata\u015fehir Protez ve Jel T\u0131rnak Merkezi\",\"isPartOf\":{\"@id\":\"https:\\\/\\\/www.nailyuba.com\\\/en\\\/#website\"},\"primaryImageOfPage\":{\"@id\":\"https:\\\/\\\/www.nailyuba.com\\\/en\\\/contact\\\/#primaryimage\"},\"image\":{\"@id\":\"https:\\\/\\\/www.nailyuba.com\\\/en\\\/contact\\\/#primaryimage\"},\"thumbnailUrl\":\"https:\\\/\\\/www.nailyuba.com\\\/wp-content\\\/uploads\\\/2024\\\/11\\\/en-yakin-protez-tirnak-salonu-jpg-1.webp\",\"datePublished\":\"2022-12-19T23:21:25+00:00\",\"dateModified\":\"2026-02-16T10:23:06+00:00\",\"description\":\"You can find the contact information, phone number, and address of Ata\u015fehir Nailyuba salon on our page and write to the contact form.\",\"breadcrumb\":{\"@id\":\"https:\\\/\\\/www.nailyuba.com\\\/en\\\/contact\\\/#breadcrumb\"},\"inLanguage\":\"en-US\",\"potentialAction\":[{\"@type\":\"ReadAction\",\"target\":[\"https:\\\/\\\/www.nailyuba.com\\\/en\\\/contact\\\/\"]}]},{\"@type\":\"ImageObject\",\"inLanguage\":\"en-US\",\"@id\":\"https:\\\/\\\/www.nailyuba.com\\\/en\\\/contact\\\/#primaryimage\",\"url\":\"https:\\\/\\\/www.nailyuba.com\\\/wp-content\\\/uploads\\\/2024\\\/11\\\/en-yakin-protez-tirnak-salonu-jpg-1.webp\",\"contentUrl\":\"https:\\\/\\\/www.nailyuba.com\\\/wp-content\\\/uploads\\\/2024\\\/11\\\/en-yakin-protez-tirnak-salonu-jpg-1.webp\"},{\"@type\":\"BreadcrumbList\",\"@id\":\"https:\\\/\\\/www.nailyuba.com\\\/en\\\/contact\\\/#breadcrumb\",\"itemListElement\":[{\"@type\":\"ListItem\",\"position\":1,\"name\":\"Anasayfa\",\"item\":\"https:\\\/\\\/www.nailyuba.com\\\/en\\\/\"},{\"@type\":\"ListItem\",\"position\":2,\"name\":\"Contact\"}]},{\"@type\":\"WebSite\",\"@id\":\"https:\\\/\\\/www.nailyuba.com\\\/en\\\/#website\",\"url\":\"https:\\\/\\\/www.nailyuba.com\\\/en\\\/\",\"name\":\"Nailyuba | Ata\u015fehir Protez ve Jel T\u0131rnak Merkezi\",\"description\":\"T\u0131rnak Sanat\u0131\",\"publisher\":{\"@id\":\"https:\\\/\\\/www.nailyuba.com\\\/en\\\/#organization\"},\"potentialAction\":[{\"@type\":\"SearchAction\",\"target\":{\"@type\":\"EntryPoint\",\"urlTemplate\":\"https:\\\/\\\/www.nailyuba.com\\\/en\\\/?s={search_term_string}\"},\"query-input\":{\"@type\":\"PropertyValueSpecification\",\"valueRequired\":true,\"valueName\":\"search_term_string\"}}],\"inLanguage\":\"en-US\"},{\"@type\":\"Organization\",\"@id\":\"https:\\\/\\\/www.nailyuba.com\\\/en\\\/#organization\",\"name\":\"Nailyuba\",\"alternateName\":\"NaiLyuba\",\"url\":\"https:\\\/\\\/www.nailyuba.com\\\/en\\\/\",\"logo\":{\"@type\":\"ImageObject\",\"inLanguage\":\"en-US\",\"@id\":\"https:\\\/\\\/www.nailyuba.com\\\/en\\\/#\\\/schema\\\/logo\\\/image\\\/\",\"url\":\"https:\\\/\\\/www.nailyuba.com\\\/wp-content\\\/uploads\\\/2026\\\/01\\\/cropped-nailyuba.png\",\"contentUrl\":\"https:\\\/\\\/www.nailyuba.com\\\/wp-content\\\/uploads\\\/2026\\\/01\\\/cropped-nailyuba.png\",\"width\":512,\"height\":512,\"caption\":\"Nailyuba\"},\"image\":{\"@id\":\"https:\\\/\\\/www.nailyuba.com\\\/en\\\/#\\\/schema\\\/logo\\\/image\\\/\"},\"sameAs\":[\"https:\\\/\\\/www.facebook.com\\\/NaiLyuba\\\/\",\"https:\\\/\\\/x.com\\\/nailyuba\",\"https:\\\/\\\/www.instagram.com\\\/nailyuba\\\/\",\"https:\\\/\\\/www.youtube.com\\\/channel\\\/UC1awlGOzpUbufxnVj2ga-OQ\",\"https:\\\/\\\/www.tiktok.com\\\/@nailyuba\",\"https:\\\/\\\/www.linkedin.com\\\/company\\\/nailyuba\\\/about\\\/\"],\"foundingDate\":\"2020-02-27\"},{\"@type\":\"Person\",\"@id\":\"https:\\\/\\\/www.nailyuba.com\\\/en\\\/#\\\/schema\\\/person\\\/71645f095db3afed319a637579afa259\",\"name\":\"Lyuba Tchernova\",\"description\":\"Lyuba Tchernova, 2010 y\u0131l\u0131ndan bu yana t\u0131rnak sa\u011fl\u0131\u011f\u0131 ve medikal estetik alan\u0131nda uzmanla\u015fm\u0131\u015f, uluslararas\u0131 sertifikal\u0131 bir Usta \u00d6\u011freticidir. Kad\u0131k\u00f6y \u015eifa Hastanesi'nde edindi\u011fi medikal sterilizasyon disiplinini, Rusya ve Ukrayna'da ald\u0131\u011f\u0131 Master Class (Russian School) e\u011fitimleriyle birle\u015ftirerek 2020'de Ata\u015fehir'deki Nailyuba T\u0131rnak Sanat\u0131 Merkezi'ni kurmu\u015ftur. Podoloji tabanl\u0131 medikal bak\u0131m ve ileri seviye t\u0131rnak kimyas\u0131 alanlar\u0131nda sekt\u00f6r otoritelerinden biridir.\",\"sameAs\":[\"https:\\\/\\\/www.nailyuba.com\"],\"honorificPrefix\":\"Usta \u00d6\u011fretici\",\"gender\":\"kad\u0131n\",\"award\":[\"Usta \u00d6\u011freticilik Belgesi (2017)\",\"Uluslararas\u0131 Master Class Sertifikas\u0131\"],\"knowsAbout\":[\"Medikal Ayak Bak\u0131m\u0131 (Podoloji)\",\"Protez ve Jel T\u0131rnak Kimyas\u0131\",\"Rus Tekni\u011fi (Russian Manicure)\",\"Dipping T\u0131rnak\",\"Kombi Manik\u00fcr\"],\"knowsLanguage\":[\"T\u00fcrk\u00e7e\",\"Rus\u00e7a\",\"\u0130ngilizce\"],\"jobTitle\":\"Kurucu ve Master E\u011fitmen\",\"worksFor\":\"NaiLyuba Ata\u015fehir Protez Jel T\u0131rnak Kal\u0131c\u0131 Oje Salonu\"}]}<\/script>\n<!-- \/ Yoast SEO Premium plugin. -->","yoast_head_json":{"title":"Contact Contact Info | Nailyuba | Ata\u015fehir Protez ve Jel T\u0131rnak Merkezi","description":"You can find the contact information, phone number, and address of Ata\u015fehir Nailyuba salon on our page and write to the contact form.","robots":{"index":"index","follow":"follow","max-snippet":"max-snippet:-1","max-image-preview":"max-image-preview:large","max-video-preview":"max-video-preview:-1"},"canonical":"https:\/\/www.nailyuba.com\/en\/contact\/","og_locale":"en_US","og_type":"article","og_title":"Contact","og_description":"You can find the contact information, phone number, and address of Ata\u015fehir Nailyuba salon on our page and write to the contact form.","og_url":"https:\/\/www.nailyuba.com\/en\/contact\/","og_site_name":"Nailyuba | Ata\u015fehir Protez ve Jel T\u0131rnak Merkezi","article_publisher":"https:\/\/www.facebook.com\/NaiLyuba\/","article_modified_time":"2026-02-16T10:23:06+00:00","og_image":[{"width":720,"height":900,"url":"https:\/\/www.nailyuba.com\/wp-content\/uploads\/2024\/11\/en-yakin-protez-tirnak-salonu-jpg-1.webp","type":"image\/webp"}],"twitter_card":"summary_large_image","twitter_site":"@nailyuba","twitter_misc":{"Est. reading time":"1 minute"},"schema":{"@context":"https:\/\/schema.org","@graph":[{"@type":["Article","BlogPosting"],"@id":"https:\/\/www.nailyuba.com\/en\/contact\/#article","isPartOf":{"@id":"https:\/\/www.nailyuba.com\/en\/contact\/"},"author":{"name":"Lyuba Tchernova","@id":"https:\/\/www.nailyuba.com\/en\/#\/schema\/person\/71645f095db3afed319a637579afa259"},"headline":"Contact","datePublished":"2022-12-19T23:21:25+00:00","dateModified":"2026-02-16T10:23:06+00:00","mainEntityOfPage":{"@id":"https:\/\/www.nailyuba.com\/en\/contact\/"},"wordCount":30,"publisher":{"@id":"https:\/\/www.nailyuba.com\/en\/#organization"},"image":{"@id":"https:\/\/www.nailyuba.com\/en\/contact\/#primaryimage"},"thumbnailUrl":"https:\/\/www.nailyuba.com\/wp-content\/uploads\/2024\/11\/en-yakin-protez-tirnak-salonu-jpg-1.webp","inLanguage":"en-US"},{"@type":"WebPage","@id":"https:\/\/www.nailyuba.com\/en\/contact\/","url":"https:\/\/www.nailyuba.com\/en\/contact\/","name":"Contact Contact Info | Nailyuba | Ata\u015fehir Protez ve Jel T\u0131rnak Merkezi","isPartOf":{"@id":"https:\/\/www.nailyuba.com\/en\/#website"},"primaryImageOfPage":{"@id":"https:\/\/www.nailyuba.com\/en\/contact\/#primaryimage"},"image":{"@id":"https:\/\/www.nailyuba.com\/en\/contact\/#primaryimage"},"thumbnailUrl":"https:\/\/www.nailyuba.com\/wp-content\/uploads\/2024\/11\/en-yakin-protez-tirnak-salonu-jpg-1.webp","datePublished":"2022-12-19T23:21:25+00:00","dateModified":"2026-02-16T10:23:06+00:00","description":"You can find the contact information, phone number, and address of Ata\u015fehir Nailyuba salon on our page and write to the contact form.","breadcrumb":{"@id":"https:\/\/www.nailyuba.com\/en\/contact\/#breadcrumb"},"inLanguage":"en-US","potentialAction":[{"@type":"ReadAction","target":["https:\/\/www.nailyuba.com\/en\/contact\/"]}]},{"@type":"ImageObject","inLanguage":"en-US","@id":"https:\/\/www.nailyuba.com\/en\/contact\/#primaryimage","url":"https:\/\/www.nailyuba.com\/wp-content\/uploads\/2024\/11\/en-yakin-protez-tirnak-salonu-jpg-1.webp","contentUrl":"https:\/\/www.nailyuba.com\/wp-content\/uploads\/2024\/11\/en-yakin-protez-tirnak-salonu-jpg-1.webp"},{"@type":"BreadcrumbList","@id":"https:\/\/www.nailyuba.com\/en\/contact\/#breadcrumb","itemListElement":[{"@type":"ListItem","position":1,"name":"Anasayfa","item":"https:\/\/www.nailyuba.com\/en\/"},{"@type":"ListItem","position":2,"name":"Contact"}]},{"@type":"WebSite","@id":"https:\/\/www.nailyuba.com\/en\/#website","url":"https:\/\/www.nailyuba.com\/en\/","name":"Nailyuba | Ata\u015fehir Protez ve Jel T\u0131rnak Merkezi","description":"T\u0131rnak Sanat\u0131","publisher":{"@id":"https:\/\/www.nailyuba.com\/en\/#organization"},"potentialAction":[{"@type":"SearchAction","target":{"@type":"EntryPoint","urlTemplate":"https:\/\/www.nailyuba.com\/en\/?s={search_term_string}"},"query-input":{"@type":"PropertyValueSpecification","valueRequired":true,"valueName":"search_term_string"}}],"inLanguage":"en-US"},{"@type":"Organization","@id":"https:\/\/www.nailyuba.com\/en\/#organization","name":"Nailyuba","alternateName":"NaiLyuba","url":"https:\/\/www.nailyuba.com\/en\/","logo":{"@type":"ImageObject","inLanguage":"en-US","@id":"https:\/\/www.nailyuba.com\/en\/#\/schema\/logo\/image\/","url":"https:\/\/www.nailyuba.com\/wp-content\/uploads\/2026\/01\/cropped-nailyuba.png","contentUrl":"https:\/\/www.nailyuba.com\/wp-content\/uploads\/2026\/01\/cropped-nailyuba.png","width":512,"height":512,"caption":"Nailyuba"},"image":{"@id":"https:\/\/www.nailyuba.com\/en\/#\/schema\/logo\/image\/"},"sameAs":["https:\/\/www.facebook.com\/NaiLyuba\/","https:\/\/x.com\/nailyuba","https:\/\/www.instagram.com\/nailyuba\/","https:\/\/www.youtube.com\/channel\/UC1awlGOzpUbufxnVj2ga-OQ","https:\/\/www.tiktok.com\/@nailyuba","https:\/\/www.linkedin.com\/company\/nailyuba\/about\/"],"foundingDate":"2020-02-27"},{"@type":"Person","@id":"https:\/\/www.nailyuba.com\/en\/#\/schema\/person\/71645f095db3afed319a637579afa259","name":"Lyuba Tchernova","description":"Lyuba Tchernova, 2010 y\u0131l\u0131ndan bu yana t\u0131rnak sa\u011fl\u0131\u011f\u0131 ve medikal estetik alan\u0131nda uzmanla\u015fm\u0131\u015f, uluslararas\u0131 sertifikal\u0131 bir Usta \u00d6\u011freticidir. Kad\u0131k\u00f6y \u015eifa Hastanesi'nde edindi\u011fi medikal sterilizasyon disiplinini, Rusya ve Ukrayna'da ald\u0131\u011f\u0131 Master Class (Russian School) e\u011fitimleriyle birle\u015ftirerek 2020'de Ata\u015fehir'deki Nailyuba T\u0131rnak Sanat\u0131 Merkezi'ni kurmu\u015ftur. Podoloji tabanl\u0131 medikal bak\u0131m ve ileri seviye t\u0131rnak kimyas\u0131 alanlar\u0131nda sekt\u00f6r otoritelerinden biridir.","sameAs":["https:\/\/www.nailyuba.com"],"honorificPrefix":"Usta \u00d6\u011fretici","gender":"kad\u0131n","award":["Usta \u00d6\u011freticilik Belgesi (2017)","Uluslararas\u0131 Master Class Sertifikas\u0131"],"knowsAbout":["Medikal Ayak Bak\u0131m\u0131 (Podoloji)","Protez ve Jel T\u0131rnak Kimyas\u0131","Rus Tekni\u011fi (Russian Manicure)","Dipping T\u0131rnak","Kombi Manik\u00fcr"],"knowsLanguage":["T\u00fcrk\u00e7e","Rus\u00e7a","\u0130ngilizce"],"jobTitle":"Kurucu ve Master E\u011fitmen","worksFor":"NaiLyuba Ata\u015fehir Protez Jel T\u0131rnak Kal\u0131c\u0131 Oje Salonu"}]}},"_links":{"self":[{"href":"https:\/\/www.nailyuba.com\/en\/wp-json\/wp\/v2\/pages\/11370","targetHints":{"allow":["GET"]}}],"collection":[{"href":"https:\/\/www.nailyuba.com\/en\/wp-json\/wp\/v2\/pages"}],"about":[{"href":"https:\/\/www.nailyuba.com\/en\/wp-json\/wp\/v2\/types\/page"}],"author":[{"embeddable":true,"href":"https:\/\/www.nailyuba.com\/en\/wp-json\/wp\/v2\/users\/1"}],"replies":[{"embeddable":true,"href":"https:\/\/www.nailyuba.com\/en\/wp-json\/wp\/v2\/comments?post=11370"}],"version-history":[{"count":10,"href":"https:\/\/www.nailyuba.com\/en\/wp-json\/wp\/v2\/pages\/11370\/revisions"}],"predecessor-version":[{"id":31059,"href":"https:\/\/www.nailyuba.com\/en\/wp-json\/wp\/v2\/pages\/11370\/revisions\/31059"}],"wp:attachment":[{"href":"https:\/\/www.nailyuba.com\/en\/wp-json\/wp\/v2\/media?parent=11370"}],"curies":[{"name":"wp","href":"https:\/\/api.w.org\/{rel}","templated":true}]}}