{"id":11354,"date":"2021-04-29T14:42:11","date_gmt":"2021-04-29T11:42:11","guid":{"rendered":"https:\/\/www.www.nailyuba.com\/who-are-we\/"},"modified":"2025-07-05T14:41:17","modified_gmt":"2025-07-05T14:41:17","slug":"who-are-we","status":"publish","type":"page","link":"https:\/\/www.nailyuba.com\/en\/who-are-we\/","title":{"rendered":"Biography"},"content":{"rendered":"\t\t<div data-elementor-type=\"wp-page\" data-elementor-id=\"11354\" class=\"elementor elementor-11354\" data-elementor-post-type=\"page\">\n\t\t\t\t\t\t<section class=\"wd-negative-gap elementor-section elementor-top-section elementor-element elementor-element-f3dce02 elementor-section-full_width elementor-section-height-default elementor-section-height-default\" data-id=\"f3dce02\" data-element_type=\"section\" data-e-type=\"section\" data-settings=\"{&quot;background_background&quot;:&quot;classic&quot;}\">\n\t\t\t\t\t\t<div class=\"elementor-container elementor-column-gap-default\">\n\t\t\t\t\t<div class=\"elementor-column elementor-col-50 elementor-top-column elementor-element elementor-element-f8987b3\" data-id=\"f8987b3\" data-element_type=\"column\" data-e-type=\"column\">\n\t\t\t<div class=\"elementor-widget-wrap elementor-element-populated\">\n\t\t\t\t\t\t<div class=\"elementor-element elementor-element-2ae1c82 elementor-widget elementor-widget-image\" data-id=\"2ae1c82\" data-element_type=\"widget\" data-e-type=\"widget\" data-widget_type=\"image.default\">\n\t\t\t\t\t\t\t\t\t\t\t\t\t\t\t<img loading=\"lazy\" decoding=\"async\" width=\"1066\" height=\"1600\" src=\"https:\/\/www.nailyuba.com\/wp-content\/uploads\/2025\/04\/f1f8bdd8-d481-41b5-b541-8bdc6b4b5cdd-1.webp\" class=\"attachment-full size-full wp-image-21119\" alt=\"\" srcset=\"https:\/\/www.nailyuba.com\/wp-content\/uploads\/2025\/04\/f1f8bdd8-d481-41b5-b541-8bdc6b4b5cdd-1.webp 1066w, https:\/\/www.nailyuba.com\/wp-content\/uploads\/2025\/04\/f1f8bdd8-d481-41b5-b541-8bdc6b4b5cdd-1-200x300.webp 200w, https:\/\/www.nailyuba.com\/wp-content\/uploads\/2025\/04\/f1f8bdd8-d481-41b5-b541-8bdc6b4b5cdd-1-682x1024.webp 682w, https:\/\/www.nailyuba.com\/wp-content\/uploads\/2025\/04\/f1f8bdd8-d481-41b5-b541-8bdc6b4b5cdd-1-768x1153.webp 768w, https:\/\/www.nailyuba.com\/wp-content\/uploads\/2025\/04\/f1f8bdd8-d481-41b5-b541-8bdc6b4b5cdd-1-1023x1536.webp 1023w\" sizes=\"auto, (max-width: 1066px) 100vw, 1066px\" \/>\t\t\t\t\t\t\t\t\t\t\t\t\t\t\t<\/div>\n\t\t\t\t\t<\/div>\n\t\t<\/div>\n\t\t\t\t<div class=\"elementor-column elementor-col-50 elementor-top-column elementor-element elementor-element-f71c99b\" data-id=\"f71c99b\" data-element_type=\"column\" data-e-type=\"column\">\n\t\t\t<div class=\"elementor-widget-wrap elementor-element-populated\">\n\t\t\t\t\t\t<div class=\"elementor-element elementor-element-6af896d color-scheme-inherit text-left elementor-widget elementor-widget-text-editor\" data-id=\"6af896d\" data-element_type=\"widget\" data-e-type=\"widget\" data-widget_type=\"text-editor.default\">\n\t\t\t\t\t\t\t\t\t<h1 style=\"text-align: center;\"><span style=\"color: #333333;\">Biography<\/span><\/h1><p><span style=\"color: #333333;\">Lioubov Tchernova was born in 1980 in Kazan, Tatarstan. She came to Istanbul, Turkey in 2001 for commercial purposes and met her future husband. During her marriage, she had two sons. She started her career in nails in 2011. Within 10 years, Lioubov Tchernova completed many training courses organized by locals and foreigners in Kazan, Kiev, Antalya, Izmir, and Istanbul. In 2017, she graduated from a 2-year professional aesthetician school in Turkey.     <\/span><\/p><p><span style=\"color: #333333;\">With the <a style=\"color: #333333;\" href=\"https:\/\/www.nailyuba.com\/en\/our-certificates\/\">diploma<\/a> she earned from there, she gained the right to open her own business and provide training services.<\/span><\/p><p><span style=\"color: #333333;\">In 2021, she opened her own shop in her nail career. While continuing to work in her salon, she also provides nail training to her students. <\/span><\/p><p style=\"text-align: center; font-size: 36px;\"><span style=\"color: #333333; font-family: Calibri, Cormorant, serif;\"><strong>Clean and Meticulous<\/strong><\/span><\/p><p><span style=\"color: #333333;\">We place great importance on the cleanliness of our salon and the sterility of the tools we use. At the same time, we strive to produce clean and flawless work in our applications. <\/span><\/p><p style=\"text-align: center; font-size: 36px; font-family: Calibri,Cormorant,serif;\"><span style=\"color: #333333;\"><strong>Always Positive<\/strong><\/span><\/p><p><span style=\"color: #333333;\">In our nail <a style=\"color: #333333;\" href=\"https:\/\/www.google.com\/maps\/place\/NaiLyuba\/@41.004973,29.106767,19z\/data=!4m5!3m4!1s0x0:0x6b48e50de6824dd7!8m2!3d41.0049289!4d29.1064711?hl=tr\">Salon<\/a>, there is always a positive and warm atmosphere. Therefore, our valued customers come not only for the application but also to relax and receive positive energy. <\/span><\/p><p><span style=\"color: #333333;\">Our main goal is customer satisfaction&#8230;.<\/span><\/p><p style=\"text-align: right;\"><span style=\"color: #333333;\">Our Founder Lioubov Tchernova<\/span><\/p>\t\t\t\t\t\t\t\t<\/div>\n\t\t\t\t\t<\/div>\n\t\t<\/div>\n\t\t\t\t\t<\/div>\n\t\t<\/section>\n\t\t\t\t<\/div>\n\t\t","protected":false},"excerpt":{"rendered":"<p>Biography Lioubov Tchernova was born in 1980 in Kazan, Tatarstan. She came to Istanbul, Turkey in 2001 for commercial purposes<\/p>\n","protected":false},"author":1,"featured_media":0,"parent":0,"menu_order":0,"comment_status":"closed","ping_status":"closed","template":"elementor_header_footer","meta":{"footnotes":""},"class_list":["post-11354","page","type-page","status-publish","hentry"],"yoast_head":"<!-- This site is optimized with the Yoast SEO Premium plugin v27.3 (Yoast SEO v27.5) - https:\/\/yoast.com\/product\/yoast-seo-premium-wordpress\/ -->\n<title>Who is Lioubov Tchernova? About Nailyuba | Nailyuba | Ata\u015fehir Protez ve Jel T\u0131rnak Merkezi | Nail<\/title>\n<meta name=\"description\" content=\"Who is Lioubov Tchernova, the founder of Nailyuba? You can read her biography on the page and get to know our Nailyuba brand closely.\" \/>\n<meta name=\"robots\" content=\"index, follow, max-snippet:-1, max-image-preview:large, max-video-preview:-1\" \/>\n<link rel=\"canonical\" href=\"https:\/\/www.nailyuba.com\/en\/who-are-we\/\" \/>\n<meta property=\"og:locale\" content=\"en_US\" \/>\n<meta property=\"og:type\" content=\"article\" \/>\n<meta property=\"og:title\" content=\"Biography\" \/>\n<meta property=\"og:description\" content=\"Who is Lioubov Tchernova, the founder of Nailyuba? You can read her biography on the page and get to know our Nailyuba brand closely.\" \/>\n<meta property=\"og:url\" content=\"https:\/\/www.nailyuba.com\/en\/who-are-we\/\" \/>\n<meta property=\"og:site_name\" content=\"Nailyuba | Ata\u015fehir Protez ve Jel T\u0131rnak Merkezi\" \/>\n<meta property=\"article:publisher\" content=\"https:\/\/www.facebook.com\/NaiLyuba\/\" \/>\n<meta property=\"article:modified_time\" content=\"2025-07-05T14:41:17+00:00\" \/>\n<meta property=\"og:image\" content=\"https:\/\/www.nailyuba.com\/wp-content\/uploads\/2025\/04\/f1f8bdd8-d481-41b5-b541-8bdc6b4b5cdd-1.webp\" \/>\n<meta name=\"twitter:card\" content=\"summary_large_image\" \/>\n<meta name=\"twitter:site\" content=\"@nailyuba\" \/>\n<meta name=\"twitter:label1\" content=\"Est. reading time\" \/>\n\t<meta name=\"twitter:data1\" content=\"2 minutes\" \/>\n<script type=\"application\/ld+json\" class=\"yoast-schema-graph\">{\"@context\":\"https:\\\/\\\/schema.org\",\"@graph\":[{\"@type\":[\"Article\",\"BlogPosting\"],\"@id\":\"https:\\\/\\\/www.nailyuba.com\\\/en\\\/who-are-we\\\/#article\",\"isPartOf\":{\"@id\":\"https:\\\/\\\/www.nailyuba.com\\\/en\\\/who-are-we\\\/\"},\"author\":{\"name\":\"Lyuba Tchernova\",\"@id\":\"https:\\\/\\\/www.nailyuba.com\\\/en\\\/#\\\/schema\\\/person\\\/71645f095db3afed319a637579afa259\"},\"headline\":\"Biography\",\"datePublished\":\"2021-04-29T11:42:11+00:00\",\"dateModified\":\"2025-07-05T14:41:17+00:00\",\"mainEntityOfPage\":{\"@id\":\"https:\\\/\\\/www.nailyuba.com\\\/en\\\/who-are-we\\\/\"},\"wordCount\":192,\"publisher\":{\"@id\":\"https:\\\/\\\/www.nailyuba.com\\\/en\\\/#organization\"},\"image\":{\"@id\":\"https:\\\/\\\/www.nailyuba.com\\\/en\\\/who-are-we\\\/#primaryimage\"},\"thumbnailUrl\":\"https:\\\/\\\/www.nailyuba.com\\\/wp-content\\\/uploads\\\/2025\\\/04\\\/f1f8bdd8-d481-41b5-b541-8bdc6b4b5cdd-1.webp\",\"inLanguage\":\"en-US\"},{\"@type\":\"WebPage\",\"@id\":\"https:\\\/\\\/www.nailyuba.com\\\/en\\\/who-are-we\\\/\",\"url\":\"https:\\\/\\\/www.nailyuba.com\\\/en\\\/who-are-we\\\/\",\"name\":\"Who is Lioubov Tchernova? About Nailyuba | Nailyuba | Ata\u015fehir Protez ve Jel T\u0131rnak Merkezi | Nail\",\"isPartOf\":{\"@id\":\"https:\\\/\\\/www.nailyuba.com\\\/en\\\/#website\"},\"primaryImageOfPage\":{\"@id\":\"https:\\\/\\\/www.nailyuba.com\\\/en\\\/who-are-we\\\/#primaryimage\"},\"image\":{\"@id\":\"https:\\\/\\\/www.nailyuba.com\\\/en\\\/who-are-we\\\/#primaryimage\"},\"thumbnailUrl\":\"https:\\\/\\\/www.nailyuba.com\\\/wp-content\\\/uploads\\\/2025\\\/04\\\/f1f8bdd8-d481-41b5-b541-8bdc6b4b5cdd-1.webp\",\"datePublished\":\"2021-04-29T11:42:11+00:00\",\"dateModified\":\"2025-07-05T14:41:17+00:00\",\"description\":\"Who is Lioubov Tchernova, the founder of Nailyuba? You can read her biography on the page and get to know our Nailyuba brand closely.\",\"breadcrumb\":{\"@id\":\"https:\\\/\\\/www.nailyuba.com\\\/en\\\/who-are-we\\\/#breadcrumb\"},\"inLanguage\":\"en-US\",\"potentialAction\":[{\"@type\":\"ReadAction\",\"target\":[\"https:\\\/\\\/www.nailyuba.com\\\/en\\\/who-are-we\\\/\"]}]},{\"@type\":\"ImageObject\",\"inLanguage\":\"en-US\",\"@id\":\"https:\\\/\\\/www.nailyuba.com\\\/en\\\/who-are-we\\\/#primaryimage\",\"url\":\"https:\\\/\\\/www.nailyuba.com\\\/wp-content\\\/uploads\\\/2025\\\/04\\\/f1f8bdd8-d481-41b5-b541-8bdc6b4b5cdd-1.webp\",\"contentUrl\":\"https:\\\/\\\/www.nailyuba.com\\\/wp-content\\\/uploads\\\/2025\\\/04\\\/f1f8bdd8-d481-41b5-b541-8bdc6b4b5cdd-1.webp\"},{\"@type\":\"BreadcrumbList\",\"@id\":\"https:\\\/\\\/www.nailyuba.com\\\/en\\\/who-are-we\\\/#breadcrumb\",\"itemListElement\":[{\"@type\":\"ListItem\",\"position\":1,\"name\":\"Anasayfa\",\"item\":\"https:\\\/\\\/www.nailyuba.com\\\/en\\\/\"},{\"@type\":\"ListItem\",\"position\":2,\"name\":\"Biography\"}]},{\"@type\":\"WebSite\",\"@id\":\"https:\\\/\\\/www.nailyuba.com\\\/en\\\/#website\",\"url\":\"https:\\\/\\\/www.nailyuba.com\\\/en\\\/\",\"name\":\"Nailyuba | Ata\u015fehir Protez ve Jel T\u0131rnak Merkezi\",\"description\":\"T\u0131rnak Sanat\u0131\",\"publisher\":{\"@id\":\"https:\\\/\\\/www.nailyuba.com\\\/en\\\/#organization\"},\"potentialAction\":[{\"@type\":\"SearchAction\",\"target\":{\"@type\":\"EntryPoint\",\"urlTemplate\":\"https:\\\/\\\/www.nailyuba.com\\\/en\\\/?s={search_term_string}\"},\"query-input\":{\"@type\":\"PropertyValueSpecification\",\"valueRequired\":true,\"valueName\":\"search_term_string\"}}],\"inLanguage\":\"en-US\"},{\"@type\":\"Organization\",\"@id\":\"https:\\\/\\\/www.nailyuba.com\\\/en\\\/#organization\",\"name\":\"Nailyuba\",\"alternateName\":\"NaiLyuba\",\"url\":\"https:\\\/\\\/www.nailyuba.com\\\/en\\\/\",\"logo\":{\"@type\":\"ImageObject\",\"inLanguage\":\"en-US\",\"@id\":\"https:\\\/\\\/www.nailyuba.com\\\/en\\\/#\\\/schema\\\/logo\\\/image\\\/\",\"url\":\"https:\\\/\\\/www.nailyuba.com\\\/wp-content\\\/uploads\\\/2026\\\/01\\\/cropped-nailyuba.png\",\"contentUrl\":\"https:\\\/\\\/www.nailyuba.com\\\/wp-content\\\/uploads\\\/2026\\\/01\\\/cropped-nailyuba.png\",\"width\":512,\"height\":512,\"caption\":\"Nailyuba\"},\"image\":{\"@id\":\"https:\\\/\\\/www.nailyuba.com\\\/en\\\/#\\\/schema\\\/logo\\\/image\\\/\"},\"sameAs\":[\"https:\\\/\\\/www.facebook.com\\\/NaiLyuba\\\/\",\"https:\\\/\\\/x.com\\\/nailyuba\",\"https:\\\/\\\/www.instagram.com\\\/nailyuba\\\/\",\"https:\\\/\\\/www.youtube.com\\\/channel\\\/UC1awlGOzpUbufxnVj2ga-OQ\",\"https:\\\/\\\/www.tiktok.com\\\/@nailyuba\",\"https:\\\/\\\/www.linkedin.com\\\/company\\\/nailyuba\\\/about\\\/\"],\"foundingDate\":\"2020-02-27\"},{\"@type\":\"Person\",\"@id\":\"https:\\\/\\\/www.nailyuba.com\\\/en\\\/#\\\/schema\\\/person\\\/71645f095db3afed319a637579afa259\",\"name\":\"Lyuba Tchernova\",\"description\":\"Lyuba Tchernova, 2010 y\u0131l\u0131ndan bu yana t\u0131rnak sa\u011fl\u0131\u011f\u0131 ve medikal estetik alan\u0131nda uzmanla\u015fm\u0131\u015f, uluslararas\u0131 sertifikal\u0131 bir Usta \u00d6\u011freticidir. Kad\u0131k\u00f6y \u015eifa Hastanesi'nde edindi\u011fi medikal sterilizasyon disiplinini, Rusya ve Ukrayna'da ald\u0131\u011f\u0131 Master Class (Russian School) e\u011fitimleriyle birle\u015ftirerek 2020'de Ata\u015fehir'deki Nailyuba T\u0131rnak Sanat\u0131 Merkezi'ni kurmu\u015ftur. Podoloji tabanl\u0131 medikal bak\u0131m ve ileri seviye t\u0131rnak kimyas\u0131 alanlar\u0131nda sekt\u00f6r otoritelerinden biridir.\",\"sameAs\":[\"https:\\\/\\\/www.nailyuba.com\"],\"honorificPrefix\":\"Usta \u00d6\u011fretici\",\"gender\":\"kad\u0131n\",\"award\":[\"Usta \u00d6\u011freticilik Belgesi (2017)\",\"Uluslararas\u0131 Master Class Sertifikas\u0131\"],\"knowsAbout\":[\"Medikal Ayak Bak\u0131m\u0131 (Podoloji)\",\"Protez ve Jel T\u0131rnak Kimyas\u0131\",\"Rus Tekni\u011fi (Russian Manicure)\",\"Dipping T\u0131rnak\",\"Kombi Manik\u00fcr\"],\"knowsLanguage\":[\"T\u00fcrk\u00e7e\",\"Rus\u00e7a\",\"\u0130ngilizce\"],\"jobTitle\":\"Kurucu ve Master E\u011fitmen\",\"worksFor\":\"NaiLyuba Ata\u015fehir Protez Jel T\u0131rnak Kal\u0131c\u0131 Oje Salonu\"}]}<\/script>\n<!-- \/ Yoast SEO Premium plugin. -->","yoast_head_json":{"title":"Who is Lioubov Tchernova? About Nailyuba | Nailyuba | Ata\u015fehir Protez ve Jel T\u0131rnak Merkezi | Nail","description":"Who is Lioubov Tchernova, the founder of Nailyuba? You can read her biography on the page and get to know our Nailyuba brand closely.","robots":{"index":"index","follow":"follow","max-snippet":"max-snippet:-1","max-image-preview":"max-image-preview:large","max-video-preview":"max-video-preview:-1"},"canonical":"https:\/\/www.nailyuba.com\/en\/who-are-we\/","og_locale":"en_US","og_type":"article","og_title":"Biography","og_description":"Who is Lioubov Tchernova, the founder of Nailyuba? You can read her biography on the page and get to know our Nailyuba brand closely.","og_url":"https:\/\/www.nailyuba.com\/en\/who-are-we\/","og_site_name":"Nailyuba | Ata\u015fehir Protez ve Jel T\u0131rnak Merkezi","article_publisher":"https:\/\/www.facebook.com\/NaiLyuba\/","article_modified_time":"2025-07-05T14:41:17+00:00","og_image":[{"url":"https:\/\/www.nailyuba.com\/wp-content\/uploads\/2025\/04\/f1f8bdd8-d481-41b5-b541-8bdc6b4b5cdd-1.webp","type":"","width":"","height":""}],"twitter_card":"summary_large_image","twitter_site":"@nailyuba","twitter_misc":{"Est. reading time":"2 minutes"},"schema":{"@context":"https:\/\/schema.org","@graph":[{"@type":["Article","BlogPosting"],"@id":"https:\/\/www.nailyuba.com\/en\/who-are-we\/#article","isPartOf":{"@id":"https:\/\/www.nailyuba.com\/en\/who-are-we\/"},"author":{"name":"Lyuba Tchernova","@id":"https:\/\/www.nailyuba.com\/en\/#\/schema\/person\/71645f095db3afed319a637579afa259"},"headline":"Biography","datePublished":"2021-04-29T11:42:11+00:00","dateModified":"2025-07-05T14:41:17+00:00","mainEntityOfPage":{"@id":"https:\/\/www.nailyuba.com\/en\/who-are-we\/"},"wordCount":192,"publisher":{"@id":"https:\/\/www.nailyuba.com\/en\/#organization"},"image":{"@id":"https:\/\/www.nailyuba.com\/en\/who-are-we\/#primaryimage"},"thumbnailUrl":"https:\/\/www.nailyuba.com\/wp-content\/uploads\/2025\/04\/f1f8bdd8-d481-41b5-b541-8bdc6b4b5cdd-1.webp","inLanguage":"en-US"},{"@type":"WebPage","@id":"https:\/\/www.nailyuba.com\/en\/who-are-we\/","url":"https:\/\/www.nailyuba.com\/en\/who-are-we\/","name":"Who is Lioubov Tchernova? About Nailyuba | Nailyuba | Ata\u015fehir Protez ve Jel T\u0131rnak Merkezi | Nail","isPartOf":{"@id":"https:\/\/www.nailyuba.com\/en\/#website"},"primaryImageOfPage":{"@id":"https:\/\/www.nailyuba.com\/en\/who-are-we\/#primaryimage"},"image":{"@id":"https:\/\/www.nailyuba.com\/en\/who-are-we\/#primaryimage"},"thumbnailUrl":"https:\/\/www.nailyuba.com\/wp-content\/uploads\/2025\/04\/f1f8bdd8-d481-41b5-b541-8bdc6b4b5cdd-1.webp","datePublished":"2021-04-29T11:42:11+00:00","dateModified":"2025-07-05T14:41:17+00:00","description":"Who is Lioubov Tchernova, the founder of Nailyuba? You can read her biography on the page and get to know our Nailyuba brand closely.","breadcrumb":{"@id":"https:\/\/www.nailyuba.com\/en\/who-are-we\/#breadcrumb"},"inLanguage":"en-US","potentialAction":[{"@type":"ReadAction","target":["https:\/\/www.nailyuba.com\/en\/who-are-we\/"]}]},{"@type":"ImageObject","inLanguage":"en-US","@id":"https:\/\/www.nailyuba.com\/en\/who-are-we\/#primaryimage","url":"https:\/\/www.nailyuba.com\/wp-content\/uploads\/2025\/04\/f1f8bdd8-d481-41b5-b541-8bdc6b4b5cdd-1.webp","contentUrl":"https:\/\/www.nailyuba.com\/wp-content\/uploads\/2025\/04\/f1f8bdd8-d481-41b5-b541-8bdc6b4b5cdd-1.webp"},{"@type":"BreadcrumbList","@id":"https:\/\/www.nailyuba.com\/en\/who-are-we\/#breadcrumb","itemListElement":[{"@type":"ListItem","position":1,"name":"Anasayfa","item":"https:\/\/www.nailyuba.com\/en\/"},{"@type":"ListItem","position":2,"name":"Biography"}]},{"@type":"WebSite","@id":"https:\/\/www.nailyuba.com\/en\/#website","url":"https:\/\/www.nailyuba.com\/en\/","name":"Nailyuba | Ata\u015fehir Protez ve Jel T\u0131rnak Merkezi","description":"T\u0131rnak Sanat\u0131","publisher":{"@id":"https:\/\/www.nailyuba.com\/en\/#organization"},"potentialAction":[{"@type":"SearchAction","target":{"@type":"EntryPoint","urlTemplate":"https:\/\/www.nailyuba.com\/en\/?s={search_term_string}"},"query-input":{"@type":"PropertyValueSpecification","valueRequired":true,"valueName":"search_term_string"}}],"inLanguage":"en-US"},{"@type":"Organization","@id":"https:\/\/www.nailyuba.com\/en\/#organization","name":"Nailyuba","alternateName":"NaiLyuba","url":"https:\/\/www.nailyuba.com\/en\/","logo":{"@type":"ImageObject","inLanguage":"en-US","@id":"https:\/\/www.nailyuba.com\/en\/#\/schema\/logo\/image\/","url":"https:\/\/www.nailyuba.com\/wp-content\/uploads\/2026\/01\/cropped-nailyuba.png","contentUrl":"https:\/\/www.nailyuba.com\/wp-content\/uploads\/2026\/01\/cropped-nailyuba.png","width":512,"height":512,"caption":"Nailyuba"},"image":{"@id":"https:\/\/www.nailyuba.com\/en\/#\/schema\/logo\/image\/"},"sameAs":["https:\/\/www.facebook.com\/NaiLyuba\/","https:\/\/x.com\/nailyuba","https:\/\/www.instagram.com\/nailyuba\/","https:\/\/www.youtube.com\/channel\/UC1awlGOzpUbufxnVj2ga-OQ","https:\/\/www.tiktok.com\/@nailyuba","https:\/\/www.linkedin.com\/company\/nailyuba\/about\/"],"foundingDate":"2020-02-27"},{"@type":"Person","@id":"https:\/\/www.nailyuba.com\/en\/#\/schema\/person\/71645f095db3afed319a637579afa259","name":"Lyuba Tchernova","description":"Lyuba Tchernova, 2010 y\u0131l\u0131ndan bu yana t\u0131rnak sa\u011fl\u0131\u011f\u0131 ve medikal estetik alan\u0131nda uzmanla\u015fm\u0131\u015f, uluslararas\u0131 sertifikal\u0131 bir Usta \u00d6\u011freticidir. Kad\u0131k\u00f6y \u015eifa Hastanesi'nde edindi\u011fi medikal sterilizasyon disiplinini, Rusya ve Ukrayna'da ald\u0131\u011f\u0131 Master Class (Russian School) e\u011fitimleriyle birle\u015ftirerek 2020'de Ata\u015fehir'deki Nailyuba T\u0131rnak Sanat\u0131 Merkezi'ni kurmu\u015ftur. Podoloji tabanl\u0131 medikal bak\u0131m ve ileri seviye t\u0131rnak kimyas\u0131 alanlar\u0131nda sekt\u00f6r otoritelerinden biridir.","sameAs":["https:\/\/www.nailyuba.com"],"honorificPrefix":"Usta \u00d6\u011fretici","gender":"kad\u0131n","award":["Usta \u00d6\u011freticilik Belgesi (2017)","Uluslararas\u0131 Master Class Sertifikas\u0131"],"knowsAbout":["Medikal Ayak Bak\u0131m\u0131 (Podoloji)","Protez ve Jel T\u0131rnak Kimyas\u0131","Rus Tekni\u011fi (Russian Manicure)","Dipping T\u0131rnak","Kombi Manik\u00fcr"],"knowsLanguage":["T\u00fcrk\u00e7e","Rus\u00e7a","\u0130ngilizce"],"jobTitle":"Kurucu ve Master E\u011fitmen","worksFor":"NaiLyuba Ata\u015fehir Protez Jel T\u0131rnak Kal\u0131c\u0131 Oje Salonu"}]}},"_links":{"self":[{"href":"https:\/\/www.nailyuba.com\/en\/wp-json\/wp\/v2\/pages\/11354","targetHints":{"allow":["GET"]}}],"collection":[{"href":"https:\/\/www.nailyuba.com\/en\/wp-json\/wp\/v2\/pages"}],"about":[{"href":"https:\/\/www.nailyuba.com\/en\/wp-json\/wp\/v2\/types\/page"}],"author":[{"embeddable":true,"href":"https:\/\/www.nailyuba.com\/en\/wp-json\/wp\/v2\/users\/1"}],"replies":[{"embeddable":true,"href":"https:\/\/www.nailyuba.com\/en\/wp-json\/wp\/v2\/comments?post=11354"}],"version-history":[{"count":4,"href":"https:\/\/www.nailyuba.com\/en\/wp-json\/wp\/v2\/pages\/11354\/revisions"}],"predecessor-version":[{"id":21466,"href":"https:\/\/www.nailyuba.com\/en\/wp-json\/wp\/v2\/pages\/11354\/revisions\/21466"}],"wp:attachment":[{"href":"https:\/\/www.nailyuba.com\/en\/wp-json\/wp\/v2\/media?parent=11354"}],"curies":[{"name":"wp","href":"https:\/\/api.w.org\/{rel}","templated":true}]}}